{"id":214316,"date":"2025-02-21T17:16:29","date_gmt":"2025-02-21T16:16:29","guid":{"rendered":"https:\/\/www.voustenshoes.com\/santoni-yazid-40732-2\/"},"modified":"2026-03-05T01:09:09","modified_gmt":"2026-03-05T00:09:09","slug":"santoni-yazid-40732-2","status":"publish","type":"product","link":"https:\/\/www.voustenshoes.com\/fr\/santoni-yazid-40732-2\/","title":{"rendered":"SANTONI &#8211; Yazid (40732)\u00a0"},"content":{"rendered":"<div>C&rsquo;est une chaussure \u00e0 la cheville en cuir daim et sans lacets.<\/div>\n<ul>\n<li>Largeur : standard \u00e0 spacieuse<\/li>\n<li>Fermeture : aucune<\/li>\n<li>D\u00e9tail : coutures d\u00e9coratives<\/li>\n<li>Ext\u00e9rieur : cuir daim<\/li>\n<li>Int\u00e9rieur : cuir<\/li>\n<li>Construction de la semelle : caoutchouc<\/li>\n<li>Taille standard<\/li>\n<li>Ceinture assortie possible<\/li>\n<li>Ces chaussures Santoni sont fabriqu\u00e9es \u00e0 la main en Italie<\/li>\n<\/ul>\n<div>Livr\u00e9 dans la bo\u00eete d&rsquo;origine Santoni, avec sacs \u00e0 poussi\u00e8re qui l&rsquo;accompagnent.<\/div>\n","protected":false},"excerpt":{"rendered":"<p>C&rsquo;est une chaussure \u00e0 la cheville en cuir daim et sans lacets. Largeur : standard \u00e0 spacieuse Fermeture : aucune D\u00e9tail : coutures d\u00e9coratives Ext\u00e9rieur : cuir daim Int\u00e9rieur : cuir Construction de la semelle : caoutchouc Taille standard Ceinture assortie possible Ces chaussures Santoni sont fabriqu\u00e9es \u00e0 la main en Italie Livr\u00e9 dans la [&#8230;]\n","protected":false},"featured_media":214244,"comment_status":"open","ping_status":"closed","template":"","meta":{"rank_math_lock_modified_date":false},"product_cat":[1417,1114,1129,1136,1171,1176,1254,1272],"product_tag":[],"class_list":{"0":"post-214316","1":"product","2":"type-product","3":"status-publish","4":"has-post-thumbnail","6":"product_cat-sneakers-instap-fr","7":"product_cat-lage-santoni-sneakers-en-2-fr","8":"product_cat-herenschoenen-nl-fr","9":"product_cat-heren-nl-fr","10":"product_cat-schoenen-nl-fr","11":"product_cat-santoni-nl-fr","12":"product_cat-vousten-sports-nl-fr","13":"product_cat-sneakers-nl-fr","15":"first","16":"instock","17":"taxable","18":"shipping-taxable","19":"purchasable","20":"product-type-variable"},"acf":[],"yoast_head":"<!-- This site is optimized with the Yoast SEO plugin v23.9 - https:\/\/yoast.com\/wordpress\/plugins\/seo\/ -->\n<title>SANTONI - Yazid (40732)\u00a0 - Vousten Shoes<\/title>\n<meta name=\"robots\" content=\"index, follow, max-snippet:-1, max-image-preview:large, max-video-preview:-1\" \/>\n<link rel=\"canonical\" href=\"https:\/\/www.voustenshoes.com\/fr\/santoni-yazid-40732-2\/\" \/>\n<meta property=\"og:locale\" content=\"fr_FR\" \/>\n<meta property=\"og:type\" content=\"article\" \/>\n<meta property=\"og:title\" content=\"SANTONI - Yazid (40732)\u00a0 - Vousten Shoes\" \/>\n<meta property=\"og:description\" content=\"C&rsquo;est une chaussure \u00e0 la cheville en cuir daim et sans lacets. Largeur : standard \u00e0 spacieuse Fermeture : aucune D\u00e9tail : coutures d\u00e9coratives Ext\u00e9rieur : cuir daim Int\u00e9rieur : cuir Construction de la semelle : caoutchouc Taille standard Ceinture assortie possible Ces chaussures Santoni sont fabriqu\u00e9es \u00e0 la main en Italie Livr\u00e9 dans la [...]\" \/>\n<meta property=\"og:url\" content=\"https:\/\/www.voustenshoes.com\/fr\/santoni-yazid-40732-2\/\" \/>\n<meta property=\"og:site_name\" content=\"Vousten Shoes\" \/>\n<meta property=\"article:modified_time\" content=\"2026-03-05T00:09:09+00:00\" \/>\n<meta property=\"og:image\" content=\"https:\/\/www.voustenshoes.com\/wp-content\/uploads\/2023\/06\/Santoni-Yazid-40732.png\" \/>\n\t<meta property=\"og:image:width\" content=\"1365\" \/>\n\t<meta property=\"og:image:height\" content=\"1365\" \/>\n\t<meta property=\"og:image:type\" content=\"image\/png\" \/>\n<meta name=\"twitter:card\" content=\"summary_large_image\" \/>\n<script type=\"application\/ld+json\" class=\"yoast-schema-graph\">{\"@context\":\"https:\/\/schema.org\",\"@graph\":[{\"@type\":\"WebPage\",\"@id\":\"https:\/\/www.voustenshoes.com\/fr\/santoni-yazid-40732-2\/\",\"url\":\"https:\/\/www.voustenshoes.com\/fr\/santoni-yazid-40732-2\/\",\"name\":\"SANTONI - Yazid (40732)\u00a0 - Vousten Shoes\",\"isPartOf\":{\"@id\":\"https:\/\/www.voustenshoes.com\/nl\/#website\"},\"primaryImageOfPage\":{\"@id\":\"https:\/\/www.voustenshoes.com\/fr\/santoni-yazid-40732-2\/#primaryimage\"},\"image\":{\"@id\":\"https:\/\/www.voustenshoes.com\/fr\/santoni-yazid-40732-2\/#primaryimage\"},\"thumbnailUrl\":\"https:\/\/www.voustenshoes.com\/wp-content\/uploads\/2023\/06\/Santoni-Yazid-40732.png\",\"datePublished\":\"2025-02-21T16:16:29+00:00\",\"dateModified\":\"2026-03-05T00:09:09+00:00\",\"breadcrumb\":{\"@id\":\"https:\/\/www.voustenshoes.com\/fr\/santoni-yazid-40732-2\/#breadcrumb\"},\"inLanguage\":\"fr-FR\",\"potentialAction\":[{\"@type\":\"ReadAction\",\"target\":[\"https:\/\/www.voustenshoes.com\/fr\/santoni-yazid-40732-2\/\"]}]},{\"@type\":\"ImageObject\",\"inLanguage\":\"fr-FR\",\"@id\":\"https:\/\/www.voustenshoes.com\/fr\/santoni-yazid-40732-2\/#primaryimage\",\"url\":\"https:\/\/www.voustenshoes.com\/wp-content\/uploads\/2023\/06\/Santoni-Yazid-40732.png\",\"contentUrl\":\"https:\/\/www.voustenshoes.com\/wp-content\/uploads\/2023\/06\/Santoni-Yazid-40732.png\",\"width\":1365,\"height\":1365},{\"@type\":\"BreadcrumbList\",\"@id\":\"https:\/\/www.voustenshoes.com\/fr\/santoni-yazid-40732-2\/#breadcrumb\",\"itemListElement\":[{\"@type\":\"ListItem\",\"position\":1,\"name\":\"Home\",\"item\":\"https:\/\/www.voustenshoes.com\/fr\/\"},{\"@type\":\"ListItem\",\"position\":2,\"name\":\"Boutique\",\"item\":\"https:\/\/www.voustenshoes.com\/fr\/shop\/\"},{\"@type\":\"ListItem\",\"position\":3,\"name\":\"SANTONI &#8211; Yazid (40732)\u00a0\"}]},{\"@type\":\"WebSite\",\"@id\":\"https:\/\/www.voustenshoes.com\/nl\/#website\",\"url\":\"https:\/\/www.voustenshoes.com\/nl\/\",\"name\":\"Vousten Shoes\",\"description\":\"\",\"potentialAction\":[{\"@type\":\"SearchAction\",\"target\":{\"@type\":\"EntryPoint\",\"urlTemplate\":\"https:\/\/www.voustenshoes.com\/nl\/?s={search_term_string}\"},\"query-input\":{\"@type\":\"PropertyValueSpecification\",\"valueRequired\":true,\"valueName\":\"search_term_string\"}}],\"inLanguage\":\"fr-FR\"}]}<\/script>\n<!-- \/ Yoast SEO plugin. -->","yoast_head_json":{"title":"SANTONI - Yazid (40732)\u00a0 - Vousten Shoes","robots":{"index":"index","follow":"follow","max-snippet":"max-snippet:-1","max-image-preview":"max-image-preview:large","max-video-preview":"max-video-preview:-1"},"canonical":"https:\/\/www.voustenshoes.com\/fr\/santoni-yazid-40732-2\/","og_locale":"fr_FR","og_type":"article","og_title":"SANTONI - Yazid (40732)\u00a0 - Vousten Shoes","og_description":"C&rsquo;est une chaussure \u00e0 la cheville en cuir daim et sans lacets. Largeur : standard \u00e0 spacieuse Fermeture : aucune D\u00e9tail : coutures d\u00e9coratives Ext\u00e9rieur : cuir daim Int\u00e9rieur : cuir Construction de la semelle : caoutchouc Taille standard Ceinture assortie possible Ces chaussures Santoni sont fabriqu\u00e9es \u00e0 la main en Italie Livr\u00e9 dans la [...]","og_url":"https:\/\/www.voustenshoes.com\/fr\/santoni-yazid-40732-2\/","og_site_name":"Vousten Shoes","article_modified_time":"2026-03-05T00:09:09+00:00","og_image":[{"width":1365,"height":1365,"url":"https:\/\/www.voustenshoes.com\/wp-content\/uploads\/2023\/06\/Santoni-Yazid-40732.png","type":"image\/png"}],"twitter_card":"summary_large_image","schema":{"@context":"https:\/\/schema.org","@graph":[{"@type":"WebPage","@id":"https:\/\/www.voustenshoes.com\/fr\/santoni-yazid-40732-2\/","url":"https:\/\/www.voustenshoes.com\/fr\/santoni-yazid-40732-2\/","name":"SANTONI - Yazid (40732)\u00a0 - Vousten Shoes","isPartOf":{"@id":"https:\/\/www.voustenshoes.com\/nl\/#website"},"primaryImageOfPage":{"@id":"https:\/\/www.voustenshoes.com\/fr\/santoni-yazid-40732-2\/#primaryimage"},"image":{"@id":"https:\/\/www.voustenshoes.com\/fr\/santoni-yazid-40732-2\/#primaryimage"},"thumbnailUrl":"https:\/\/www.voustenshoes.com\/wp-content\/uploads\/2023\/06\/Santoni-Yazid-40732.png","datePublished":"2025-02-21T16:16:29+00:00","dateModified":"2026-03-05T00:09:09+00:00","breadcrumb":{"@id":"https:\/\/www.voustenshoes.com\/fr\/santoni-yazid-40732-2\/#breadcrumb"},"inLanguage":"fr-FR","potentialAction":[{"@type":"ReadAction","target":["https:\/\/www.voustenshoes.com\/fr\/santoni-yazid-40732-2\/"]}]},{"@type":"ImageObject","inLanguage":"fr-FR","@id":"https:\/\/www.voustenshoes.com\/fr\/santoni-yazid-40732-2\/#primaryimage","url":"https:\/\/www.voustenshoes.com\/wp-content\/uploads\/2023\/06\/Santoni-Yazid-40732.png","contentUrl":"https:\/\/www.voustenshoes.com\/wp-content\/uploads\/2023\/06\/Santoni-Yazid-40732.png","width":1365,"height":1365},{"@type":"BreadcrumbList","@id":"https:\/\/www.voustenshoes.com\/fr\/santoni-yazid-40732-2\/#breadcrumb","itemListElement":[{"@type":"ListItem","position":1,"name":"Home","item":"https:\/\/www.voustenshoes.com\/fr\/"},{"@type":"ListItem","position":2,"name":"Boutique","item":"https:\/\/www.voustenshoes.com\/fr\/shop\/"},{"@type":"ListItem","position":3,"name":"SANTONI &#8211; Yazid (40732)\u00a0"}]},{"@type":"WebSite","@id":"https:\/\/www.voustenshoes.com\/nl\/#website","url":"https:\/\/www.voustenshoes.com\/nl\/","name":"Vousten Shoes","description":"","potentialAction":[{"@type":"SearchAction","target":{"@type":"EntryPoint","urlTemplate":"https:\/\/www.voustenshoes.com\/nl\/?s={search_term_string}"},"query-input":{"@type":"PropertyValueSpecification","valueRequired":true,"valueName":"search_term_string"}}],"inLanguage":"fr-FR"}]}},"_links":{"self":[{"href":"https:\/\/www.voustenshoes.com\/fr\/wp-json\/wp\/v2\/product\/214316","targetHints":{"allow":["GET"]}}],"collection":[{"href":"https:\/\/www.voustenshoes.com\/fr\/wp-json\/wp\/v2\/product"}],"about":[{"href":"https:\/\/www.voustenshoes.com\/fr\/wp-json\/wp\/v2\/types\/product"}],"replies":[{"embeddable":true,"href":"https:\/\/www.voustenshoes.com\/fr\/wp-json\/wp\/v2\/comments?post=214316"}],"wp:featuredmedia":[{"embeddable":true,"href":"https:\/\/www.voustenshoes.com\/fr\/wp-json\/wp\/v2\/media\/214244"}],"wp:attachment":[{"href":"https:\/\/www.voustenshoes.com\/fr\/wp-json\/wp\/v2\/media?parent=214316"}],"wp:term":[{"taxonomy":"product_cat","embeddable":true,"href":"https:\/\/www.voustenshoes.com\/fr\/wp-json\/wp\/v2\/product_cat?post=214316"},{"taxonomy":"product_tag","embeddable":true,"href":"https:\/\/www.voustenshoes.com\/fr\/wp-json\/wp\/v2\/product_tag?post=214316"}],"curies":[{"name":"wp","href":"https:\/\/api.w.org\/{rel}","templated":true}]}}