{"id":215725,"date":"2025-03-18T18:08:34","date_gmt":"2025-03-18T17:08:34","guid":{"rendered":"https:\/\/www.voustenshoes.com\/santoni-dalmar-mocassins-en-cuir-verni-40748\/"},"modified":"2026-04-07T02:00:07","modified_gmt":"2026-04-07T00:00:07","slug":"santoni-dalmar-mocassins-en-cuir-verni-40748","status":"publish","type":"product","link":"https:\/\/www.voustenshoes.com\/fr\/santoni-dalmar-mocassins-en-cuir-verni-40748\/","title":{"rendered":"SANTONI &#8211; Dalmar Mocassins en cuir verni (40748)"},"content":{"rendered":"<div>Exprimez un charme exclusif et une \u00e9l\u00e9gance formelle dans ce mocassin sophistiqu\u00e9 pour homme, fabriqu\u00e9 en cuir verni noir. Ce mocassin pr\u00e9sente une silhouette \u00e9l\u00e9gante et effil\u00e9e avec des finitions en gros-grain ton sur ton. Le r\u00e9sultat ? Une superbe chaussure de soir\u00e9e pour les occasions les plus importantes de la vie.<\/div>\n<div>Parfaites avec un smoking.<\/div>\n<ul>\n<li>Largeur : standard \u00e0 large<\/li>\n<li>Fermeture : aucune<\/li>\n<li>Ext\u00e9rieur : cuir verni<\/li>\n<li>Int\u00e9rieur : cuir<\/li>\n<li>Semelle : cuir<\/li>\n<li>Taille standard<\/li>\n<li>Ces chaussures Santoni sont fabriqu\u00e9es \u00e0 la main en Italie.<\/li>\n<li>Livr\u00e9es dans l&#8217;emballage d&rsquo;origine Santoni avec sacs \u00e0 poussi\u00e8re assortis<\/li>\n<li>Fabriqu\u00e9 en Italie<\/li>\n<\/ul>\n","protected":false},"excerpt":{"rendered":"<p>Exprimez un charme exclusif et une \u00e9l\u00e9gance formelle dans ce mocassin sophistiqu\u00e9 pour homme, fabriqu\u00e9 en cuir verni noir. Ce mocassin pr\u00e9sente une silhouette \u00e9l\u00e9gante et effil\u00e9e avec des finitions en gros-grain ton sur ton. Le r\u00e9sultat ? Une superbe chaussure de soir\u00e9e pour les occasions les plus importantes de la vie. Parfaites avec un [&#8230;]\n","protected":false},"featured_media":215661,"comment_status":"open","ping_status":"closed","template":"","meta":{"rank_math_lock_modified_date":false},"product_cat":[1129,1136,1171,1176,1229],"product_tag":[],"class_list":{"0":"post-215725","1":"product","2":"type-product","3":"status-publish","4":"has-post-thumbnail","6":"product_cat-herenschoenen-nl-fr","7":"product_cat-heren-nl-fr","8":"product_cat-schoenen-nl-fr","9":"product_cat-santoni-nl-fr","10":"product_cat-loafers-nl-fr","12":"first","13":"instock","14":"taxable","15":"shipping-taxable","16":"purchasable","17":"product-type-variable"},"acf":[],"yoast_head":"<!-- This site is optimized with the Yoast SEO plugin v23.9 - https:\/\/yoast.com\/wordpress\/plugins\/seo\/ -->\n<title>SANTONI - Dalmar Mocassins en cuir verni (40748) - Vousten Shoes<\/title>\n<meta name=\"robots\" content=\"index, follow, max-snippet:-1, max-image-preview:large, max-video-preview:-1\" \/>\n<link rel=\"canonical\" href=\"https:\/\/www.voustenshoes.com\/fr\/santoni-dalmar-mocassins-en-cuir-verni-40748\/\" \/>\n<meta property=\"og:locale\" content=\"fr_FR\" \/>\n<meta property=\"og:type\" content=\"article\" \/>\n<meta property=\"og:title\" content=\"SANTONI - Dalmar Mocassins en cuir verni (40748) - Vousten Shoes\" \/>\n<meta property=\"og:description\" content=\"Exprimez un charme exclusif et une \u00e9l\u00e9gance formelle dans ce mocassin sophistiqu\u00e9 pour homme, fabriqu\u00e9 en cuir verni noir. Ce mocassin pr\u00e9sente une silhouette \u00e9l\u00e9gante et effil\u00e9e avec des finitions en gros-grain ton sur ton. Le r\u00e9sultat ? Une superbe chaussure de soir\u00e9e pour les occasions les plus importantes de la vie. Parfaites avec un [...]\" \/>\n<meta property=\"og:url\" content=\"https:\/\/www.voustenshoes.com\/fr\/santoni-dalmar-mocassins-en-cuir-verni-40748\/\" \/>\n<meta property=\"og:site_name\" content=\"Vousten Shoes\" \/>\n<meta property=\"article:modified_time\" content=\"2026-04-07T00:00:07+00:00\" \/>\n<meta property=\"og:image\" content=\"https:\/\/www.voustenshoes.com\/wp-content\/uploads\/2023\/06\/Santoni-Dalmar-40748.png\" \/>\n\t<meta property=\"og:image:width\" content=\"1920\" \/>\n\t<meta property=\"og:image:height\" content=\"1920\" \/>\n\t<meta property=\"og:image:type\" content=\"image\/png\" \/>\n<meta name=\"twitter:card\" content=\"summary_large_image\" \/>\n<meta name=\"twitter:label1\" content=\"Est. reading time\" \/>\n\t<meta name=\"twitter:data1\" content=\"1 minute\" \/>\n<script type=\"application\/ld+json\" class=\"yoast-schema-graph\">{\"@context\":\"https:\/\/schema.org\",\"@graph\":[{\"@type\":\"WebPage\",\"@id\":\"https:\/\/www.voustenshoes.com\/fr\/santoni-dalmar-mocassins-en-cuir-verni-40748\/\",\"url\":\"https:\/\/www.voustenshoes.com\/fr\/santoni-dalmar-mocassins-en-cuir-verni-40748\/\",\"name\":\"SANTONI - Dalmar Mocassins en cuir verni (40748) - Vousten Shoes\",\"isPartOf\":{\"@id\":\"https:\/\/www.voustenshoes.com\/nl\/#website\"},\"primaryImageOfPage\":{\"@id\":\"https:\/\/www.voustenshoes.com\/fr\/santoni-dalmar-mocassins-en-cuir-verni-40748\/#primaryimage\"},\"image\":{\"@id\":\"https:\/\/www.voustenshoes.com\/fr\/santoni-dalmar-mocassins-en-cuir-verni-40748\/#primaryimage\"},\"thumbnailUrl\":\"https:\/\/www.voustenshoes.com\/wp-content\/uploads\/2023\/06\/Santoni-Dalmar-40748.png\",\"datePublished\":\"2025-03-18T17:08:34+00:00\",\"dateModified\":\"2026-04-07T00:00:07+00:00\",\"breadcrumb\":{\"@id\":\"https:\/\/www.voustenshoes.com\/fr\/santoni-dalmar-mocassins-en-cuir-verni-40748\/#breadcrumb\"},\"inLanguage\":\"fr-FR\",\"potentialAction\":[{\"@type\":\"ReadAction\",\"target\":[\"https:\/\/www.voustenshoes.com\/fr\/santoni-dalmar-mocassins-en-cuir-verni-40748\/\"]}]},{\"@type\":\"ImageObject\",\"inLanguage\":\"fr-FR\",\"@id\":\"https:\/\/www.voustenshoes.com\/fr\/santoni-dalmar-mocassins-en-cuir-verni-40748\/#primaryimage\",\"url\":\"https:\/\/www.voustenshoes.com\/wp-content\/uploads\/2023\/06\/Santoni-Dalmar-40748.png\",\"contentUrl\":\"https:\/\/www.voustenshoes.com\/wp-content\/uploads\/2023\/06\/Santoni-Dalmar-40748.png\",\"width\":1920,\"height\":1920},{\"@type\":\"BreadcrumbList\",\"@id\":\"https:\/\/www.voustenshoes.com\/fr\/santoni-dalmar-mocassins-en-cuir-verni-40748\/#breadcrumb\",\"itemListElement\":[{\"@type\":\"ListItem\",\"position\":1,\"name\":\"Home\",\"item\":\"https:\/\/www.voustenshoes.com\/fr\/\"},{\"@type\":\"ListItem\",\"position\":2,\"name\":\"Boutique\",\"item\":\"https:\/\/www.voustenshoes.com\/fr\/shop\/\"},{\"@type\":\"ListItem\",\"position\":3,\"name\":\"SANTONI &#8211; Dalmar Mocassins en cuir verni (40748)\"}]},{\"@type\":\"WebSite\",\"@id\":\"https:\/\/www.voustenshoes.com\/nl\/#website\",\"url\":\"https:\/\/www.voustenshoes.com\/nl\/\",\"name\":\"Vousten Shoes\",\"description\":\"\",\"potentialAction\":[{\"@type\":\"SearchAction\",\"target\":{\"@type\":\"EntryPoint\",\"urlTemplate\":\"https:\/\/www.voustenshoes.com\/nl\/?s={search_term_string}\"},\"query-input\":{\"@type\":\"PropertyValueSpecification\",\"valueRequired\":true,\"valueName\":\"search_term_string\"}}],\"inLanguage\":\"fr-FR\"}]}<\/script>\n<!-- \/ Yoast SEO plugin. -->","yoast_head_json":{"title":"SANTONI - Dalmar Mocassins en cuir verni (40748) - Vousten Shoes","robots":{"index":"index","follow":"follow","max-snippet":"max-snippet:-1","max-image-preview":"max-image-preview:large","max-video-preview":"max-video-preview:-1"},"canonical":"https:\/\/www.voustenshoes.com\/fr\/santoni-dalmar-mocassins-en-cuir-verni-40748\/","og_locale":"fr_FR","og_type":"article","og_title":"SANTONI - Dalmar Mocassins en cuir verni (40748) - Vousten Shoes","og_description":"Exprimez un charme exclusif et une \u00e9l\u00e9gance formelle dans ce mocassin sophistiqu\u00e9 pour homme, fabriqu\u00e9 en cuir verni noir. Ce mocassin pr\u00e9sente une silhouette \u00e9l\u00e9gante et effil\u00e9e avec des finitions en gros-grain ton sur ton. Le r\u00e9sultat ? Une superbe chaussure de soir\u00e9e pour les occasions les plus importantes de la vie. Parfaites avec un [...]","og_url":"https:\/\/www.voustenshoes.com\/fr\/santoni-dalmar-mocassins-en-cuir-verni-40748\/","og_site_name":"Vousten Shoes","article_modified_time":"2026-04-07T00:00:07+00:00","og_image":[{"width":1920,"height":1920,"url":"https:\/\/www.voustenshoes.com\/wp-content\/uploads\/2023\/06\/Santoni-Dalmar-40748.png","type":"image\/png"}],"twitter_card":"summary_large_image","twitter_misc":{"Est. reading time":"1 minute"},"schema":{"@context":"https:\/\/schema.org","@graph":[{"@type":"WebPage","@id":"https:\/\/www.voustenshoes.com\/fr\/santoni-dalmar-mocassins-en-cuir-verni-40748\/","url":"https:\/\/www.voustenshoes.com\/fr\/santoni-dalmar-mocassins-en-cuir-verni-40748\/","name":"SANTONI - Dalmar Mocassins en cuir verni (40748) - Vousten Shoes","isPartOf":{"@id":"https:\/\/www.voustenshoes.com\/nl\/#website"},"primaryImageOfPage":{"@id":"https:\/\/www.voustenshoes.com\/fr\/santoni-dalmar-mocassins-en-cuir-verni-40748\/#primaryimage"},"image":{"@id":"https:\/\/www.voustenshoes.com\/fr\/santoni-dalmar-mocassins-en-cuir-verni-40748\/#primaryimage"},"thumbnailUrl":"https:\/\/www.voustenshoes.com\/wp-content\/uploads\/2023\/06\/Santoni-Dalmar-40748.png","datePublished":"2025-03-18T17:08:34+00:00","dateModified":"2026-04-07T00:00:07+00:00","breadcrumb":{"@id":"https:\/\/www.voustenshoes.com\/fr\/santoni-dalmar-mocassins-en-cuir-verni-40748\/#breadcrumb"},"inLanguage":"fr-FR","potentialAction":[{"@type":"ReadAction","target":["https:\/\/www.voustenshoes.com\/fr\/santoni-dalmar-mocassins-en-cuir-verni-40748\/"]}]},{"@type":"ImageObject","inLanguage":"fr-FR","@id":"https:\/\/www.voustenshoes.com\/fr\/santoni-dalmar-mocassins-en-cuir-verni-40748\/#primaryimage","url":"https:\/\/www.voustenshoes.com\/wp-content\/uploads\/2023\/06\/Santoni-Dalmar-40748.png","contentUrl":"https:\/\/www.voustenshoes.com\/wp-content\/uploads\/2023\/06\/Santoni-Dalmar-40748.png","width":1920,"height":1920},{"@type":"BreadcrumbList","@id":"https:\/\/www.voustenshoes.com\/fr\/santoni-dalmar-mocassins-en-cuir-verni-40748\/#breadcrumb","itemListElement":[{"@type":"ListItem","position":1,"name":"Home","item":"https:\/\/www.voustenshoes.com\/fr\/"},{"@type":"ListItem","position":2,"name":"Boutique","item":"https:\/\/www.voustenshoes.com\/fr\/shop\/"},{"@type":"ListItem","position":3,"name":"SANTONI &#8211; Dalmar Mocassins en cuir verni (40748)"}]},{"@type":"WebSite","@id":"https:\/\/www.voustenshoes.com\/nl\/#website","url":"https:\/\/www.voustenshoes.com\/nl\/","name":"Vousten Shoes","description":"","potentialAction":[{"@type":"SearchAction","target":{"@type":"EntryPoint","urlTemplate":"https:\/\/www.voustenshoes.com\/nl\/?s={search_term_string}"},"query-input":{"@type":"PropertyValueSpecification","valueRequired":true,"valueName":"search_term_string"}}],"inLanguage":"fr-FR"}]}},"_links":{"self":[{"href":"https:\/\/www.voustenshoes.com\/fr\/wp-json\/wp\/v2\/product\/215725","targetHints":{"allow":["GET"]}}],"collection":[{"href":"https:\/\/www.voustenshoes.com\/fr\/wp-json\/wp\/v2\/product"}],"about":[{"href":"https:\/\/www.voustenshoes.com\/fr\/wp-json\/wp\/v2\/types\/product"}],"replies":[{"embeddable":true,"href":"https:\/\/www.voustenshoes.com\/fr\/wp-json\/wp\/v2\/comments?post=215725"}],"wp:featuredmedia":[{"embeddable":true,"href":"https:\/\/www.voustenshoes.com\/fr\/wp-json\/wp\/v2\/media\/215661"}],"wp:attachment":[{"href":"https:\/\/www.voustenshoes.com\/fr\/wp-json\/wp\/v2\/media?parent=215725"}],"wp:term":[{"taxonomy":"product_cat","embeddable":true,"href":"https:\/\/www.voustenshoes.com\/fr\/wp-json\/wp\/v2\/product_cat?post=215725"},{"taxonomy":"product_tag","embeddable":true,"href":"https:\/\/www.voustenshoes.com\/fr\/wp-json\/wp\/v2\/product_tag?post=215725"}],"curies":[{"name":"wp","href":"https:\/\/api.w.org\/{rel}","templated":true}]}}