{"id":217300,"date":"2025-04-04T21:00:51","date_gmt":"2025-04-04T19:00:51","guid":{"rendered":"https:\/\/www.voustenshoes.com\/santoni-tano-40749-2\/"},"modified":"2026-02-17T02:06:10","modified_gmt":"2026-02-17T01:06:10","slug":"santoni-tano-40749-2","status":"publish","type":"product","link":"https:\/\/www.voustenshoes.com\/fr\/santoni-tano-40749-2\/","title":{"rendered":"SANTONI &#8211; Tano (40749)"},"content":{"rendered":"<div>Une chaussure d\u00e9contract\u00e9e indispensable qui promet un confort du matin au soir. Cette pantoufle pour homme est confectionn\u00e9e en cuir avec notre finition gradu\u00e9e embl\u00e9matique, cr\u00e9ant un look authentique qui fait ressortir l&rsquo;attrait luxueux du design. La silhouette de soutien \u00e9pouse le pied avec un bout rond et une large sangle, orn\u00e9e de la double boucle embl\u00e9matique de Santoni.<\/div>\n<ul>\n<li>Couleur : Bleu fonc\u00e9<\/li>\n<li>Coupe large avec bout rond<\/li>\n<li>Semelle en caoutchouc<\/li>\n<li>Large sangle \u00e0 double boucle<\/li>\n<li>Logo Santoni sur la semelle int\u00e9rieure et la bande de roulement<\/li>\n<li>Fabriqu\u00e9 en Italie<\/li>\n<\/ul>\n","protected":false},"excerpt":{"rendered":"<p>Une chaussure d\u00e9contract\u00e9e indispensable qui promet un confort du matin au soir. Cette pantoufle pour homme est confectionn\u00e9e en cuir avec notre finition gradu\u00e9e embl\u00e9matique, cr\u00e9ant un look authentique qui fait ressortir l&rsquo;attrait luxueux du design. La silhouette de soutien \u00e9pouse le pied avec un bout rond et une large sangle, orn\u00e9e de la double [&#8230;]\n","protected":false},"featured_media":217230,"comment_status":"open","ping_status":"closed","template":"","meta":{"rank_math_lock_modified_date":false},"product_cat":[1129,1136,1171,1176,1318,1391],"product_tag":[],"class_list":{"0":"post-217300","1":"product","2":"type-product","3":"status-publish","4":"has-post-thumbnail","6":"product_cat-herenschoenen-nl-fr","7":"product_cat-heren-nl-fr","8":"product_cat-schoenen-nl-fr","9":"product_cat-santoni-nl-fr","10":"product_cat-slippers-fr","11":"product_cat-gespschoenen-fr","13":"first","14":"instock","15":"taxable","16":"shipping-taxable","17":"purchasable","18":"product-type-variable"},"acf":[],"yoast_head":"<!-- This site is optimized with the Yoast SEO plugin v23.9 - https:\/\/yoast.com\/wordpress\/plugins\/seo\/ -->\n<title>SANTONI - Tano (40749) - Vousten Shoes<\/title>\n<meta name=\"robots\" content=\"index, follow, max-snippet:-1, max-image-preview:large, max-video-preview:-1\" \/>\n<link rel=\"canonical\" href=\"https:\/\/www.voustenshoes.com\/fr\/santoni-tano-40749-2\/\" \/>\n<meta property=\"og:locale\" content=\"fr_FR\" \/>\n<meta property=\"og:type\" content=\"article\" \/>\n<meta property=\"og:title\" content=\"SANTONI - Tano (40749) - Vousten Shoes\" \/>\n<meta property=\"og:description\" content=\"Une chaussure d\u00e9contract\u00e9e indispensable qui promet un confort du matin au soir. Cette pantoufle pour homme est confectionn\u00e9e en cuir avec notre finition gradu\u00e9e embl\u00e9matique, cr\u00e9ant un look authentique qui fait ressortir l&rsquo;attrait luxueux du design. La silhouette de soutien \u00e9pouse le pied avec un bout rond et une large sangle, orn\u00e9e de la double [...]\" \/>\n<meta property=\"og:url\" content=\"https:\/\/www.voustenshoes.com\/fr\/santoni-tano-40749-2\/\" \/>\n<meta property=\"og:site_name\" content=\"Vousten Shoes\" \/>\n<meta property=\"article:modified_time\" content=\"2026-02-17T01:06:10+00:00\" \/>\n<meta property=\"og:image\" content=\"https:\/\/www.voustenshoes.com\/wp-content\/uploads\/2023\/06\/Tano-407491.png\" \/>\n\t<meta property=\"og:image:width\" content=\"1365\" \/>\n\t<meta property=\"og:image:height\" content=\"1365\" \/>\n\t<meta property=\"og:image:type\" content=\"image\/png\" \/>\n<meta name=\"twitter:card\" content=\"summary_large_image\" \/>\n<script type=\"application\/ld+json\" class=\"yoast-schema-graph\">{\"@context\":\"https:\/\/schema.org\",\"@graph\":[{\"@type\":\"WebPage\",\"@id\":\"https:\/\/www.voustenshoes.com\/fr\/santoni-tano-40749-2\/\",\"url\":\"https:\/\/www.voustenshoes.com\/fr\/santoni-tano-40749-2\/\",\"name\":\"SANTONI - Tano (40749) - Vousten Shoes\",\"isPartOf\":{\"@id\":\"https:\/\/www.voustenshoes.com\/nl\/#website\"},\"primaryImageOfPage\":{\"@id\":\"https:\/\/www.voustenshoes.com\/fr\/santoni-tano-40749-2\/#primaryimage\"},\"image\":{\"@id\":\"https:\/\/www.voustenshoes.com\/fr\/santoni-tano-40749-2\/#primaryimage\"},\"thumbnailUrl\":\"https:\/\/www.voustenshoes.com\/wp-content\/uploads\/2023\/06\/Tano-407491.png\",\"datePublished\":\"2025-04-04T19:00:51+00:00\",\"dateModified\":\"2026-02-17T01:06:10+00:00\",\"breadcrumb\":{\"@id\":\"https:\/\/www.voustenshoes.com\/fr\/santoni-tano-40749-2\/#breadcrumb\"},\"inLanguage\":\"fr-FR\",\"potentialAction\":[{\"@type\":\"ReadAction\",\"target\":[\"https:\/\/www.voustenshoes.com\/fr\/santoni-tano-40749-2\/\"]}]},{\"@type\":\"ImageObject\",\"inLanguage\":\"fr-FR\",\"@id\":\"https:\/\/www.voustenshoes.com\/fr\/santoni-tano-40749-2\/#primaryimage\",\"url\":\"https:\/\/www.voustenshoes.com\/wp-content\/uploads\/2023\/06\/Tano-407491.png\",\"contentUrl\":\"https:\/\/www.voustenshoes.com\/wp-content\/uploads\/2023\/06\/Tano-407491.png\",\"width\":1365,\"height\":1365},{\"@type\":\"BreadcrumbList\",\"@id\":\"https:\/\/www.voustenshoes.com\/fr\/santoni-tano-40749-2\/#breadcrumb\",\"itemListElement\":[{\"@type\":\"ListItem\",\"position\":1,\"name\":\"Home\",\"item\":\"https:\/\/www.voustenshoes.com\/fr\/\"},{\"@type\":\"ListItem\",\"position\":2,\"name\":\"Boutique\",\"item\":\"https:\/\/www.voustenshoes.com\/fr\/shop\/\"},{\"@type\":\"ListItem\",\"position\":3,\"name\":\"SANTONI &#8211; Tano (40749)\"}]},{\"@type\":\"WebSite\",\"@id\":\"https:\/\/www.voustenshoes.com\/nl\/#website\",\"url\":\"https:\/\/www.voustenshoes.com\/nl\/\",\"name\":\"Vousten Shoes\",\"description\":\"\",\"potentialAction\":[{\"@type\":\"SearchAction\",\"target\":{\"@type\":\"EntryPoint\",\"urlTemplate\":\"https:\/\/www.voustenshoes.com\/nl\/?s={search_term_string}\"},\"query-input\":{\"@type\":\"PropertyValueSpecification\",\"valueRequired\":true,\"valueName\":\"search_term_string\"}}],\"inLanguage\":\"fr-FR\"}]}<\/script>\n<!-- \/ Yoast SEO plugin. -->","yoast_head_json":{"title":"SANTONI - Tano (40749) - Vousten Shoes","robots":{"index":"index","follow":"follow","max-snippet":"max-snippet:-1","max-image-preview":"max-image-preview:large","max-video-preview":"max-video-preview:-1"},"canonical":"https:\/\/www.voustenshoes.com\/fr\/santoni-tano-40749-2\/","og_locale":"fr_FR","og_type":"article","og_title":"SANTONI - Tano (40749) - Vousten Shoes","og_description":"Une chaussure d\u00e9contract\u00e9e indispensable qui promet un confort du matin au soir. Cette pantoufle pour homme est confectionn\u00e9e en cuir avec notre finition gradu\u00e9e embl\u00e9matique, cr\u00e9ant un look authentique qui fait ressortir l&rsquo;attrait luxueux du design. La silhouette de soutien \u00e9pouse le pied avec un bout rond et une large sangle, orn\u00e9e de la double [...]","og_url":"https:\/\/www.voustenshoes.com\/fr\/santoni-tano-40749-2\/","og_site_name":"Vousten Shoes","article_modified_time":"2026-02-17T01:06:10+00:00","og_image":[{"width":1365,"height":1365,"url":"https:\/\/www.voustenshoes.com\/wp-content\/uploads\/2023\/06\/Tano-407491.png","type":"image\/png"}],"twitter_card":"summary_large_image","schema":{"@context":"https:\/\/schema.org","@graph":[{"@type":"WebPage","@id":"https:\/\/www.voustenshoes.com\/fr\/santoni-tano-40749-2\/","url":"https:\/\/www.voustenshoes.com\/fr\/santoni-tano-40749-2\/","name":"SANTONI - Tano (40749) - Vousten Shoes","isPartOf":{"@id":"https:\/\/www.voustenshoes.com\/nl\/#website"},"primaryImageOfPage":{"@id":"https:\/\/www.voustenshoes.com\/fr\/santoni-tano-40749-2\/#primaryimage"},"image":{"@id":"https:\/\/www.voustenshoes.com\/fr\/santoni-tano-40749-2\/#primaryimage"},"thumbnailUrl":"https:\/\/www.voustenshoes.com\/wp-content\/uploads\/2023\/06\/Tano-407491.png","datePublished":"2025-04-04T19:00:51+00:00","dateModified":"2026-02-17T01:06:10+00:00","breadcrumb":{"@id":"https:\/\/www.voustenshoes.com\/fr\/santoni-tano-40749-2\/#breadcrumb"},"inLanguage":"fr-FR","potentialAction":[{"@type":"ReadAction","target":["https:\/\/www.voustenshoes.com\/fr\/santoni-tano-40749-2\/"]}]},{"@type":"ImageObject","inLanguage":"fr-FR","@id":"https:\/\/www.voustenshoes.com\/fr\/santoni-tano-40749-2\/#primaryimage","url":"https:\/\/www.voustenshoes.com\/wp-content\/uploads\/2023\/06\/Tano-407491.png","contentUrl":"https:\/\/www.voustenshoes.com\/wp-content\/uploads\/2023\/06\/Tano-407491.png","width":1365,"height":1365},{"@type":"BreadcrumbList","@id":"https:\/\/www.voustenshoes.com\/fr\/santoni-tano-40749-2\/#breadcrumb","itemListElement":[{"@type":"ListItem","position":1,"name":"Home","item":"https:\/\/www.voustenshoes.com\/fr\/"},{"@type":"ListItem","position":2,"name":"Boutique","item":"https:\/\/www.voustenshoes.com\/fr\/shop\/"},{"@type":"ListItem","position":3,"name":"SANTONI &#8211; Tano (40749)"}]},{"@type":"WebSite","@id":"https:\/\/www.voustenshoes.com\/nl\/#website","url":"https:\/\/www.voustenshoes.com\/nl\/","name":"Vousten Shoes","description":"","potentialAction":[{"@type":"SearchAction","target":{"@type":"EntryPoint","urlTemplate":"https:\/\/www.voustenshoes.com\/nl\/?s={search_term_string}"},"query-input":{"@type":"PropertyValueSpecification","valueRequired":true,"valueName":"search_term_string"}}],"inLanguage":"fr-FR"}]}},"_links":{"self":[{"href":"https:\/\/www.voustenshoes.com\/fr\/wp-json\/wp\/v2\/product\/217300","targetHints":{"allow":["GET"]}}],"collection":[{"href":"https:\/\/www.voustenshoes.com\/fr\/wp-json\/wp\/v2\/product"}],"about":[{"href":"https:\/\/www.voustenshoes.com\/fr\/wp-json\/wp\/v2\/types\/product"}],"replies":[{"embeddable":true,"href":"https:\/\/www.voustenshoes.com\/fr\/wp-json\/wp\/v2\/comments?post=217300"}],"wp:featuredmedia":[{"embeddable":true,"href":"https:\/\/www.voustenshoes.com\/fr\/wp-json\/wp\/v2\/media\/217230"}],"wp:attachment":[{"href":"https:\/\/www.voustenshoes.com\/fr\/wp-json\/wp\/v2\/media?parent=217300"}],"wp:term":[{"taxonomy":"product_cat","embeddable":true,"href":"https:\/\/www.voustenshoes.com\/fr\/wp-json\/wp\/v2\/product_cat?post=217300"},{"taxonomy":"product_tag","embeddable":true,"href":"https:\/\/www.voustenshoes.com\/fr\/wp-json\/wp\/v2\/product_tag?post=217300"}],"curies":[{"name":"wp","href":"https:\/\/api.w.org\/{rel}","templated":true}]}}