{"id":217743,"date":"2025-04-10T15:48:35","date_gmt":"2025-04-10T13:48:35","guid":{"rendered":"https:\/\/www.voustenshoes.com\/santoni-daren-40747-2\/"},"modified":"2026-02-17T01:51:18","modified_gmt":"2026-02-17T00:51:18","slug":"santoni-daren-40747-2","status":"publish","type":"product","link":"https:\/\/www.voustenshoes.com\/fr\/santoni-daren-40747-2\/","title":{"rendered":"SANTONI &#8211; Daren (40747)"},"content":{"rendered":"<div>Santoni s&rsquo;efforce constamment de concevoir des mod\u00e8les exclusifs qui allient \u00e9l\u00e9gance et confort dans les moindres d\u00e9tails. Ce mocassin ne fait pas exception \u00e0 la r\u00e8gle. Sa silhouette \u00e9l\u00e9gante et l\u00e9g\u00e8re est dot\u00e9e d&rsquo;une tige en cuir perfor\u00e9 et d&rsquo;une semelle en caoutchouc pour une d\u00e9marche confortable. Il est parachev\u00e9 par de d\u00e9licates coutures orange, clin d&rsquo;\u0153il \u00e0 nos codes de style caract\u00e9ristiques.<\/div>\n<div><\/div>\n<div>Mocassin en cuir perfor\u00e9.<\/div>\n<ul>\n<li>Largeur : standard \u00e0 large<\/li>\n<li>Fermeture : aucune<\/li>\n<li>D\u00e9tail : perforation et couture d\u00e9corative<\/li>\n<li>Ext\u00e9rieur : cuir<\/li>\n<li>Int\u00e9rieur : cuir<\/li>\n<li>Semelle : caoutchouc<\/li>\n<li>Taille standard<\/li>\n<li>Possibilit\u00e9 de ceinture assortie<\/li>\n<li>Ces chaussures Santoni sont fabriqu\u00e9es \u00e0 la main en Italie.<\/li>\n<\/ul>\n<div>Livr\u00e9es dans l&#8217;emballage d&rsquo;origine Santoni avec sacs \u00e0 poussi\u00e8re assortis.<\/div>\n","protected":false},"excerpt":{"rendered":"<p>Santoni s&rsquo;efforce constamment de concevoir des mod\u00e8les exclusifs qui allient \u00e9l\u00e9gance et confort dans les moindres d\u00e9tails. Ce mocassin ne fait pas exception \u00e0 la r\u00e8gle. Sa silhouette \u00e9l\u00e9gante et l\u00e9g\u00e8re est dot\u00e9e d&rsquo;une tige en cuir perfor\u00e9 et d&rsquo;une semelle en caoutchouc pour une d\u00e9marche confortable. Il est parachev\u00e9 par de d\u00e9licates coutures orange, [&#8230;]\n","protected":false},"featured_media":217679,"comment_status":"open","ping_status":"closed","template":"","meta":{"rank_math_lock_modified_date":false},"product_cat":[1176,1229,1129,1136,1171],"product_tag":[],"class_list":{"0":"post-217743","1":"product","2":"type-product","3":"status-publish","4":"has-post-thumbnail","6":"product_cat-santoni-nl-fr","7":"product_cat-loafers-nl-fr","8":"product_cat-herenschoenen-nl-fr","9":"product_cat-heren-nl-fr","10":"product_cat-schoenen-nl-fr","12":"first","13":"instock","14":"taxable","15":"shipping-taxable","16":"purchasable","17":"product-type-variable"},"acf":[],"yoast_head":"<!-- This site is optimized with the Yoast SEO plugin v23.9 - https:\/\/yoast.com\/wordpress\/plugins\/seo\/ -->\n<title>SANTONI - Daren (40747) - Vousten Shoes<\/title>\n<meta name=\"robots\" content=\"index, follow, max-snippet:-1, max-image-preview:large, max-video-preview:-1\" \/>\n<link rel=\"canonical\" href=\"https:\/\/www.voustenshoes.com\/fr\/santoni-daren-40747-2\/\" \/>\n<meta property=\"og:locale\" content=\"fr_FR\" \/>\n<meta property=\"og:type\" content=\"article\" \/>\n<meta property=\"og:title\" content=\"SANTONI - Daren (40747) - Vousten Shoes\" \/>\n<meta property=\"og:description\" content=\"Santoni s&rsquo;efforce constamment de concevoir des mod\u00e8les exclusifs qui allient \u00e9l\u00e9gance et confort dans les moindres d\u00e9tails. Ce mocassin ne fait pas exception \u00e0 la r\u00e8gle. Sa silhouette \u00e9l\u00e9gante et l\u00e9g\u00e8re est dot\u00e9e d&rsquo;une tige en cuir perfor\u00e9 et d&rsquo;une semelle en caoutchouc pour une d\u00e9marche confortable. Il est parachev\u00e9 par de d\u00e9licates coutures orange, [...]\" \/>\n<meta property=\"og:url\" content=\"https:\/\/www.voustenshoes.com\/fr\/santoni-daren-40747-2\/\" \/>\n<meta property=\"og:site_name\" content=\"Vousten Shoes\" \/>\n<meta property=\"article:modified_time\" content=\"2026-02-17T00:51:18+00:00\" \/>\n<meta property=\"og:image\" content=\"https:\/\/www.voustenshoes.com\/wp-content\/uploads\/2023\/06\/Santoni-Daren-40747-1.png\" \/>\n\t<meta property=\"og:image:width\" content=\"1920\" \/>\n\t<meta property=\"og:image:height\" content=\"1920\" \/>\n\t<meta property=\"og:image:type\" content=\"image\/png\" \/>\n<meta name=\"twitter:card\" content=\"summary_large_image\" \/>\n<meta name=\"twitter:label1\" content=\"Est. reading time\" \/>\n\t<meta name=\"twitter:data1\" content=\"1 minute\" \/>\n<script type=\"application\/ld+json\" class=\"yoast-schema-graph\">{\"@context\":\"https:\/\/schema.org\",\"@graph\":[{\"@type\":\"WebPage\",\"@id\":\"https:\/\/www.voustenshoes.com\/fr\/santoni-daren-40747-2\/\",\"url\":\"https:\/\/www.voustenshoes.com\/fr\/santoni-daren-40747-2\/\",\"name\":\"SANTONI - Daren (40747) - Vousten Shoes\",\"isPartOf\":{\"@id\":\"https:\/\/www.voustenshoes.com\/nl\/#website\"},\"primaryImageOfPage\":{\"@id\":\"https:\/\/www.voustenshoes.com\/fr\/santoni-daren-40747-2\/#primaryimage\"},\"image\":{\"@id\":\"https:\/\/www.voustenshoes.com\/fr\/santoni-daren-40747-2\/#primaryimage\"},\"thumbnailUrl\":\"https:\/\/www.voustenshoes.com\/wp-content\/uploads\/2023\/06\/Santoni-Daren-40747-1.png\",\"datePublished\":\"2025-04-10T13:48:35+00:00\",\"dateModified\":\"2026-02-17T00:51:18+00:00\",\"breadcrumb\":{\"@id\":\"https:\/\/www.voustenshoes.com\/fr\/santoni-daren-40747-2\/#breadcrumb\"},\"inLanguage\":\"fr-FR\",\"potentialAction\":[{\"@type\":\"ReadAction\",\"target\":[\"https:\/\/www.voustenshoes.com\/fr\/santoni-daren-40747-2\/\"]}]},{\"@type\":\"ImageObject\",\"inLanguage\":\"fr-FR\",\"@id\":\"https:\/\/www.voustenshoes.com\/fr\/santoni-daren-40747-2\/#primaryimage\",\"url\":\"https:\/\/www.voustenshoes.com\/wp-content\/uploads\/2023\/06\/Santoni-Daren-40747-1.png\",\"contentUrl\":\"https:\/\/www.voustenshoes.com\/wp-content\/uploads\/2023\/06\/Santoni-Daren-40747-1.png\",\"width\":1920,\"height\":1920},{\"@type\":\"BreadcrumbList\",\"@id\":\"https:\/\/www.voustenshoes.com\/fr\/santoni-daren-40747-2\/#breadcrumb\",\"itemListElement\":[{\"@type\":\"ListItem\",\"position\":1,\"name\":\"Home\",\"item\":\"https:\/\/www.voustenshoes.com\/fr\/\"},{\"@type\":\"ListItem\",\"position\":2,\"name\":\"Boutique\",\"item\":\"https:\/\/www.voustenshoes.com\/fr\/shop\/\"},{\"@type\":\"ListItem\",\"position\":3,\"name\":\"SANTONI &#8211; Daren (40747)\"}]},{\"@type\":\"WebSite\",\"@id\":\"https:\/\/www.voustenshoes.com\/nl\/#website\",\"url\":\"https:\/\/www.voustenshoes.com\/nl\/\",\"name\":\"Vousten Shoes\",\"description\":\"\",\"potentialAction\":[{\"@type\":\"SearchAction\",\"target\":{\"@type\":\"EntryPoint\",\"urlTemplate\":\"https:\/\/www.voustenshoes.com\/nl\/?s={search_term_string}\"},\"query-input\":{\"@type\":\"PropertyValueSpecification\",\"valueRequired\":true,\"valueName\":\"search_term_string\"}}],\"inLanguage\":\"fr-FR\"}]}<\/script>\n<!-- \/ Yoast SEO plugin. -->","yoast_head_json":{"title":"SANTONI - Daren (40747) - Vousten Shoes","robots":{"index":"index","follow":"follow","max-snippet":"max-snippet:-1","max-image-preview":"max-image-preview:large","max-video-preview":"max-video-preview:-1"},"canonical":"https:\/\/www.voustenshoes.com\/fr\/santoni-daren-40747-2\/","og_locale":"fr_FR","og_type":"article","og_title":"SANTONI - Daren (40747) - Vousten Shoes","og_description":"Santoni s&rsquo;efforce constamment de concevoir des mod\u00e8les exclusifs qui allient \u00e9l\u00e9gance et confort dans les moindres d\u00e9tails. Ce mocassin ne fait pas exception \u00e0 la r\u00e8gle. Sa silhouette \u00e9l\u00e9gante et l\u00e9g\u00e8re est dot\u00e9e d&rsquo;une tige en cuir perfor\u00e9 et d&rsquo;une semelle en caoutchouc pour une d\u00e9marche confortable. Il est parachev\u00e9 par de d\u00e9licates coutures orange, [...]","og_url":"https:\/\/www.voustenshoes.com\/fr\/santoni-daren-40747-2\/","og_site_name":"Vousten Shoes","article_modified_time":"2026-02-17T00:51:18+00:00","og_image":[{"width":1920,"height":1920,"url":"https:\/\/www.voustenshoes.com\/wp-content\/uploads\/2023\/06\/Santoni-Daren-40747-1.png","type":"image\/png"}],"twitter_card":"summary_large_image","twitter_misc":{"Est. reading time":"1 minute"},"schema":{"@context":"https:\/\/schema.org","@graph":[{"@type":"WebPage","@id":"https:\/\/www.voustenshoes.com\/fr\/santoni-daren-40747-2\/","url":"https:\/\/www.voustenshoes.com\/fr\/santoni-daren-40747-2\/","name":"SANTONI - Daren (40747) - Vousten Shoes","isPartOf":{"@id":"https:\/\/www.voustenshoes.com\/nl\/#website"},"primaryImageOfPage":{"@id":"https:\/\/www.voustenshoes.com\/fr\/santoni-daren-40747-2\/#primaryimage"},"image":{"@id":"https:\/\/www.voustenshoes.com\/fr\/santoni-daren-40747-2\/#primaryimage"},"thumbnailUrl":"https:\/\/www.voustenshoes.com\/wp-content\/uploads\/2023\/06\/Santoni-Daren-40747-1.png","datePublished":"2025-04-10T13:48:35+00:00","dateModified":"2026-02-17T00:51:18+00:00","breadcrumb":{"@id":"https:\/\/www.voustenshoes.com\/fr\/santoni-daren-40747-2\/#breadcrumb"},"inLanguage":"fr-FR","potentialAction":[{"@type":"ReadAction","target":["https:\/\/www.voustenshoes.com\/fr\/santoni-daren-40747-2\/"]}]},{"@type":"ImageObject","inLanguage":"fr-FR","@id":"https:\/\/www.voustenshoes.com\/fr\/santoni-daren-40747-2\/#primaryimage","url":"https:\/\/www.voustenshoes.com\/wp-content\/uploads\/2023\/06\/Santoni-Daren-40747-1.png","contentUrl":"https:\/\/www.voustenshoes.com\/wp-content\/uploads\/2023\/06\/Santoni-Daren-40747-1.png","width":1920,"height":1920},{"@type":"BreadcrumbList","@id":"https:\/\/www.voustenshoes.com\/fr\/santoni-daren-40747-2\/#breadcrumb","itemListElement":[{"@type":"ListItem","position":1,"name":"Home","item":"https:\/\/www.voustenshoes.com\/fr\/"},{"@type":"ListItem","position":2,"name":"Boutique","item":"https:\/\/www.voustenshoes.com\/fr\/shop\/"},{"@type":"ListItem","position":3,"name":"SANTONI &#8211; Daren (40747)"}]},{"@type":"WebSite","@id":"https:\/\/www.voustenshoes.com\/nl\/#website","url":"https:\/\/www.voustenshoes.com\/nl\/","name":"Vousten Shoes","description":"","potentialAction":[{"@type":"SearchAction","target":{"@type":"EntryPoint","urlTemplate":"https:\/\/www.voustenshoes.com\/nl\/?s={search_term_string}"},"query-input":{"@type":"PropertyValueSpecification","valueRequired":true,"valueName":"search_term_string"}}],"inLanguage":"fr-FR"}]}},"_links":{"self":[{"href":"https:\/\/www.voustenshoes.com\/fr\/wp-json\/wp\/v2\/product\/217743","targetHints":{"allow":["GET"]}}],"collection":[{"href":"https:\/\/www.voustenshoes.com\/fr\/wp-json\/wp\/v2\/product"}],"about":[{"href":"https:\/\/www.voustenshoes.com\/fr\/wp-json\/wp\/v2\/types\/product"}],"replies":[{"embeddable":true,"href":"https:\/\/www.voustenshoes.com\/fr\/wp-json\/wp\/v2\/comments?post=217743"}],"wp:featuredmedia":[{"embeddable":true,"href":"https:\/\/www.voustenshoes.com\/fr\/wp-json\/wp\/v2\/media\/217679"}],"wp:attachment":[{"href":"https:\/\/www.voustenshoes.com\/fr\/wp-json\/wp\/v2\/media?parent=217743"}],"wp:term":[{"taxonomy":"product_cat","embeddable":true,"href":"https:\/\/www.voustenshoes.com\/fr\/wp-json\/wp\/v2\/product_cat?post=217743"},{"taxonomy":"product_tag","embeddable":true,"href":"https:\/\/www.voustenshoes.com\/fr\/wp-json\/wp\/v2\/product_tag?post=217743"}],"curies":[{"name":"wp","href":"https:\/\/api.w.org\/{rel}","templated":true}]}}