{"id":218812,"date":"2025-08-09T13:03:28","date_gmt":"2025-08-09T11:03:28","guid":{"rendered":"https:\/\/www.voustenshoes.com\/santoni-sac-a-main-marron-fonce-41676\/"},"modified":"2026-02-05T11:28:59","modified_gmt":"2026-02-05T10:28:59","slug":"santoni-sac-a-main-marron-fonce-41676","status":"publish","type":"product","link":"https:\/\/www.voustenshoes.com\/fr\/santoni-sac-a-main-marron-fonce-41676\/","title":{"rendered":"SANTONI &#8211; Sac \u00e0 Main Marron Fonc\u00e9 (41676)"},"content":{"rendered":"<div>Ce petit sac \u00e0 main pour homme est un symbole de l&rsquo;\u00e9l\u00e9gance contemporaine de Santoni. Le design compact dispose d&rsquo;une poche avant et d&rsquo;une fermeture \u00e9clair. Portez-le dans votre paume ou sur votre poignet gr\u00e2ce \u00e0 la dragonne amovible.<\/div>\n<ul>\n<li>Fabriqu\u00e9 en cuir foulonn\u00e9<\/li>\n<li>Dimensions : 26x7x17 cm<\/li>\n<li>D\u00e9tails en cuir avec finition \u00ab\u00a0velatura\u00a0\u00bb<\/li>\n<li>Couleur : marron fonc\u00e9<\/li>\n<li>Poign\u00e9e amovible<\/li>\n<li>Poche zipp\u00e9e sur le devant<\/li>\n<li>Poche zipp\u00e9e \u00e0 l&rsquo;int\u00e9rieur<\/li>\n<li>Poches pour cartes \u00e0 l&rsquo;int\u00e9rieur<\/li>\n<li>Fabriqu\u00e9 \u00e0 la main par Santoni en Italie<\/li>\n<\/ul>\n","protected":false},"excerpt":{"rendered":"<p>Ce petit sac \u00e0 main pour homme est un symbole de l&rsquo;\u00e9l\u00e9gance contemporaine de Santoni. Le design compact dispose d&rsquo;une poche avant et d&rsquo;une fermeture \u00e9clair. Portez-le dans votre paume ou sur votre poignet gr\u00e2ce \u00e0 la dragonne amovible. Fabriqu\u00e9 en cuir foulonn\u00e9 Dimensions : 26x7x17 cm D\u00e9tails en cuir avec finition \u00ab\u00a0velatura\u00a0\u00bb Couleur : [&#8230;]\n","protected":false},"featured_media":218796,"comment_status":"open","ping_status":"closed","template":"","meta":{"rank_math_lock_modified_date":false},"product_cat":[1136,1176,1268],"product_tag":[],"class_list":{"0":"post-218812","1":"product","2":"type-product","3":"status-publish","4":"has-post-thumbnail","6":"product_cat-heren-nl-fr","7":"product_cat-santoni-nl-fr","8":"product_cat-tassen-nl-fr","10":"first","11":"instock","12":"taxable","13":"shipping-taxable","14":"purchasable","15":"product-type-variable"},"acf":[],"yoast_head":"<!-- This site is optimized with the Yoast SEO plugin v23.9 - https:\/\/yoast.com\/wordpress\/plugins\/seo\/ -->\n<title>SANTONI - Sac \u00e0 Main Marron Fonc\u00e9 (41676) - Vousten Shoes<\/title>\n<meta name=\"robots\" content=\"index, follow, max-snippet:-1, max-image-preview:large, max-video-preview:-1\" \/>\n<link rel=\"canonical\" href=\"https:\/\/www.voustenshoes.com\/fr\/santoni-sac-a-main-marron-fonce-41676\/\" \/>\n<meta property=\"og:locale\" content=\"fr_FR\" \/>\n<meta property=\"og:type\" content=\"article\" \/>\n<meta property=\"og:title\" content=\"SANTONI - Sac \u00e0 Main Marron Fonc\u00e9 (41676) - Vousten Shoes\" \/>\n<meta property=\"og:description\" content=\"Ce petit sac \u00e0 main pour homme est un symbole de l&rsquo;\u00e9l\u00e9gance contemporaine de Santoni. Le design compact dispose d&rsquo;une poche avant et d&rsquo;une fermeture \u00e9clair. Portez-le dans votre paume ou sur votre poignet gr\u00e2ce \u00e0 la dragonne amovible. Fabriqu\u00e9 en cuir foulonn\u00e9 Dimensions : 26x7x17 cm D\u00e9tails en cuir avec finition \u00ab\u00a0velatura\u00a0\u00bb Couleur : [...]\" \/>\n<meta property=\"og:url\" content=\"https:\/\/www.voustenshoes.com\/fr\/santoni-sac-a-main-marron-fonce-41676\/\" \/>\n<meta property=\"og:site_name\" content=\"Vousten Shoes\" \/>\n<meta property=\"article:modified_time\" content=\"2026-02-05T10:28:59+00:00\" \/>\n<meta property=\"og:image\" content=\"https:\/\/www.voustenshoes.com\/wp-content\/uploads\/2023\/06\/Santoni-Handtas-bruin-41639-9-1.png\" \/>\n\t<meta property=\"og:image:width\" content=\"1920\" \/>\n\t<meta property=\"og:image:height\" content=\"1920\" \/>\n\t<meta property=\"og:image:type\" content=\"image\/png\" \/>\n<meta name=\"twitter:card\" content=\"summary_large_image\" \/>\n<script type=\"application\/ld+json\" class=\"yoast-schema-graph\">{\"@context\":\"https:\/\/schema.org\",\"@graph\":[{\"@type\":\"WebPage\",\"@id\":\"https:\/\/www.voustenshoes.com\/fr\/santoni-sac-a-main-marron-fonce-41676\/\",\"url\":\"https:\/\/www.voustenshoes.com\/fr\/santoni-sac-a-main-marron-fonce-41676\/\",\"name\":\"SANTONI - Sac \u00e0 Main Marron Fonc\u00e9 (41676) - Vousten Shoes\",\"isPartOf\":{\"@id\":\"https:\/\/www.voustenshoes.com\/nl\/#website\"},\"primaryImageOfPage\":{\"@id\":\"https:\/\/www.voustenshoes.com\/fr\/santoni-sac-a-main-marron-fonce-41676\/#primaryimage\"},\"image\":{\"@id\":\"https:\/\/www.voustenshoes.com\/fr\/santoni-sac-a-main-marron-fonce-41676\/#primaryimage\"},\"thumbnailUrl\":\"https:\/\/www.voustenshoes.com\/wp-content\/uploads\/2023\/06\/Santoni-Handtas-bruin-41639-9-1.png\",\"datePublished\":\"2025-08-09T11:03:28+00:00\",\"dateModified\":\"2026-02-05T10:28:59+00:00\",\"breadcrumb\":{\"@id\":\"https:\/\/www.voustenshoes.com\/fr\/santoni-sac-a-main-marron-fonce-41676\/#breadcrumb\"},\"inLanguage\":\"fr-FR\",\"potentialAction\":[{\"@type\":\"ReadAction\",\"target\":[\"https:\/\/www.voustenshoes.com\/fr\/santoni-sac-a-main-marron-fonce-41676\/\"]}]},{\"@type\":\"ImageObject\",\"inLanguage\":\"fr-FR\",\"@id\":\"https:\/\/www.voustenshoes.com\/fr\/santoni-sac-a-main-marron-fonce-41676\/#primaryimage\",\"url\":\"https:\/\/www.voustenshoes.com\/wp-content\/uploads\/2023\/06\/Santoni-Handtas-bruin-41639-9-1.png\",\"contentUrl\":\"https:\/\/www.voustenshoes.com\/wp-content\/uploads\/2023\/06\/Santoni-Handtas-bruin-41639-9-1.png\",\"width\":1920,\"height\":1920},{\"@type\":\"BreadcrumbList\",\"@id\":\"https:\/\/www.voustenshoes.com\/fr\/santoni-sac-a-main-marron-fonce-41676\/#breadcrumb\",\"itemListElement\":[{\"@type\":\"ListItem\",\"position\":1,\"name\":\"Home\",\"item\":\"https:\/\/www.voustenshoes.com\/fr\/\"},{\"@type\":\"ListItem\",\"position\":2,\"name\":\"Boutique\",\"item\":\"https:\/\/www.voustenshoes.com\/fr\/shop\/\"},{\"@type\":\"ListItem\",\"position\":3,\"name\":\"SANTONI &#8211; Sac \u00e0 Main Marron Fonc\u00e9 (41676)\"}]},{\"@type\":\"WebSite\",\"@id\":\"https:\/\/www.voustenshoes.com\/nl\/#website\",\"url\":\"https:\/\/www.voustenshoes.com\/nl\/\",\"name\":\"Vousten Shoes\",\"description\":\"\",\"potentialAction\":[{\"@type\":\"SearchAction\",\"target\":{\"@type\":\"EntryPoint\",\"urlTemplate\":\"https:\/\/www.voustenshoes.com\/nl\/?s={search_term_string}\"},\"query-input\":{\"@type\":\"PropertyValueSpecification\",\"valueRequired\":true,\"valueName\":\"search_term_string\"}}],\"inLanguage\":\"fr-FR\"}]}<\/script>\n<!-- \/ Yoast SEO plugin. -->","yoast_head_json":{"title":"SANTONI - Sac \u00e0 Main Marron Fonc\u00e9 (41676) - Vousten Shoes","robots":{"index":"index","follow":"follow","max-snippet":"max-snippet:-1","max-image-preview":"max-image-preview:large","max-video-preview":"max-video-preview:-1"},"canonical":"https:\/\/www.voustenshoes.com\/fr\/santoni-sac-a-main-marron-fonce-41676\/","og_locale":"fr_FR","og_type":"article","og_title":"SANTONI - Sac \u00e0 Main Marron Fonc\u00e9 (41676) - Vousten Shoes","og_description":"Ce petit sac \u00e0 main pour homme est un symbole de l&rsquo;\u00e9l\u00e9gance contemporaine de Santoni. Le design compact dispose d&rsquo;une poche avant et d&rsquo;une fermeture \u00e9clair. Portez-le dans votre paume ou sur votre poignet gr\u00e2ce \u00e0 la dragonne amovible. Fabriqu\u00e9 en cuir foulonn\u00e9 Dimensions : 26x7x17 cm D\u00e9tails en cuir avec finition \u00ab\u00a0velatura\u00a0\u00bb Couleur : [...]","og_url":"https:\/\/www.voustenshoes.com\/fr\/santoni-sac-a-main-marron-fonce-41676\/","og_site_name":"Vousten Shoes","article_modified_time":"2026-02-05T10:28:59+00:00","og_image":[{"width":1920,"height":1920,"url":"https:\/\/www.voustenshoes.com\/wp-content\/uploads\/2023\/06\/Santoni-Handtas-bruin-41639-9-1.png","type":"image\/png"}],"twitter_card":"summary_large_image","schema":{"@context":"https:\/\/schema.org","@graph":[{"@type":"WebPage","@id":"https:\/\/www.voustenshoes.com\/fr\/santoni-sac-a-main-marron-fonce-41676\/","url":"https:\/\/www.voustenshoes.com\/fr\/santoni-sac-a-main-marron-fonce-41676\/","name":"SANTONI - Sac \u00e0 Main Marron Fonc\u00e9 (41676) - Vousten Shoes","isPartOf":{"@id":"https:\/\/www.voustenshoes.com\/nl\/#website"},"primaryImageOfPage":{"@id":"https:\/\/www.voustenshoes.com\/fr\/santoni-sac-a-main-marron-fonce-41676\/#primaryimage"},"image":{"@id":"https:\/\/www.voustenshoes.com\/fr\/santoni-sac-a-main-marron-fonce-41676\/#primaryimage"},"thumbnailUrl":"https:\/\/www.voustenshoes.com\/wp-content\/uploads\/2023\/06\/Santoni-Handtas-bruin-41639-9-1.png","datePublished":"2025-08-09T11:03:28+00:00","dateModified":"2026-02-05T10:28:59+00:00","breadcrumb":{"@id":"https:\/\/www.voustenshoes.com\/fr\/santoni-sac-a-main-marron-fonce-41676\/#breadcrumb"},"inLanguage":"fr-FR","potentialAction":[{"@type":"ReadAction","target":["https:\/\/www.voustenshoes.com\/fr\/santoni-sac-a-main-marron-fonce-41676\/"]}]},{"@type":"ImageObject","inLanguage":"fr-FR","@id":"https:\/\/www.voustenshoes.com\/fr\/santoni-sac-a-main-marron-fonce-41676\/#primaryimage","url":"https:\/\/www.voustenshoes.com\/wp-content\/uploads\/2023\/06\/Santoni-Handtas-bruin-41639-9-1.png","contentUrl":"https:\/\/www.voustenshoes.com\/wp-content\/uploads\/2023\/06\/Santoni-Handtas-bruin-41639-9-1.png","width":1920,"height":1920},{"@type":"BreadcrumbList","@id":"https:\/\/www.voustenshoes.com\/fr\/santoni-sac-a-main-marron-fonce-41676\/#breadcrumb","itemListElement":[{"@type":"ListItem","position":1,"name":"Home","item":"https:\/\/www.voustenshoes.com\/fr\/"},{"@type":"ListItem","position":2,"name":"Boutique","item":"https:\/\/www.voustenshoes.com\/fr\/shop\/"},{"@type":"ListItem","position":3,"name":"SANTONI &#8211; Sac \u00e0 Main Marron Fonc\u00e9 (41676)"}]},{"@type":"WebSite","@id":"https:\/\/www.voustenshoes.com\/nl\/#website","url":"https:\/\/www.voustenshoes.com\/nl\/","name":"Vousten Shoes","description":"","potentialAction":[{"@type":"SearchAction","target":{"@type":"EntryPoint","urlTemplate":"https:\/\/www.voustenshoes.com\/nl\/?s={search_term_string}"},"query-input":{"@type":"PropertyValueSpecification","valueRequired":true,"valueName":"search_term_string"}}],"inLanguage":"fr-FR"}]}},"_links":{"self":[{"href":"https:\/\/www.voustenshoes.com\/fr\/wp-json\/wp\/v2\/product\/218812","targetHints":{"allow":["GET"]}}],"collection":[{"href":"https:\/\/www.voustenshoes.com\/fr\/wp-json\/wp\/v2\/product"}],"about":[{"href":"https:\/\/www.voustenshoes.com\/fr\/wp-json\/wp\/v2\/types\/product"}],"replies":[{"embeddable":true,"href":"https:\/\/www.voustenshoes.com\/fr\/wp-json\/wp\/v2\/comments?post=218812"}],"wp:featuredmedia":[{"embeddable":true,"href":"https:\/\/www.voustenshoes.com\/fr\/wp-json\/wp\/v2\/media\/218796"}],"wp:attachment":[{"href":"https:\/\/www.voustenshoes.com\/fr\/wp-json\/wp\/v2\/media?parent=218812"}],"wp:term":[{"taxonomy":"product_cat","embeddable":true,"href":"https:\/\/www.voustenshoes.com\/fr\/wp-json\/wp\/v2\/product_cat?post=218812"},{"taxonomy":"product_tag","embeddable":true,"href":"https:\/\/www.voustenshoes.com\/fr\/wp-json\/wp\/v2\/product_tag?post=218812"}],"curies":[{"name":"wp","href":"https:\/\/api.w.org\/{rel}","templated":true}]}}