{"id":219019,"date":"2025-08-12T21:40:30","date_gmt":"2025-08-12T19:40:30","guid":{"rendered":"https:\/\/www.voustenshoes.com\/santoni-weekender-taupe-41644-2\/"},"modified":"2026-02-05T11:28:45","modified_gmt":"2026-02-05T10:28:45","slug":"santoni-weekender-taupe-41644-2","status":"publish","type":"product","link":"https:\/\/www.voustenshoes.com\/fr\/santoni-weekender-taupe-41644-2\/","title":{"rendered":"SANTONI &#8211; Weekender Taupe (41644)"},"content":{"rendered":"<p>Ce sac Santoni pr\u00e9sente une silhouette l\u00e9g\u00e8re et d\u00e9structur\u00e9e qui ajoute une touche d&rsquo;\u00e9l\u00e9gance raffin\u00e9e \u00e0 vos tenues d\u00e9contract\u00e9es et vos escapades du week-end. Sa structure en cuir foul\u00e9 lui conf\u00e8re un toucher luxueux, rehauss\u00e9 par des poign\u00e9es rembourr\u00e9es et une bandouli\u00e8re amovible. Des poches zipp\u00e9es \u00e0 l&rsquo;int\u00e9rieur et \u00e0 l&rsquo;ext\u00e9rieur permettent de ranger vos affaires en toute s\u00e9curit\u00e9 et de mani\u00e8re organis\u00e9e.<\/p>\n<p>Ce magnifique sac mesure 50 x 30 x 30 cm.<\/p>\n<ul>\n<li>Sac de week-end pour homme<\/li>\n<li>Fabriqu\u00e9 en cuir grain\u00e9<\/li>\n<li>Couleur : taupe<\/li>\n<li>Poign\u00e9es rembourr\u00e9es<\/li>\n<li>Fermeture \u00e0 glissi\u00e8re double sens<\/li>\n<li>Poche int\u00e9rieure zipp\u00e9e<\/li>\n<li>Poche avant zipp\u00e9e<\/li>\n<li>Bandouli\u00e8re r\u00e9glable et amovible<\/li>\n<li>Cl\u00e9 d\u00e9corative<\/li>\n<li>Logo Santoni imprim\u00e9<\/li>\n<li>Fabriqu\u00e9 en Italie<\/li>\n<\/ul>\n","protected":false},"excerpt":{"rendered":"<p>Ce sac Santoni pr\u00e9sente une silhouette l\u00e9g\u00e8re et d\u00e9structur\u00e9e qui ajoute une touche d&rsquo;\u00e9l\u00e9gance raffin\u00e9e \u00e0 vos tenues d\u00e9contract\u00e9es et vos escapades du week-end. Sa structure en cuir foul\u00e9 lui conf\u00e8re un toucher luxueux, rehauss\u00e9 par des poign\u00e9es rembourr\u00e9es et une bandouli\u00e8re amovible. Des poches zipp\u00e9es \u00e0 l&rsquo;int\u00e9rieur et \u00e0 l&rsquo;ext\u00e9rieur permettent de ranger vos [&#8230;]\n","protected":false},"featured_media":218939,"comment_status":"open","ping_status":"closed","template":"","meta":{"rank_math_lock_modified_date":false},"product_cat":[1136,1176,1268],"product_tag":[],"class_list":{"0":"post-219019","1":"product","2":"type-product","3":"status-publish","4":"has-post-thumbnail","6":"product_cat-heren-nl-fr","7":"product_cat-santoni-nl-fr","8":"product_cat-tassen-nl-fr","10":"first","11":"instock","12":"taxable","13":"shipping-taxable","14":"purchasable","15":"product-type-variable"},"acf":[],"yoast_head":"<!-- This site is optimized with the Yoast SEO plugin v23.9 - https:\/\/yoast.com\/wordpress\/plugins\/seo\/ -->\n<title>SANTONI - Weekender Taupe (41644) - Vousten Shoes<\/title>\n<meta name=\"robots\" content=\"index, follow, max-snippet:-1, max-image-preview:large, max-video-preview:-1\" \/>\n<link rel=\"canonical\" href=\"https:\/\/www.voustenshoes.com\/fr\/santoni-weekender-taupe-41644-2\/\" \/>\n<meta property=\"og:locale\" content=\"fr_FR\" \/>\n<meta property=\"og:type\" content=\"article\" \/>\n<meta property=\"og:title\" content=\"SANTONI - Weekender Taupe (41644) - Vousten Shoes\" \/>\n<meta property=\"og:description\" content=\"Ce sac Santoni pr\u00e9sente une silhouette l\u00e9g\u00e8re et d\u00e9structur\u00e9e qui ajoute une touche d&rsquo;\u00e9l\u00e9gance raffin\u00e9e \u00e0 vos tenues d\u00e9contract\u00e9es et vos escapades du week-end. Sa structure en cuir foul\u00e9 lui conf\u00e8re un toucher luxueux, rehauss\u00e9 par des poign\u00e9es rembourr\u00e9es et une bandouli\u00e8re amovible. Des poches zipp\u00e9es \u00e0 l&rsquo;int\u00e9rieur et \u00e0 l&rsquo;ext\u00e9rieur permettent de ranger vos [...]\" \/>\n<meta property=\"og:url\" content=\"https:\/\/www.voustenshoes.com\/fr\/santoni-weekender-taupe-41644-2\/\" \/>\n<meta property=\"og:site_name\" content=\"Vousten Shoes\" \/>\n<meta property=\"article:modified_time\" content=\"2026-02-05T10:28:45+00:00\" \/>\n<meta property=\"og:image\" content=\"https:\/\/www.voustenshoes.com\/wp-content\/uploads\/2023\/06\/SANTONI-Weekender-Taupe-41644.png\" \/>\n\t<meta property=\"og:image:width\" content=\"1920\" \/>\n\t<meta property=\"og:image:height\" content=\"1920\" \/>\n\t<meta property=\"og:image:type\" content=\"image\/png\" \/>\n<meta name=\"twitter:card\" content=\"summary_large_image\" \/>\n<meta name=\"twitter:label1\" content=\"Est. reading time\" \/>\n\t<meta name=\"twitter:data1\" content=\"1 minute\" \/>\n<script type=\"application\/ld+json\" class=\"yoast-schema-graph\">{\"@context\":\"https:\/\/schema.org\",\"@graph\":[{\"@type\":\"WebPage\",\"@id\":\"https:\/\/www.voustenshoes.com\/fr\/santoni-weekender-taupe-41644-2\/\",\"url\":\"https:\/\/www.voustenshoes.com\/fr\/santoni-weekender-taupe-41644-2\/\",\"name\":\"SANTONI - Weekender Taupe (41644) - Vousten Shoes\",\"isPartOf\":{\"@id\":\"https:\/\/www.voustenshoes.com\/nl\/#website\"},\"primaryImageOfPage\":{\"@id\":\"https:\/\/www.voustenshoes.com\/fr\/santoni-weekender-taupe-41644-2\/#primaryimage\"},\"image\":{\"@id\":\"https:\/\/www.voustenshoes.com\/fr\/santoni-weekender-taupe-41644-2\/#primaryimage\"},\"thumbnailUrl\":\"https:\/\/www.voustenshoes.com\/wp-content\/uploads\/2023\/06\/SANTONI-Weekender-Taupe-41644.png\",\"datePublished\":\"2025-08-12T19:40:30+00:00\",\"dateModified\":\"2026-02-05T10:28:45+00:00\",\"breadcrumb\":{\"@id\":\"https:\/\/www.voustenshoes.com\/fr\/santoni-weekender-taupe-41644-2\/#breadcrumb\"},\"inLanguage\":\"fr-FR\",\"potentialAction\":[{\"@type\":\"ReadAction\",\"target\":[\"https:\/\/www.voustenshoes.com\/fr\/santoni-weekender-taupe-41644-2\/\"]}]},{\"@type\":\"ImageObject\",\"inLanguage\":\"fr-FR\",\"@id\":\"https:\/\/www.voustenshoes.com\/fr\/santoni-weekender-taupe-41644-2\/#primaryimage\",\"url\":\"https:\/\/www.voustenshoes.com\/wp-content\/uploads\/2023\/06\/SANTONI-Weekender-Taupe-41644.png\",\"contentUrl\":\"https:\/\/www.voustenshoes.com\/wp-content\/uploads\/2023\/06\/SANTONI-Weekender-Taupe-41644.png\",\"width\":1920,\"height\":1920},{\"@type\":\"BreadcrumbList\",\"@id\":\"https:\/\/www.voustenshoes.com\/fr\/santoni-weekender-taupe-41644-2\/#breadcrumb\",\"itemListElement\":[{\"@type\":\"ListItem\",\"position\":1,\"name\":\"Home\",\"item\":\"https:\/\/www.voustenshoes.com\/fr\/\"},{\"@type\":\"ListItem\",\"position\":2,\"name\":\"Boutique\",\"item\":\"https:\/\/www.voustenshoes.com\/fr\/shop\/\"},{\"@type\":\"ListItem\",\"position\":3,\"name\":\"SANTONI &#8211; Weekender Taupe (41644)\"}]},{\"@type\":\"WebSite\",\"@id\":\"https:\/\/www.voustenshoes.com\/nl\/#website\",\"url\":\"https:\/\/www.voustenshoes.com\/nl\/\",\"name\":\"Vousten Shoes\",\"description\":\"\",\"potentialAction\":[{\"@type\":\"SearchAction\",\"target\":{\"@type\":\"EntryPoint\",\"urlTemplate\":\"https:\/\/www.voustenshoes.com\/nl\/?s={search_term_string}\"},\"query-input\":{\"@type\":\"PropertyValueSpecification\",\"valueRequired\":true,\"valueName\":\"search_term_string\"}}],\"inLanguage\":\"fr-FR\"}]}<\/script>\n<!-- \/ Yoast SEO plugin. -->","yoast_head_json":{"title":"SANTONI - Weekender Taupe (41644) - Vousten Shoes","robots":{"index":"index","follow":"follow","max-snippet":"max-snippet:-1","max-image-preview":"max-image-preview:large","max-video-preview":"max-video-preview:-1"},"canonical":"https:\/\/www.voustenshoes.com\/fr\/santoni-weekender-taupe-41644-2\/","og_locale":"fr_FR","og_type":"article","og_title":"SANTONI - Weekender Taupe (41644) - Vousten Shoes","og_description":"Ce sac Santoni pr\u00e9sente une silhouette l\u00e9g\u00e8re et d\u00e9structur\u00e9e qui ajoute une touche d&rsquo;\u00e9l\u00e9gance raffin\u00e9e \u00e0 vos tenues d\u00e9contract\u00e9es et vos escapades du week-end. Sa structure en cuir foul\u00e9 lui conf\u00e8re un toucher luxueux, rehauss\u00e9 par des poign\u00e9es rembourr\u00e9es et une bandouli\u00e8re amovible. Des poches zipp\u00e9es \u00e0 l&rsquo;int\u00e9rieur et \u00e0 l&rsquo;ext\u00e9rieur permettent de ranger vos [...]","og_url":"https:\/\/www.voustenshoes.com\/fr\/santoni-weekender-taupe-41644-2\/","og_site_name":"Vousten Shoes","article_modified_time":"2026-02-05T10:28:45+00:00","og_image":[{"width":1920,"height":1920,"url":"https:\/\/www.voustenshoes.com\/wp-content\/uploads\/2023\/06\/SANTONI-Weekender-Taupe-41644.png","type":"image\/png"}],"twitter_card":"summary_large_image","twitter_misc":{"Est. reading time":"1 minute"},"schema":{"@context":"https:\/\/schema.org","@graph":[{"@type":"WebPage","@id":"https:\/\/www.voustenshoes.com\/fr\/santoni-weekender-taupe-41644-2\/","url":"https:\/\/www.voustenshoes.com\/fr\/santoni-weekender-taupe-41644-2\/","name":"SANTONI - Weekender Taupe (41644) - Vousten Shoes","isPartOf":{"@id":"https:\/\/www.voustenshoes.com\/nl\/#website"},"primaryImageOfPage":{"@id":"https:\/\/www.voustenshoes.com\/fr\/santoni-weekender-taupe-41644-2\/#primaryimage"},"image":{"@id":"https:\/\/www.voustenshoes.com\/fr\/santoni-weekender-taupe-41644-2\/#primaryimage"},"thumbnailUrl":"https:\/\/www.voustenshoes.com\/wp-content\/uploads\/2023\/06\/SANTONI-Weekender-Taupe-41644.png","datePublished":"2025-08-12T19:40:30+00:00","dateModified":"2026-02-05T10:28:45+00:00","breadcrumb":{"@id":"https:\/\/www.voustenshoes.com\/fr\/santoni-weekender-taupe-41644-2\/#breadcrumb"},"inLanguage":"fr-FR","potentialAction":[{"@type":"ReadAction","target":["https:\/\/www.voustenshoes.com\/fr\/santoni-weekender-taupe-41644-2\/"]}]},{"@type":"ImageObject","inLanguage":"fr-FR","@id":"https:\/\/www.voustenshoes.com\/fr\/santoni-weekender-taupe-41644-2\/#primaryimage","url":"https:\/\/www.voustenshoes.com\/wp-content\/uploads\/2023\/06\/SANTONI-Weekender-Taupe-41644.png","contentUrl":"https:\/\/www.voustenshoes.com\/wp-content\/uploads\/2023\/06\/SANTONI-Weekender-Taupe-41644.png","width":1920,"height":1920},{"@type":"BreadcrumbList","@id":"https:\/\/www.voustenshoes.com\/fr\/santoni-weekender-taupe-41644-2\/#breadcrumb","itemListElement":[{"@type":"ListItem","position":1,"name":"Home","item":"https:\/\/www.voustenshoes.com\/fr\/"},{"@type":"ListItem","position":2,"name":"Boutique","item":"https:\/\/www.voustenshoes.com\/fr\/shop\/"},{"@type":"ListItem","position":3,"name":"SANTONI &#8211; Weekender Taupe (41644)"}]},{"@type":"WebSite","@id":"https:\/\/www.voustenshoes.com\/nl\/#website","url":"https:\/\/www.voustenshoes.com\/nl\/","name":"Vousten Shoes","description":"","potentialAction":[{"@type":"SearchAction","target":{"@type":"EntryPoint","urlTemplate":"https:\/\/www.voustenshoes.com\/nl\/?s={search_term_string}"},"query-input":{"@type":"PropertyValueSpecification","valueRequired":true,"valueName":"search_term_string"}}],"inLanguage":"fr-FR"}]}},"_links":{"self":[{"href":"https:\/\/www.voustenshoes.com\/fr\/wp-json\/wp\/v2\/product\/219019","targetHints":{"allow":["GET"]}}],"collection":[{"href":"https:\/\/www.voustenshoes.com\/fr\/wp-json\/wp\/v2\/product"}],"about":[{"href":"https:\/\/www.voustenshoes.com\/fr\/wp-json\/wp\/v2\/types\/product"}],"replies":[{"embeddable":true,"href":"https:\/\/www.voustenshoes.com\/fr\/wp-json\/wp\/v2\/comments?post=219019"}],"wp:featuredmedia":[{"embeddable":true,"href":"https:\/\/www.voustenshoes.com\/fr\/wp-json\/wp\/v2\/media\/218939"}],"wp:attachment":[{"href":"https:\/\/www.voustenshoes.com\/fr\/wp-json\/wp\/v2\/media?parent=219019"}],"wp:term":[{"taxonomy":"product_cat","embeddable":true,"href":"https:\/\/www.voustenshoes.com\/fr\/wp-json\/wp\/v2\/product_cat?post=219019"},{"taxonomy":"product_tag","embeddable":true,"href":"https:\/\/www.voustenshoes.com\/fr\/wp-json\/wp\/v2\/product_tag?post=219019"}],"curies":[{"name":"wp","href":"https:\/\/api.w.org\/{rel}","templated":true}]}}