{"id":219171,"date":"2025-08-13T16:15:34","date_gmt":"2025-08-13T14:15:34","guid":{"rendered":"https:\/\/www.voustenshoes.com\/santoni-trousse-de-toilette-brun-fonce-41675\/"},"modified":"2026-02-05T11:28:57","modified_gmt":"2026-02-05T10:28:57","slug":"santoni-trousse-de-toilette-brun-fonce-41675","status":"publish","type":"product","link":"https:\/\/www.voustenshoes.com\/fr\/santoni-trousse-de-toilette-brun-fonce-41675\/","title":{"rendered":"SANTONI &#8211; Trousse de Toilette brun fonc\u00e9 (41675)"},"content":{"rendered":"<div>Cette \u00e9l\u00e9gante trousse de toilette Santoni est confectionn\u00e9e dans une \u00e9l\u00e9gante combinaison de cuir foulonn\u00e9 et de cuir lisse, ce dernier arborant la finition \u00ab velatura \u00bb signature de la Maison. Deux compartiments int\u00e9rieurs et une poche avant zipp\u00e9e permettent de ranger facilement tous vos produits cosm\u00e9tiques. La trousse est \u00e9galement dot\u00e9e d\u2019une poign\u00e9e lat\u00e9rale pour la suspendre.<\/div>\n<ul>\n<li>Confectionn\u00e9e en cuir foulonn\u00e9<\/li>\n<li>D\u00e9tails en cuir avec finition \u00ab velatura \u00bb<\/li>\n<li>Couleur : brun fonc\u00e9<\/li>\n<li>Poign\u00e9e sup\u00e9rieure<\/li>\n<li>Deux poches zipp\u00e9es<\/li>\n<li>Poche avant zipp\u00e9e<\/li>\n<li>Logo Santoni emboss\u00e9<\/li>\n<li>Coutures en cuir Arancio Santoni<\/li>\n<li>Fabriqu\u00e9 \u00e0 la main par Santoni en Italie<\/li>\n<li>R\u00e9f\u00e9rence : UFPPA2772FOAITBT50<\/li>\n<\/ul>\n","protected":false},"excerpt":{"rendered":"<p>Cette \u00e9l\u00e9gante trousse de toilette Santoni est confectionn\u00e9e dans une \u00e9l\u00e9gante combinaison de cuir foulonn\u00e9 et de cuir lisse, ce dernier arborant la finition \u00ab velatura \u00bb signature de la Maison. Deux compartiments int\u00e9rieurs et une poche avant zipp\u00e9e permettent de ranger facilement tous vos produits cosm\u00e9tiques. La trousse est \u00e9galement dot\u00e9e d\u2019une poign\u00e9e lat\u00e9rale [&#8230;]\n","protected":false},"featured_media":219115,"comment_status":"open","ping_status":"closed","template":"","meta":{"rank_math_lock_modified_date":false},"product_cat":[1136,1176,1268],"product_tag":[],"class_list":{"0":"post-219171","1":"product","2":"type-product","3":"status-publish","4":"has-post-thumbnail","6":"product_cat-heren-nl-fr","7":"product_cat-santoni-nl-fr","8":"product_cat-tassen-nl-fr","10":"first","11":"instock","12":"taxable","13":"shipping-taxable","14":"purchasable","15":"product-type-variable"},"acf":[],"yoast_head":"<!-- This site is optimized with the Yoast SEO plugin v23.9 - https:\/\/yoast.com\/wordpress\/plugins\/seo\/ -->\n<title>SANTONI - Trousse de Toilette brun fonc\u00e9 (41675) - Vousten Shoes<\/title>\n<meta name=\"robots\" content=\"index, follow, max-snippet:-1, max-image-preview:large, max-video-preview:-1\" \/>\n<link rel=\"canonical\" href=\"https:\/\/www.voustenshoes.com\/fr\/santoni-trousse-de-toilette-brun-fonce-41675\/\" \/>\n<meta property=\"og:locale\" content=\"fr_FR\" \/>\n<meta property=\"og:type\" content=\"article\" \/>\n<meta property=\"og:title\" content=\"SANTONI - Trousse de Toilette brun fonc\u00e9 (41675) - Vousten Shoes\" \/>\n<meta property=\"og:description\" content=\"Cette \u00e9l\u00e9gante trousse de toilette Santoni est confectionn\u00e9e dans une \u00e9l\u00e9gante combinaison de cuir foulonn\u00e9 et de cuir lisse, ce dernier arborant la finition \u00ab velatura \u00bb signature de la Maison. Deux compartiments int\u00e9rieurs et une poche avant zipp\u00e9e permettent de ranger facilement tous vos produits cosm\u00e9tiques. La trousse est \u00e9galement dot\u00e9e d\u2019une poign\u00e9e lat\u00e9rale [...]\" \/>\n<meta property=\"og:url\" content=\"https:\/\/www.voustenshoes.com\/fr\/santoni-trousse-de-toilette-brun-fonce-41675\/\" \/>\n<meta property=\"og:site_name\" content=\"Vousten Shoes\" \/>\n<meta property=\"article:modified_time\" content=\"2026-02-05T10:28:57+00:00\" \/>\n<meta property=\"og:image\" content=\"https:\/\/www.voustenshoes.com\/wp-content\/uploads\/2023\/06\/SANTONI-Toilettas-donkerbruin-41675.png\" \/>\n\t<meta property=\"og:image:width\" content=\"1920\" \/>\n\t<meta property=\"og:image:height\" content=\"1920\" \/>\n\t<meta property=\"og:image:type\" content=\"image\/png\" \/>\n<meta name=\"twitter:card\" content=\"summary_large_image\" \/>\n<meta name=\"twitter:label1\" content=\"Est. reading time\" \/>\n\t<meta name=\"twitter:data1\" content=\"1 minute\" \/>\n<script type=\"application\/ld+json\" class=\"yoast-schema-graph\">{\"@context\":\"https:\/\/schema.org\",\"@graph\":[{\"@type\":\"WebPage\",\"@id\":\"https:\/\/www.voustenshoes.com\/fr\/santoni-trousse-de-toilette-brun-fonce-41675\/\",\"url\":\"https:\/\/www.voustenshoes.com\/fr\/santoni-trousse-de-toilette-brun-fonce-41675\/\",\"name\":\"SANTONI - Trousse de Toilette brun fonc\u00e9 (41675) - Vousten Shoes\",\"isPartOf\":{\"@id\":\"https:\/\/www.voustenshoes.com\/nl\/#website\"},\"primaryImageOfPage\":{\"@id\":\"https:\/\/www.voustenshoes.com\/fr\/santoni-trousse-de-toilette-brun-fonce-41675\/#primaryimage\"},\"image\":{\"@id\":\"https:\/\/www.voustenshoes.com\/fr\/santoni-trousse-de-toilette-brun-fonce-41675\/#primaryimage\"},\"thumbnailUrl\":\"https:\/\/www.voustenshoes.com\/wp-content\/uploads\/2023\/06\/SANTONI-Toilettas-donkerbruin-41675.png\",\"datePublished\":\"2025-08-13T14:15:34+00:00\",\"dateModified\":\"2026-02-05T10:28:57+00:00\",\"breadcrumb\":{\"@id\":\"https:\/\/www.voustenshoes.com\/fr\/santoni-trousse-de-toilette-brun-fonce-41675\/#breadcrumb\"},\"inLanguage\":\"fr-FR\",\"potentialAction\":[{\"@type\":\"ReadAction\",\"target\":[\"https:\/\/www.voustenshoes.com\/fr\/santoni-trousse-de-toilette-brun-fonce-41675\/\"]}]},{\"@type\":\"ImageObject\",\"inLanguage\":\"fr-FR\",\"@id\":\"https:\/\/www.voustenshoes.com\/fr\/santoni-trousse-de-toilette-brun-fonce-41675\/#primaryimage\",\"url\":\"https:\/\/www.voustenshoes.com\/wp-content\/uploads\/2023\/06\/SANTONI-Toilettas-donkerbruin-41675.png\",\"contentUrl\":\"https:\/\/www.voustenshoes.com\/wp-content\/uploads\/2023\/06\/SANTONI-Toilettas-donkerbruin-41675.png\",\"width\":1920,\"height\":1920},{\"@type\":\"BreadcrumbList\",\"@id\":\"https:\/\/www.voustenshoes.com\/fr\/santoni-trousse-de-toilette-brun-fonce-41675\/#breadcrumb\",\"itemListElement\":[{\"@type\":\"ListItem\",\"position\":1,\"name\":\"Home\",\"item\":\"https:\/\/www.voustenshoes.com\/fr\/\"},{\"@type\":\"ListItem\",\"position\":2,\"name\":\"Boutique\",\"item\":\"https:\/\/www.voustenshoes.com\/fr\/shop\/\"},{\"@type\":\"ListItem\",\"position\":3,\"name\":\"SANTONI &#8211; Trousse de Toilette brun fonc\u00e9 (41675)\"}]},{\"@type\":\"WebSite\",\"@id\":\"https:\/\/www.voustenshoes.com\/nl\/#website\",\"url\":\"https:\/\/www.voustenshoes.com\/nl\/\",\"name\":\"Vousten Shoes\",\"description\":\"\",\"potentialAction\":[{\"@type\":\"SearchAction\",\"target\":{\"@type\":\"EntryPoint\",\"urlTemplate\":\"https:\/\/www.voustenshoes.com\/nl\/?s={search_term_string}\"},\"query-input\":{\"@type\":\"PropertyValueSpecification\",\"valueRequired\":true,\"valueName\":\"search_term_string\"}}],\"inLanguage\":\"fr-FR\"}]}<\/script>\n<!-- \/ Yoast SEO plugin. -->","yoast_head_json":{"title":"SANTONI - Trousse de Toilette brun fonc\u00e9 (41675) - Vousten Shoes","robots":{"index":"index","follow":"follow","max-snippet":"max-snippet:-1","max-image-preview":"max-image-preview:large","max-video-preview":"max-video-preview:-1"},"canonical":"https:\/\/www.voustenshoes.com\/fr\/santoni-trousse-de-toilette-brun-fonce-41675\/","og_locale":"fr_FR","og_type":"article","og_title":"SANTONI - Trousse de Toilette brun fonc\u00e9 (41675) - Vousten Shoes","og_description":"Cette \u00e9l\u00e9gante trousse de toilette Santoni est confectionn\u00e9e dans une \u00e9l\u00e9gante combinaison de cuir foulonn\u00e9 et de cuir lisse, ce dernier arborant la finition \u00ab velatura \u00bb signature de la Maison. Deux compartiments int\u00e9rieurs et une poche avant zipp\u00e9e permettent de ranger facilement tous vos produits cosm\u00e9tiques. La trousse est \u00e9galement dot\u00e9e d\u2019une poign\u00e9e lat\u00e9rale [...]","og_url":"https:\/\/www.voustenshoes.com\/fr\/santoni-trousse-de-toilette-brun-fonce-41675\/","og_site_name":"Vousten Shoes","article_modified_time":"2026-02-05T10:28:57+00:00","og_image":[{"width":1920,"height":1920,"url":"https:\/\/www.voustenshoes.com\/wp-content\/uploads\/2023\/06\/SANTONI-Toilettas-donkerbruin-41675.png","type":"image\/png"}],"twitter_card":"summary_large_image","twitter_misc":{"Est. reading time":"1 minute"},"schema":{"@context":"https:\/\/schema.org","@graph":[{"@type":"WebPage","@id":"https:\/\/www.voustenshoes.com\/fr\/santoni-trousse-de-toilette-brun-fonce-41675\/","url":"https:\/\/www.voustenshoes.com\/fr\/santoni-trousse-de-toilette-brun-fonce-41675\/","name":"SANTONI - Trousse de Toilette brun fonc\u00e9 (41675) - Vousten Shoes","isPartOf":{"@id":"https:\/\/www.voustenshoes.com\/nl\/#website"},"primaryImageOfPage":{"@id":"https:\/\/www.voustenshoes.com\/fr\/santoni-trousse-de-toilette-brun-fonce-41675\/#primaryimage"},"image":{"@id":"https:\/\/www.voustenshoes.com\/fr\/santoni-trousse-de-toilette-brun-fonce-41675\/#primaryimage"},"thumbnailUrl":"https:\/\/www.voustenshoes.com\/wp-content\/uploads\/2023\/06\/SANTONI-Toilettas-donkerbruin-41675.png","datePublished":"2025-08-13T14:15:34+00:00","dateModified":"2026-02-05T10:28:57+00:00","breadcrumb":{"@id":"https:\/\/www.voustenshoes.com\/fr\/santoni-trousse-de-toilette-brun-fonce-41675\/#breadcrumb"},"inLanguage":"fr-FR","potentialAction":[{"@type":"ReadAction","target":["https:\/\/www.voustenshoes.com\/fr\/santoni-trousse-de-toilette-brun-fonce-41675\/"]}]},{"@type":"ImageObject","inLanguage":"fr-FR","@id":"https:\/\/www.voustenshoes.com\/fr\/santoni-trousse-de-toilette-brun-fonce-41675\/#primaryimage","url":"https:\/\/www.voustenshoes.com\/wp-content\/uploads\/2023\/06\/SANTONI-Toilettas-donkerbruin-41675.png","contentUrl":"https:\/\/www.voustenshoes.com\/wp-content\/uploads\/2023\/06\/SANTONI-Toilettas-donkerbruin-41675.png","width":1920,"height":1920},{"@type":"BreadcrumbList","@id":"https:\/\/www.voustenshoes.com\/fr\/santoni-trousse-de-toilette-brun-fonce-41675\/#breadcrumb","itemListElement":[{"@type":"ListItem","position":1,"name":"Home","item":"https:\/\/www.voustenshoes.com\/fr\/"},{"@type":"ListItem","position":2,"name":"Boutique","item":"https:\/\/www.voustenshoes.com\/fr\/shop\/"},{"@type":"ListItem","position":3,"name":"SANTONI &#8211; Trousse de Toilette brun fonc\u00e9 (41675)"}]},{"@type":"WebSite","@id":"https:\/\/www.voustenshoes.com\/nl\/#website","url":"https:\/\/www.voustenshoes.com\/nl\/","name":"Vousten Shoes","description":"","potentialAction":[{"@type":"SearchAction","target":{"@type":"EntryPoint","urlTemplate":"https:\/\/www.voustenshoes.com\/nl\/?s={search_term_string}"},"query-input":{"@type":"PropertyValueSpecification","valueRequired":true,"valueName":"search_term_string"}}],"inLanguage":"fr-FR"}]}},"_links":{"self":[{"href":"https:\/\/www.voustenshoes.com\/fr\/wp-json\/wp\/v2\/product\/219171","targetHints":{"allow":["GET"]}}],"collection":[{"href":"https:\/\/www.voustenshoes.com\/fr\/wp-json\/wp\/v2\/product"}],"about":[{"href":"https:\/\/www.voustenshoes.com\/fr\/wp-json\/wp\/v2\/types\/product"}],"replies":[{"embeddable":true,"href":"https:\/\/www.voustenshoes.com\/fr\/wp-json\/wp\/v2\/comments?post=219171"}],"wp:featuredmedia":[{"embeddable":true,"href":"https:\/\/www.voustenshoes.com\/fr\/wp-json\/wp\/v2\/media\/219115"}],"wp:attachment":[{"href":"https:\/\/www.voustenshoes.com\/fr\/wp-json\/wp\/v2\/media?parent=219171"}],"wp:term":[{"taxonomy":"product_cat","embeddable":true,"href":"https:\/\/www.voustenshoes.com\/fr\/wp-json\/wp\/v2\/product_cat?post=219171"},{"taxonomy":"product_tag","embeddable":true,"href":"https:\/\/www.voustenshoes.com\/fr\/wp-json\/wp\/v2\/product_tag?post=219171"}],"curies":[{"name":"wp","href":"https:\/\/api.w.org\/{rel}","templated":true}]}}