{"id":220665,"date":"2025-10-31T04:33:29","date_gmt":"2025-10-31T03:33:29","guid":{"rendered":"https:\/\/www.voustenshoes.com\/santoni-aramis-41925-2\/"},"modified":"2026-02-05T11:29:44","modified_gmt":"2026-02-05T10:29:44","slug":"santoni-aramis-41925-2","status":"publish","type":"product","link":"https:\/\/www.voustenshoes.com\/fr\/santoni-aramis-41925-2\/","title":{"rendered":"SANTONI &#8211; Aramis (41925)"},"content":{"rendered":"<p>La Santoni Aramis est une basket slip-on classique de Santoni, mais avec un mod\u00e8le haut moderne revisit\u00e9. Ce mod\u00e8le allie \u00e0 la perfection style et confort. Il est confectionn\u00e9 en daim \u00e9l\u00e9gant et dot\u00e9 d&rsquo;une languette au talon pour plus de commodit\u00e9. Une semelle en caoutchouc de la m\u00eame couleur accentue son look \u00e9pur\u00e9, tandis qu&rsquo;un d\u00e9tail contrast\u00e9 sur le profil met en valeur deux caract\u00e9ristiques stylistiques embl\u00e9matiques : la double boucle distinctive de Santoni et la couleur orange Arancio Santoni. Cette basket est bleu fonc\u00e9 et pr\u00e9sente des nuances noires color\u00e9es \u00e0 la main.<\/p>\n<ul>\n<li>Largeur : standard \u00e0 large<\/li>\n<li>Fermeture : aucune<\/li>\n<li>D\u00e9tail : coutures d\u00e9coratives<\/li>\n<li>Ext\u00e9rieur : cuir su\u00e9d\u00e9<\/li>\n<li>Int\u00e9rieur : cuir<\/li>\n<li>Semelle : caoutchouc<\/li>\n<li>Taille standard<\/li>\n<li>Ceinture assortie disponible<\/li>\n<li>Ces chaussures Santoni sont fabriqu\u00e9es \u00e0 la main en Italie.<\/li>\n<li>R\u00e9f\u00e9rence : MBCD22105OCATGELU60<\/li>\n<\/ul>\n<p>Livr\u00e9es dans leur bo\u00eete Santoni d&rsquo;origine, avec sacs en tissu assortis.<\/p>\n","protected":false},"excerpt":{"rendered":"<p>La Santoni Aramis est une basket slip-on classique de Santoni, mais avec un mod\u00e8le haut moderne revisit\u00e9. Ce mod\u00e8le allie \u00e0 la perfection style et confort. Il est confectionn\u00e9 en daim \u00e9l\u00e9gant et dot\u00e9 d&rsquo;une languette au talon pour plus de commodit\u00e9. Une semelle en caoutchouc de la m\u00eame couleur accentue son look \u00e9pur\u00e9, tandis [&#8230;]\n","protected":false},"featured_media":220609,"comment_status":"open","ping_status":"closed","template":"","meta":{"rank_math_lock_modified_date":false},"product_cat":[1126,1129,1136,1171,1176,1254,1272],"product_tag":[],"class_list":{"0":"post-220665","1":"product","2":"type-product","3":"status-publish","4":"has-post-thumbnail","6":"product_cat-hoge-santoni-sneakers-en-2-fr","7":"product_cat-herenschoenen-nl-fr","8":"product_cat-heren-nl-fr","9":"product_cat-schoenen-nl-fr","10":"product_cat-santoni-nl-fr","11":"product_cat-vousten-sports-nl-fr","12":"product_cat-sneakers-nl-fr","14":"first","15":"instock","16":"taxable","17":"shipping-taxable","18":"purchasable","19":"product-type-variable"},"acf":[],"yoast_head":"<!-- This site is optimized with the Yoast SEO plugin v23.9 - https:\/\/yoast.com\/wordpress\/plugins\/seo\/ -->\n<title>SANTONI - Aramis (41925) - Vousten Shoes<\/title>\n<meta name=\"robots\" content=\"index, follow, max-snippet:-1, max-image-preview:large, max-video-preview:-1\" \/>\n<link rel=\"canonical\" href=\"https:\/\/www.voustenshoes.com\/fr\/santoni-aramis-41925-2\/\" \/>\n<meta property=\"og:locale\" content=\"fr_FR\" \/>\n<meta property=\"og:type\" content=\"article\" \/>\n<meta property=\"og:title\" content=\"SANTONI - Aramis (41925) - Vousten Shoes\" \/>\n<meta property=\"og:description\" content=\"La Santoni Aramis est une basket slip-on classique de Santoni, mais avec un mod\u00e8le haut moderne revisit\u00e9. Ce mod\u00e8le allie \u00e0 la perfection style et confort. Il est confectionn\u00e9 en daim \u00e9l\u00e9gant et dot\u00e9 d&rsquo;une languette au talon pour plus de commodit\u00e9. Une semelle en caoutchouc de la m\u00eame couleur accentue son look \u00e9pur\u00e9, tandis [...]\" \/>\n<meta property=\"og:url\" content=\"https:\/\/www.voustenshoes.com\/fr\/santoni-aramis-41925-2\/\" \/>\n<meta property=\"og:site_name\" content=\"Vousten Shoes\" \/>\n<meta property=\"article:modified_time\" content=\"2026-02-05T10:29:44+00:00\" \/>\n<meta property=\"og:image\" content=\"https:\/\/www.voustenshoes.com\/wp-content\/uploads\/2023\/06\/Santoni-Aramis-41925.png\" \/>\n\t<meta property=\"og:image:width\" content=\"1550\" \/>\n\t<meta property=\"og:image:height\" content=\"1800\" \/>\n\t<meta property=\"og:image:type\" content=\"image\/png\" \/>\n<meta name=\"twitter:card\" content=\"summary_large_image\" \/>\n<meta name=\"twitter:label1\" content=\"Est. reading time\" \/>\n\t<meta name=\"twitter:data1\" content=\"1 minute\" \/>\n<script type=\"application\/ld+json\" class=\"yoast-schema-graph\">{\"@context\":\"https:\/\/schema.org\",\"@graph\":[{\"@type\":\"WebPage\",\"@id\":\"https:\/\/www.voustenshoes.com\/fr\/santoni-aramis-41925-2\/\",\"url\":\"https:\/\/www.voustenshoes.com\/fr\/santoni-aramis-41925-2\/\",\"name\":\"SANTONI - Aramis (41925) - Vousten Shoes\",\"isPartOf\":{\"@id\":\"https:\/\/www.voustenshoes.com\/nl\/#website\"},\"primaryImageOfPage\":{\"@id\":\"https:\/\/www.voustenshoes.com\/fr\/santoni-aramis-41925-2\/#primaryimage\"},\"image\":{\"@id\":\"https:\/\/www.voustenshoes.com\/fr\/santoni-aramis-41925-2\/#primaryimage\"},\"thumbnailUrl\":\"https:\/\/www.voustenshoes.com\/wp-content\/uploads\/2023\/06\/Santoni-Aramis-41925.png\",\"datePublished\":\"2025-10-31T03:33:29+00:00\",\"dateModified\":\"2026-02-05T10:29:44+00:00\",\"breadcrumb\":{\"@id\":\"https:\/\/www.voustenshoes.com\/fr\/santoni-aramis-41925-2\/#breadcrumb\"},\"inLanguage\":\"fr-FR\",\"potentialAction\":[{\"@type\":\"ReadAction\",\"target\":[\"https:\/\/www.voustenshoes.com\/fr\/santoni-aramis-41925-2\/\"]}]},{\"@type\":\"ImageObject\",\"inLanguage\":\"fr-FR\",\"@id\":\"https:\/\/www.voustenshoes.com\/fr\/santoni-aramis-41925-2\/#primaryimage\",\"url\":\"https:\/\/www.voustenshoes.com\/wp-content\/uploads\/2023\/06\/Santoni-Aramis-41925.png\",\"contentUrl\":\"https:\/\/www.voustenshoes.com\/wp-content\/uploads\/2023\/06\/Santoni-Aramis-41925.png\",\"width\":1550,\"height\":1800},{\"@type\":\"BreadcrumbList\",\"@id\":\"https:\/\/www.voustenshoes.com\/fr\/santoni-aramis-41925-2\/#breadcrumb\",\"itemListElement\":[{\"@type\":\"ListItem\",\"position\":1,\"name\":\"Home\",\"item\":\"https:\/\/www.voustenshoes.com\/fr\/\"},{\"@type\":\"ListItem\",\"position\":2,\"name\":\"Boutique\",\"item\":\"https:\/\/www.voustenshoes.com\/fr\/shop\/\"},{\"@type\":\"ListItem\",\"position\":3,\"name\":\"SANTONI &#8211; Aramis (41925)\"}]},{\"@type\":\"WebSite\",\"@id\":\"https:\/\/www.voustenshoes.com\/nl\/#website\",\"url\":\"https:\/\/www.voustenshoes.com\/nl\/\",\"name\":\"Vousten Shoes\",\"description\":\"\",\"potentialAction\":[{\"@type\":\"SearchAction\",\"target\":{\"@type\":\"EntryPoint\",\"urlTemplate\":\"https:\/\/www.voustenshoes.com\/nl\/?s={search_term_string}\"},\"query-input\":{\"@type\":\"PropertyValueSpecification\",\"valueRequired\":true,\"valueName\":\"search_term_string\"}}],\"inLanguage\":\"fr-FR\"}]}<\/script>\n<!-- \/ Yoast SEO plugin. -->","yoast_head_json":{"title":"SANTONI - Aramis (41925) - Vousten Shoes","robots":{"index":"index","follow":"follow","max-snippet":"max-snippet:-1","max-image-preview":"max-image-preview:large","max-video-preview":"max-video-preview:-1"},"canonical":"https:\/\/www.voustenshoes.com\/fr\/santoni-aramis-41925-2\/","og_locale":"fr_FR","og_type":"article","og_title":"SANTONI - Aramis (41925) - Vousten Shoes","og_description":"La Santoni Aramis est une basket slip-on classique de Santoni, mais avec un mod\u00e8le haut moderne revisit\u00e9. Ce mod\u00e8le allie \u00e0 la perfection style et confort. Il est confectionn\u00e9 en daim \u00e9l\u00e9gant et dot\u00e9 d&rsquo;une languette au talon pour plus de commodit\u00e9. Une semelle en caoutchouc de la m\u00eame couleur accentue son look \u00e9pur\u00e9, tandis [...]","og_url":"https:\/\/www.voustenshoes.com\/fr\/santoni-aramis-41925-2\/","og_site_name":"Vousten Shoes","article_modified_time":"2026-02-05T10:29:44+00:00","og_image":[{"width":1550,"height":1800,"url":"https:\/\/www.voustenshoes.com\/wp-content\/uploads\/2023\/06\/Santoni-Aramis-41925.png","type":"image\/png"}],"twitter_card":"summary_large_image","twitter_misc":{"Est. reading time":"1 minute"},"schema":{"@context":"https:\/\/schema.org","@graph":[{"@type":"WebPage","@id":"https:\/\/www.voustenshoes.com\/fr\/santoni-aramis-41925-2\/","url":"https:\/\/www.voustenshoes.com\/fr\/santoni-aramis-41925-2\/","name":"SANTONI - Aramis (41925) - Vousten Shoes","isPartOf":{"@id":"https:\/\/www.voustenshoes.com\/nl\/#website"},"primaryImageOfPage":{"@id":"https:\/\/www.voustenshoes.com\/fr\/santoni-aramis-41925-2\/#primaryimage"},"image":{"@id":"https:\/\/www.voustenshoes.com\/fr\/santoni-aramis-41925-2\/#primaryimage"},"thumbnailUrl":"https:\/\/www.voustenshoes.com\/wp-content\/uploads\/2023\/06\/Santoni-Aramis-41925.png","datePublished":"2025-10-31T03:33:29+00:00","dateModified":"2026-02-05T10:29:44+00:00","breadcrumb":{"@id":"https:\/\/www.voustenshoes.com\/fr\/santoni-aramis-41925-2\/#breadcrumb"},"inLanguage":"fr-FR","potentialAction":[{"@type":"ReadAction","target":["https:\/\/www.voustenshoes.com\/fr\/santoni-aramis-41925-2\/"]}]},{"@type":"ImageObject","inLanguage":"fr-FR","@id":"https:\/\/www.voustenshoes.com\/fr\/santoni-aramis-41925-2\/#primaryimage","url":"https:\/\/www.voustenshoes.com\/wp-content\/uploads\/2023\/06\/Santoni-Aramis-41925.png","contentUrl":"https:\/\/www.voustenshoes.com\/wp-content\/uploads\/2023\/06\/Santoni-Aramis-41925.png","width":1550,"height":1800},{"@type":"BreadcrumbList","@id":"https:\/\/www.voustenshoes.com\/fr\/santoni-aramis-41925-2\/#breadcrumb","itemListElement":[{"@type":"ListItem","position":1,"name":"Home","item":"https:\/\/www.voustenshoes.com\/fr\/"},{"@type":"ListItem","position":2,"name":"Boutique","item":"https:\/\/www.voustenshoes.com\/fr\/shop\/"},{"@type":"ListItem","position":3,"name":"SANTONI &#8211; Aramis (41925)"}]},{"@type":"WebSite","@id":"https:\/\/www.voustenshoes.com\/nl\/#website","url":"https:\/\/www.voustenshoes.com\/nl\/","name":"Vousten Shoes","description":"","potentialAction":[{"@type":"SearchAction","target":{"@type":"EntryPoint","urlTemplate":"https:\/\/www.voustenshoes.com\/nl\/?s={search_term_string}"},"query-input":{"@type":"PropertyValueSpecification","valueRequired":true,"valueName":"search_term_string"}}],"inLanguage":"fr-FR"}]}},"_links":{"self":[{"href":"https:\/\/www.voustenshoes.com\/fr\/wp-json\/wp\/v2\/product\/220665","targetHints":{"allow":["GET"]}}],"collection":[{"href":"https:\/\/www.voustenshoes.com\/fr\/wp-json\/wp\/v2\/product"}],"about":[{"href":"https:\/\/www.voustenshoes.com\/fr\/wp-json\/wp\/v2\/types\/product"}],"replies":[{"embeddable":true,"href":"https:\/\/www.voustenshoes.com\/fr\/wp-json\/wp\/v2\/comments?post=220665"}],"wp:featuredmedia":[{"embeddable":true,"href":"https:\/\/www.voustenshoes.com\/fr\/wp-json\/wp\/v2\/media\/220609"}],"wp:attachment":[{"href":"https:\/\/www.voustenshoes.com\/fr\/wp-json\/wp\/v2\/media?parent=220665"}],"wp:term":[{"taxonomy":"product_cat","embeddable":true,"href":"https:\/\/www.voustenshoes.com\/fr\/wp-json\/wp\/v2\/product_cat?post=220665"},{"taxonomy":"product_tag","embeddable":true,"href":"https:\/\/www.voustenshoes.com\/fr\/wp-json\/wp\/v2\/product_tag?post=220665"}],"curies":[{"name":"wp","href":"https:\/\/api.w.org\/{rel}","templated":true}]}}