{"id":221213,"date":"2025-11-07T17:59:41","date_gmt":"2025-11-07T16:59:41","guid":{"rendered":"https:\/\/www.voustenshoes.com\/santoni-crossbody-sac-bleu-41689\/"},"modified":"2026-02-05T11:29:06","modified_gmt":"2026-02-05T10:29:06","slug":"santoni-crossbody-sac-bleu-41689","status":"publish","type":"product","link":"https:\/\/www.voustenshoes.com\/fr\/santoni-crossbody-sac-bleu-41689\/","title":{"rendered":"SANTONI &#8211; Crossbody Sac Bleu (41689)"},"content":{"rendered":"<p>Sac en cuir style messager avec bords en cuir ton sur ton.<\/p>\n<ul>\n<li>3 fermetures \u00e0 glissi\u00e8re.<\/li>\n<li>Tirette et d\u00e9tails en cuir assortis.<\/li>\n<li>Bandouli\u00e8re r\u00e9glable.<\/li>\n<li>Dimensions : 23 x 22 x 8 cm.<\/li>\n<li>Fabriqu\u00e9 \u00e0 la main par Santoni en Italie.<\/li>\n<\/ul>\n","protected":false},"excerpt":{"rendered":"<p>Sac en cuir style messager avec bords en cuir ton sur ton. 3 fermetures \u00e0 glissi\u00e8re. Tirette et d\u00e9tails en cuir assortis. Bandouli\u00e8re r\u00e9glable. Dimensions : 23 x 22 x 8 cm. Fabriqu\u00e9 \u00e0 la main par Santoni en Italie.<\/p>\n","protected":false},"featured_media":221165,"comment_status":"open","ping_status":"closed","template":"","meta":{"rank_math_lock_modified_date":false},"product_cat":[1136,1176,1268,1407],"product_tag":[],"class_list":{"0":"post-221213","1":"product","2":"type-product","3":"status-publish","4":"has-post-thumbnail","6":"product_cat-heren-nl-fr","7":"product_cat-santoni-nl-fr","8":"product_cat-tassen-nl-fr","9":"product_cat-gifts-fr","11":"first","12":"instock","13":"taxable","14":"shipping-taxable","15":"purchasable","16":"product-type-variable"},"acf":[],"yoast_head":"<!-- This site is optimized with the Yoast SEO plugin v23.9 - https:\/\/yoast.com\/wordpress\/plugins\/seo\/ -->\n<title>SANTONI - Crossbody Sac Bleu (41689) - Vousten Shoes<\/title>\n<meta name=\"robots\" content=\"index, follow, max-snippet:-1, max-image-preview:large, max-video-preview:-1\" \/>\n<link rel=\"canonical\" href=\"https:\/\/www.voustenshoes.com\/fr\/santoni-crossbody-sac-bleu-41689\/\" \/>\n<meta property=\"og:locale\" content=\"fr_FR\" \/>\n<meta property=\"og:type\" content=\"article\" \/>\n<meta property=\"og:title\" content=\"SANTONI - Crossbody Sac Bleu (41689) - Vousten Shoes\" \/>\n<meta property=\"og:description\" content=\"Sac en cuir style messager avec bords en cuir ton sur ton. 3 fermetures \u00e0 glissi\u00e8re. Tirette et d\u00e9tails en cuir assortis. Bandouli\u00e8re r\u00e9glable. Dimensions : 23 x 22 x 8 cm. Fabriqu\u00e9 \u00e0 la main par Santoni en Italie.\" \/>\n<meta property=\"og:url\" content=\"https:\/\/www.voustenshoes.com\/fr\/santoni-crossbody-sac-bleu-41689\/\" \/>\n<meta property=\"og:site_name\" content=\"Vousten Shoes\" \/>\n<meta property=\"article:modified_time\" content=\"2026-02-05T10:29:06+00:00\" \/>\n<meta property=\"og:image\" content=\"https:\/\/www.voustenshoes.com\/wp-content\/uploads\/2023\/06\/SANTONI-Crossbody-Tas-blauw-41468-1.png\" \/>\n\t<meta property=\"og:image:width\" content=\"1550\" \/>\n\t<meta property=\"og:image:height\" content=\"1800\" \/>\n\t<meta property=\"og:image:type\" content=\"image\/png\" \/>\n<meta name=\"twitter:card\" content=\"summary_large_image\" \/>\n<script type=\"application\/ld+json\" class=\"yoast-schema-graph\">{\"@context\":\"https:\/\/schema.org\",\"@graph\":[{\"@type\":\"WebPage\",\"@id\":\"https:\/\/www.voustenshoes.com\/fr\/santoni-crossbody-sac-bleu-41689\/\",\"url\":\"https:\/\/www.voustenshoes.com\/fr\/santoni-crossbody-sac-bleu-41689\/\",\"name\":\"SANTONI - Crossbody Sac Bleu (41689) - Vousten Shoes\",\"isPartOf\":{\"@id\":\"https:\/\/www.voustenshoes.com\/nl\/#website\"},\"primaryImageOfPage\":{\"@id\":\"https:\/\/www.voustenshoes.com\/fr\/santoni-crossbody-sac-bleu-41689\/#primaryimage\"},\"image\":{\"@id\":\"https:\/\/www.voustenshoes.com\/fr\/santoni-crossbody-sac-bleu-41689\/#primaryimage\"},\"thumbnailUrl\":\"https:\/\/www.voustenshoes.com\/wp-content\/uploads\/2023\/06\/SANTONI-Crossbody-Tas-blauw-41468-1.png\",\"datePublished\":\"2025-11-07T16:59:41+00:00\",\"dateModified\":\"2026-02-05T10:29:06+00:00\",\"breadcrumb\":{\"@id\":\"https:\/\/www.voustenshoes.com\/fr\/santoni-crossbody-sac-bleu-41689\/#breadcrumb\"},\"inLanguage\":\"fr-FR\",\"potentialAction\":[{\"@type\":\"ReadAction\",\"target\":[\"https:\/\/www.voustenshoes.com\/fr\/santoni-crossbody-sac-bleu-41689\/\"]}]},{\"@type\":\"ImageObject\",\"inLanguage\":\"fr-FR\",\"@id\":\"https:\/\/www.voustenshoes.com\/fr\/santoni-crossbody-sac-bleu-41689\/#primaryimage\",\"url\":\"https:\/\/www.voustenshoes.com\/wp-content\/uploads\/2023\/06\/SANTONI-Crossbody-Tas-blauw-41468-1.png\",\"contentUrl\":\"https:\/\/www.voustenshoes.com\/wp-content\/uploads\/2023\/06\/SANTONI-Crossbody-Tas-blauw-41468-1.png\",\"width\":1550,\"height\":1800},{\"@type\":\"BreadcrumbList\",\"@id\":\"https:\/\/www.voustenshoes.com\/fr\/santoni-crossbody-sac-bleu-41689\/#breadcrumb\",\"itemListElement\":[{\"@type\":\"ListItem\",\"position\":1,\"name\":\"Home\",\"item\":\"https:\/\/www.voustenshoes.com\/fr\/\"},{\"@type\":\"ListItem\",\"position\":2,\"name\":\"Boutique\",\"item\":\"https:\/\/www.voustenshoes.com\/fr\/shop\/\"},{\"@type\":\"ListItem\",\"position\":3,\"name\":\"SANTONI &#8211; Crossbody Sac Bleu (41689)\"}]},{\"@type\":\"WebSite\",\"@id\":\"https:\/\/www.voustenshoes.com\/nl\/#website\",\"url\":\"https:\/\/www.voustenshoes.com\/nl\/\",\"name\":\"Vousten Shoes\",\"description\":\"\",\"potentialAction\":[{\"@type\":\"SearchAction\",\"target\":{\"@type\":\"EntryPoint\",\"urlTemplate\":\"https:\/\/www.voustenshoes.com\/nl\/?s={search_term_string}\"},\"query-input\":{\"@type\":\"PropertyValueSpecification\",\"valueRequired\":true,\"valueName\":\"search_term_string\"}}],\"inLanguage\":\"fr-FR\"}]}<\/script>\n<!-- \/ Yoast SEO plugin. -->","yoast_head_json":{"title":"SANTONI - Crossbody Sac Bleu (41689) - Vousten Shoes","robots":{"index":"index","follow":"follow","max-snippet":"max-snippet:-1","max-image-preview":"max-image-preview:large","max-video-preview":"max-video-preview:-1"},"canonical":"https:\/\/www.voustenshoes.com\/fr\/santoni-crossbody-sac-bleu-41689\/","og_locale":"fr_FR","og_type":"article","og_title":"SANTONI - Crossbody Sac Bleu (41689) - Vousten Shoes","og_description":"Sac en cuir style messager avec bords en cuir ton sur ton. 3 fermetures \u00e0 glissi\u00e8re. Tirette et d\u00e9tails en cuir assortis. Bandouli\u00e8re r\u00e9glable. Dimensions : 23 x 22 x 8 cm. Fabriqu\u00e9 \u00e0 la main par Santoni en Italie.","og_url":"https:\/\/www.voustenshoes.com\/fr\/santoni-crossbody-sac-bleu-41689\/","og_site_name":"Vousten Shoes","article_modified_time":"2026-02-05T10:29:06+00:00","og_image":[{"width":1550,"height":1800,"url":"https:\/\/www.voustenshoes.com\/wp-content\/uploads\/2023\/06\/SANTONI-Crossbody-Tas-blauw-41468-1.png","type":"image\/png"}],"twitter_card":"summary_large_image","schema":{"@context":"https:\/\/schema.org","@graph":[{"@type":"WebPage","@id":"https:\/\/www.voustenshoes.com\/fr\/santoni-crossbody-sac-bleu-41689\/","url":"https:\/\/www.voustenshoes.com\/fr\/santoni-crossbody-sac-bleu-41689\/","name":"SANTONI - Crossbody Sac Bleu (41689) - Vousten Shoes","isPartOf":{"@id":"https:\/\/www.voustenshoes.com\/nl\/#website"},"primaryImageOfPage":{"@id":"https:\/\/www.voustenshoes.com\/fr\/santoni-crossbody-sac-bleu-41689\/#primaryimage"},"image":{"@id":"https:\/\/www.voustenshoes.com\/fr\/santoni-crossbody-sac-bleu-41689\/#primaryimage"},"thumbnailUrl":"https:\/\/www.voustenshoes.com\/wp-content\/uploads\/2023\/06\/SANTONI-Crossbody-Tas-blauw-41468-1.png","datePublished":"2025-11-07T16:59:41+00:00","dateModified":"2026-02-05T10:29:06+00:00","breadcrumb":{"@id":"https:\/\/www.voustenshoes.com\/fr\/santoni-crossbody-sac-bleu-41689\/#breadcrumb"},"inLanguage":"fr-FR","potentialAction":[{"@type":"ReadAction","target":["https:\/\/www.voustenshoes.com\/fr\/santoni-crossbody-sac-bleu-41689\/"]}]},{"@type":"ImageObject","inLanguage":"fr-FR","@id":"https:\/\/www.voustenshoes.com\/fr\/santoni-crossbody-sac-bleu-41689\/#primaryimage","url":"https:\/\/www.voustenshoes.com\/wp-content\/uploads\/2023\/06\/SANTONI-Crossbody-Tas-blauw-41468-1.png","contentUrl":"https:\/\/www.voustenshoes.com\/wp-content\/uploads\/2023\/06\/SANTONI-Crossbody-Tas-blauw-41468-1.png","width":1550,"height":1800},{"@type":"BreadcrumbList","@id":"https:\/\/www.voustenshoes.com\/fr\/santoni-crossbody-sac-bleu-41689\/#breadcrumb","itemListElement":[{"@type":"ListItem","position":1,"name":"Home","item":"https:\/\/www.voustenshoes.com\/fr\/"},{"@type":"ListItem","position":2,"name":"Boutique","item":"https:\/\/www.voustenshoes.com\/fr\/shop\/"},{"@type":"ListItem","position":3,"name":"SANTONI &#8211; Crossbody Sac Bleu (41689)"}]},{"@type":"WebSite","@id":"https:\/\/www.voustenshoes.com\/nl\/#website","url":"https:\/\/www.voustenshoes.com\/nl\/","name":"Vousten Shoes","description":"","potentialAction":[{"@type":"SearchAction","target":{"@type":"EntryPoint","urlTemplate":"https:\/\/www.voustenshoes.com\/nl\/?s={search_term_string}"},"query-input":{"@type":"PropertyValueSpecification","valueRequired":true,"valueName":"search_term_string"}}],"inLanguage":"fr-FR"}]}},"_links":{"self":[{"href":"https:\/\/www.voustenshoes.com\/fr\/wp-json\/wp\/v2\/product\/221213","targetHints":{"allow":["GET"]}}],"collection":[{"href":"https:\/\/www.voustenshoes.com\/fr\/wp-json\/wp\/v2\/product"}],"about":[{"href":"https:\/\/www.voustenshoes.com\/fr\/wp-json\/wp\/v2\/types\/product"}],"replies":[{"embeddable":true,"href":"https:\/\/www.voustenshoes.com\/fr\/wp-json\/wp\/v2\/comments?post=221213"}],"wp:featuredmedia":[{"embeddable":true,"href":"https:\/\/www.voustenshoes.com\/fr\/wp-json\/wp\/v2\/media\/221165"}],"wp:attachment":[{"href":"https:\/\/www.voustenshoes.com\/fr\/wp-json\/wp\/v2\/media?parent=221213"}],"wp:term":[{"taxonomy":"product_cat","embeddable":true,"href":"https:\/\/www.voustenshoes.com\/fr\/wp-json\/wp\/v2\/product_cat?post=221213"},{"taxonomy":"product_tag","embeddable":true,"href":"https:\/\/www.voustenshoes.com\/fr\/wp-json\/wp\/v2\/product_tag?post=221213"}],"curies":[{"name":"wp","href":"https:\/\/api.w.org\/{rel}","templated":true}]}}