{"id":221566,"date":"2025-12-08T15:27:09","date_gmt":"2025-12-08T14:27:09","guid":{"rendered":"https:\/\/www.voustenshoes.com\/santoni-rethink-faible-bleu-fonce-33413\/"},"modified":"2026-02-05T11:02:14","modified_gmt":"2026-02-05T10:02:14","slug":"santoni-rethink-faible-bleu-fonce-33413-2","status":"publish","type":"product","link":"https:\/\/www.voustenshoes.com\/fr\/santoni-rethink-faible-bleu-fonce-33413-2\/","title":{"rendered":"Santoni Rethink  faible bleu fonc\u00e9 (33413)"},"content":{"rendered":"<p>Est une sneaker basse en cuir avec du nylon et a un look sportif. Fabriqu\u00e9 avec les derni\u00e8res techniques et mat\u00e9riaux.<\/p>\n<ul>\n<li>Largeur: standard \u00e0 spacieuse<\/li>\n<li>Fermeture: dentelle<\/li>\n<li>Ext\u00e9rieur: cuir et nylon high-tech<\/li>\n<li>Int\u00e9rieur: cuir<\/li>\n<li>Construction de la semelle: caoutchouc<\/li>\n<li>Taille standard<\/li>\n<li>Ceinture assortie possible<\/li>\n<li>Ces chaussures Santoni sont fabriqu\u00e9es \u00e0 la main en Italie<\/li>\n<li>Livr\u00e9 dans la bo\u00eete d&rsquo;origine Santoni, sacs \u00e0 poussi\u00e8re recycl\u00e9s.<\/li>\n<\/ul>\n<p>Les lacets sont fabriqu\u00e9s \u00e0 partir de coton recycl\u00e9 et les anneaux de dentelle sont fabriqu\u00e9s \u00e0 partir de canette de soda recycl\u00e9e. Le nylon lat\u00e9ral est en plastique oc\u00e9anique. La semelle en caoutchouc est fabriqu\u00e9e \u00e0 partir de pneus de voiture recycl\u00e9s et le cuir est \u00e9galement recycl\u00e9. Le couvre-chaussures est fabriqu\u00e9 \u00e0 partir de bouteilles en plastique recycl\u00e9es. La chaussure enti\u00e8re est produite \u00e0 basse temp\u00e9rature et avec un minimum d&rsquo;\u00e9missions de CO2. La bo\u00eete \u00e0 chaussures est fabriqu\u00e9e avec 100% d&rsquo;\u00e9nergie verte, 90% de papier recycl\u00e9 et les 10% restants proviennent des d\u00e9chets de la production de la chaussure, qui sont normalement \u00e9limin\u00e9s comme d\u00e9chets.<\/p>\n","protected":false},"excerpt":{"rendered":"<p>Est une sneaker basse en cuir avec du nylon et a un look sportif. Fabriqu\u00e9 avec les derni\u00e8res techniques et mat\u00e9riaux. Largeur: standard \u00e0 spacieuse Fermeture: dentelle Ext\u00e9rieur: cuir et nylon high-tech Int\u00e9rieur: cuir Construction de la semelle: caoutchouc Taille standard Ceinture assortie possible Ces chaussures Santoni sont fabriqu\u00e9es \u00e0 la main en Italie Livr\u00e9 [&#8230;]\n","protected":false},"featured_media":15905,"comment_status":"open","ping_status":"closed","template":"","meta":{"rank_math_lock_modified_date":false},"product_cat":[1303,1114,1136,1171,1176,1208,1254,1272],"product_tag":[],"class_list":{"0":"post-221566","1":"product","2":"type-product","3":"status-publish","4":"has-post-thumbnail","6":"product_cat-lage-sneakers-fr","7":"product_cat-lage-santoni-sneakers-en-2-fr","8":"product_cat-heren-nl-fr","9":"product_cat-schoenen-nl-fr","10":"product_cat-santoni-nl-fr","11":"product_cat-rethink-nl-fr","12":"product_cat-vousten-sports-nl-fr","13":"product_cat-sneakers-nl-fr","15":"first","16":"instock","17":"taxable","18":"shipping-taxable","19":"purchasable","20":"product-type-variable"},"acf":[],"yoast_head":"<!-- This site is optimized with the Yoast SEO plugin v23.9 - https:\/\/yoast.com\/wordpress\/plugins\/seo\/ -->\n<title>Santoni Rethink faible bleu fonc\u00e9 (33413) - Vousten Shoes<\/title>\n<meta name=\"robots\" content=\"index, follow, max-snippet:-1, max-image-preview:large, max-video-preview:-1\" \/>\n<link rel=\"canonical\" href=\"https:\/\/www.voustenshoes.com\/fr\/santoni-rethink-faible-bleu-fonce-33413-2\/\" \/>\n<meta property=\"og:locale\" content=\"fr_FR\" \/>\n<meta property=\"og:type\" content=\"article\" \/>\n<meta property=\"og:title\" content=\"Santoni Rethink faible bleu fonc\u00e9 (33413) - Vousten Shoes\" \/>\n<meta property=\"og:description\" content=\"Est une sneaker basse en cuir avec du nylon et a un look sportif. Fabriqu\u00e9 avec les derni\u00e8res techniques et mat\u00e9riaux. Largeur: standard \u00e0 spacieuse Fermeture: dentelle Ext\u00e9rieur: cuir et nylon high-tech Int\u00e9rieur: cuir Construction de la semelle: caoutchouc Taille standard Ceinture assortie possible Ces chaussures Santoni sont fabriqu\u00e9es \u00e0 la main en Italie Livr\u00e9 [...]\" \/>\n<meta property=\"og:url\" content=\"https:\/\/www.voustenshoes.com\/fr\/santoni-rethink-faible-bleu-fonce-33413-2\/\" \/>\n<meta property=\"og:site_name\" content=\"Vousten Shoes\" \/>\n<meta property=\"article:modified_time\" content=\"2026-02-05T10:02:14+00:00\" \/>\n<meta property=\"og:image\" content=\"https:\/\/www.voustenshoes.com\/wp-content\/uploads\/2023\/03\/santoni_rethink_33413_laag_2_1_van_7.jpg\" \/>\n\t<meta property=\"og:image:width\" content=\"2000\" \/>\n\t<meta property=\"og:image:height\" content=\"2000\" \/>\n\t<meta property=\"og:image:type\" content=\"image\/jpeg\" \/>\n<meta name=\"twitter:card\" content=\"summary_large_image\" \/>\n<meta name=\"twitter:label1\" content=\"Est. reading time\" \/>\n\t<meta name=\"twitter:data1\" content=\"1 minute\" \/>\n<script type=\"application\/ld+json\" class=\"yoast-schema-graph\">{\"@context\":\"https:\/\/schema.org\",\"@graph\":[{\"@type\":\"WebPage\",\"@id\":\"https:\/\/www.voustenshoes.com\/fr\/santoni-rethink-faible-bleu-fonce-33413-2\/\",\"url\":\"https:\/\/www.voustenshoes.com\/fr\/santoni-rethink-faible-bleu-fonce-33413-2\/\",\"name\":\"Santoni Rethink faible bleu fonc\u00e9 (33413) - Vousten Shoes\",\"isPartOf\":{\"@id\":\"https:\/\/www.voustenshoes.com\/nl\/#website\"},\"primaryImageOfPage\":{\"@id\":\"https:\/\/www.voustenshoes.com\/fr\/santoni-rethink-faible-bleu-fonce-33413-2\/#primaryimage\"},\"image\":{\"@id\":\"https:\/\/www.voustenshoes.com\/fr\/santoni-rethink-faible-bleu-fonce-33413-2\/#primaryimage\"},\"thumbnailUrl\":\"https:\/\/www.voustenshoes.com\/wp-content\/uploads\/2023\/03\/santoni_rethink_33413_laag_2_1_van_7.jpg\",\"datePublished\":\"2025-12-08T14:27:09+00:00\",\"dateModified\":\"2026-02-05T10:02:14+00:00\",\"breadcrumb\":{\"@id\":\"https:\/\/www.voustenshoes.com\/fr\/santoni-rethink-faible-bleu-fonce-33413-2\/#breadcrumb\"},\"inLanguage\":\"fr-FR\",\"potentialAction\":[{\"@type\":\"ReadAction\",\"target\":[\"https:\/\/www.voustenshoes.com\/fr\/santoni-rethink-faible-bleu-fonce-33413-2\/\"]}]},{\"@type\":\"ImageObject\",\"inLanguage\":\"fr-FR\",\"@id\":\"https:\/\/www.voustenshoes.com\/fr\/santoni-rethink-faible-bleu-fonce-33413-2\/#primaryimage\",\"url\":\"https:\/\/www.voustenshoes.com\/wp-content\/uploads\/2023\/03\/santoni_rethink_33413_laag_2_1_van_7.jpg\",\"contentUrl\":\"https:\/\/www.voustenshoes.com\/wp-content\/uploads\/2023\/03\/santoni_rethink_33413_laag_2_1_van_7.jpg\",\"width\":2000,\"height\":2000},{\"@type\":\"BreadcrumbList\",\"@id\":\"https:\/\/www.voustenshoes.com\/fr\/santoni-rethink-faible-bleu-fonce-33413-2\/#breadcrumb\",\"itemListElement\":[{\"@type\":\"ListItem\",\"position\":1,\"name\":\"Home\",\"item\":\"https:\/\/www.voustenshoes.com\/fr\/\"},{\"@type\":\"ListItem\",\"position\":2,\"name\":\"Boutique\",\"item\":\"https:\/\/www.voustenshoes.com\/fr\/shop\/\"},{\"@type\":\"ListItem\",\"position\":3,\"name\":\"Santoni Rethink faible bleu fonc\u00e9 (33413)\"}]},{\"@type\":\"WebSite\",\"@id\":\"https:\/\/www.voustenshoes.com\/nl\/#website\",\"url\":\"https:\/\/www.voustenshoes.com\/nl\/\",\"name\":\"Vousten Shoes\",\"description\":\"\",\"potentialAction\":[{\"@type\":\"SearchAction\",\"target\":{\"@type\":\"EntryPoint\",\"urlTemplate\":\"https:\/\/www.voustenshoes.com\/nl\/?s={search_term_string}\"},\"query-input\":{\"@type\":\"PropertyValueSpecification\",\"valueRequired\":true,\"valueName\":\"search_term_string\"}}],\"inLanguage\":\"fr-FR\"}]}<\/script>\n<!-- \/ Yoast SEO plugin. -->","yoast_head_json":{"title":"Santoni Rethink faible bleu fonc\u00e9 (33413) - Vousten Shoes","robots":{"index":"index","follow":"follow","max-snippet":"max-snippet:-1","max-image-preview":"max-image-preview:large","max-video-preview":"max-video-preview:-1"},"canonical":"https:\/\/www.voustenshoes.com\/fr\/santoni-rethink-faible-bleu-fonce-33413-2\/","og_locale":"fr_FR","og_type":"article","og_title":"Santoni Rethink faible bleu fonc\u00e9 (33413) - Vousten Shoes","og_description":"Est une sneaker basse en cuir avec du nylon et a un look sportif. Fabriqu\u00e9 avec les derni\u00e8res techniques et mat\u00e9riaux. Largeur: standard \u00e0 spacieuse Fermeture: dentelle Ext\u00e9rieur: cuir et nylon high-tech Int\u00e9rieur: cuir Construction de la semelle: caoutchouc Taille standard Ceinture assortie possible Ces chaussures Santoni sont fabriqu\u00e9es \u00e0 la main en Italie Livr\u00e9 [...]","og_url":"https:\/\/www.voustenshoes.com\/fr\/santoni-rethink-faible-bleu-fonce-33413-2\/","og_site_name":"Vousten Shoes","article_modified_time":"2026-02-05T10:02:14+00:00","og_image":[{"width":2000,"height":2000,"url":"https:\/\/www.voustenshoes.com\/wp-content\/uploads\/2023\/03\/santoni_rethink_33413_laag_2_1_van_7.jpg","type":"image\/jpeg"}],"twitter_card":"summary_large_image","twitter_misc":{"Est. reading time":"1 minute"},"schema":{"@context":"https:\/\/schema.org","@graph":[{"@type":"WebPage","@id":"https:\/\/www.voustenshoes.com\/fr\/santoni-rethink-faible-bleu-fonce-33413-2\/","url":"https:\/\/www.voustenshoes.com\/fr\/santoni-rethink-faible-bleu-fonce-33413-2\/","name":"Santoni Rethink faible bleu fonc\u00e9 (33413) - Vousten Shoes","isPartOf":{"@id":"https:\/\/www.voustenshoes.com\/nl\/#website"},"primaryImageOfPage":{"@id":"https:\/\/www.voustenshoes.com\/fr\/santoni-rethink-faible-bleu-fonce-33413-2\/#primaryimage"},"image":{"@id":"https:\/\/www.voustenshoes.com\/fr\/santoni-rethink-faible-bleu-fonce-33413-2\/#primaryimage"},"thumbnailUrl":"https:\/\/www.voustenshoes.com\/wp-content\/uploads\/2023\/03\/santoni_rethink_33413_laag_2_1_van_7.jpg","datePublished":"2025-12-08T14:27:09+00:00","dateModified":"2026-02-05T10:02:14+00:00","breadcrumb":{"@id":"https:\/\/www.voustenshoes.com\/fr\/santoni-rethink-faible-bleu-fonce-33413-2\/#breadcrumb"},"inLanguage":"fr-FR","potentialAction":[{"@type":"ReadAction","target":["https:\/\/www.voustenshoes.com\/fr\/santoni-rethink-faible-bleu-fonce-33413-2\/"]}]},{"@type":"ImageObject","inLanguage":"fr-FR","@id":"https:\/\/www.voustenshoes.com\/fr\/santoni-rethink-faible-bleu-fonce-33413-2\/#primaryimage","url":"https:\/\/www.voustenshoes.com\/wp-content\/uploads\/2023\/03\/santoni_rethink_33413_laag_2_1_van_7.jpg","contentUrl":"https:\/\/www.voustenshoes.com\/wp-content\/uploads\/2023\/03\/santoni_rethink_33413_laag_2_1_van_7.jpg","width":2000,"height":2000},{"@type":"BreadcrumbList","@id":"https:\/\/www.voustenshoes.com\/fr\/santoni-rethink-faible-bleu-fonce-33413-2\/#breadcrumb","itemListElement":[{"@type":"ListItem","position":1,"name":"Home","item":"https:\/\/www.voustenshoes.com\/fr\/"},{"@type":"ListItem","position":2,"name":"Boutique","item":"https:\/\/www.voustenshoes.com\/fr\/shop\/"},{"@type":"ListItem","position":3,"name":"Santoni Rethink faible bleu fonc\u00e9 (33413)"}]},{"@type":"WebSite","@id":"https:\/\/www.voustenshoes.com\/nl\/#website","url":"https:\/\/www.voustenshoes.com\/nl\/","name":"Vousten Shoes","description":"","potentialAction":[{"@type":"SearchAction","target":{"@type":"EntryPoint","urlTemplate":"https:\/\/www.voustenshoes.com\/nl\/?s={search_term_string}"},"query-input":{"@type":"PropertyValueSpecification","valueRequired":true,"valueName":"search_term_string"}}],"inLanguage":"fr-FR"}]}},"_links":{"self":[{"href":"https:\/\/www.voustenshoes.com\/fr\/wp-json\/wp\/v2\/product\/221566","targetHints":{"allow":["GET"]}}],"collection":[{"href":"https:\/\/www.voustenshoes.com\/fr\/wp-json\/wp\/v2\/product"}],"about":[{"href":"https:\/\/www.voustenshoes.com\/fr\/wp-json\/wp\/v2\/types\/product"}],"replies":[{"embeddable":true,"href":"https:\/\/www.voustenshoes.com\/fr\/wp-json\/wp\/v2\/comments?post=221566"}],"wp:featuredmedia":[{"embeddable":true,"href":"https:\/\/www.voustenshoes.com\/fr\/wp-json\/wp\/v2\/media\/15905"}],"wp:attachment":[{"href":"https:\/\/www.voustenshoes.com\/fr\/wp-json\/wp\/v2\/media?parent=221566"}],"wp:term":[{"taxonomy":"product_cat","embeddable":true,"href":"https:\/\/www.voustenshoes.com\/fr\/wp-json\/wp\/v2\/product_cat?post=221566"},{"taxonomy":"product_tag","embeddable":true,"href":"https:\/\/www.voustenshoes.com\/fr\/wp-json\/wp\/v2\/product_tag?post=221566"}],"curies":[{"name":"wp","href":"https:\/\/api.w.org\/{rel}","templated":true}]}}