{"id":221662,"date":"2025-12-08T17:24:08","date_gmt":"2025-12-08T16:24:08","guid":{"rendered":"https:\/\/www.voustenshoes.com\/santoni-innova-33433-3\/"},"modified":"2026-02-05T11:02:31","modified_gmt":"2026-02-05T10:02:31","slug":"santoni-innova-33433-3","status":"publish","type":"product","link":"https:\/\/www.voustenshoes.com\/fr\/santoni-innova-33433-3\/","title":{"rendered":"Santoni Innova (33433)"},"content":{"rendered":"<p>Est une sneaker basse en cuir et a un look sportif. Fabriqu\u00e9 avec les derni\u00e8res techniques et mat\u00e9riaux.<\/p>\n<p>Les lacets sont fabriqu\u00e9s \u00e0 partir de coton recycl\u00e9 et les anneaux de dentelle sont fabriqu\u00e9s \u00e0 partir de canette de soda recycl\u00e9e, tandis que le nylon sur le c\u00f4t\u00e9 est en plastique oc\u00e9anique. La semelle en caoutchouc est fabriqu\u00e9e \u00e0 partir de pneus de voiture recycl\u00e9s et le cuir est \u00e9galement recycl\u00e9. Le couvre-chaussures est fabriqu\u00e9 \u00e0 partir de bouteilles en plastique recycl\u00e9es. La chaussure enti\u00e8re est produite \u00e0 basse temp\u00e9rature et avec un minimum d&rsquo;\u00e9missions de CO2. La bo\u00eete \u00e0 chaussures est fabriqu\u00e9e avec 100% d&rsquo;\u00e9nergie verte, 90% de papier recycl\u00e9 et les 10% restants proviennent de chutes de la production de la chaussure, qui sont normalement jet\u00e9es comme d\u00e9chets.<\/p>\n<p>Largeur: standard \u00e0 spacieuse<br \/>\nFermeture: dentelle<br \/>\nExt\u00e9rieur: cuir et nylon high-tech<br \/>\nInt\u00e9rieur: cuir<br \/>\nConstruction de la semelle: caoutchouc<br \/>\nTaille standard<br \/>\nCeinture assortie possible<br \/>\nCes chaussures Santoni sont fabriqu\u00e9es \u00e0 la main en Italie<br \/>\nLivr\u00e9 dans la bo\u00eete d&rsquo;origine Santoni, avec des sacs \u00e0 poussi\u00e8re assortis.<\/p>\n","protected":false},"excerpt":{"rendered":"<p>Est une sneaker basse en cuir et a un look sportif. Fabriqu\u00e9 avec les derni\u00e8res techniques et mat\u00e9riaux. Les lacets sont fabriqu\u00e9s \u00e0 partir de coton recycl\u00e9 et les anneaux de dentelle sont fabriqu\u00e9s \u00e0 partir de canette de soda recycl\u00e9e, tandis que le nylon sur le c\u00f4t\u00e9 est en plastique oc\u00e9anique. La semelle en [&#8230;]\n","protected":false},"featured_media":16130,"comment_status":"open","ping_status":"closed","template":"","meta":{"rank_math_lock_modified_date":false},"product_cat":[1114,1136,1171,1176,1254,1272,1303],"product_tag":[],"class_list":{"0":"post-221662","1":"product","2":"type-product","3":"status-publish","4":"has-post-thumbnail","6":"product_cat-lage-santoni-sneakers-en-2-fr","7":"product_cat-heren-nl-fr","8":"product_cat-schoenen-nl-fr","9":"product_cat-santoni-nl-fr","10":"product_cat-vousten-sports-nl-fr","11":"product_cat-sneakers-nl-fr","12":"product_cat-lage-sneakers-fr","14":"first","15":"instock","16":"taxable","17":"shipping-taxable","18":"purchasable","19":"product-type-variable"},"acf":[],"yoast_head":"<!-- This site is optimized with the Yoast SEO plugin v23.9 - https:\/\/yoast.com\/wordpress\/plugins\/seo\/ -->\n<title>Santoni Innova (33433) - Vousten Shoes<\/title>\n<meta name=\"robots\" content=\"index, follow, max-snippet:-1, max-image-preview:large, max-video-preview:-1\" \/>\n<link rel=\"canonical\" href=\"https:\/\/www.voustenshoes.com\/fr\/santoni-innova-33433-3\/\" \/>\n<meta property=\"og:locale\" content=\"fr_FR\" \/>\n<meta property=\"og:type\" content=\"article\" \/>\n<meta property=\"og:title\" content=\"Santoni Innova (33433) - Vousten Shoes\" \/>\n<meta property=\"og:description\" content=\"Est une sneaker basse en cuir et a un look sportif. Fabriqu\u00e9 avec les derni\u00e8res techniques et mat\u00e9riaux. Les lacets sont fabriqu\u00e9s \u00e0 partir de coton recycl\u00e9 et les anneaux de dentelle sont fabriqu\u00e9s \u00e0 partir de canette de soda recycl\u00e9e, tandis que le nylon sur le c\u00f4t\u00e9 est en plastique oc\u00e9anique. La semelle en [...]\" \/>\n<meta property=\"og:url\" content=\"https:\/\/www.voustenshoes.com\/fr\/santoni-innova-33433-3\/\" \/>\n<meta property=\"og:site_name\" content=\"Vousten Shoes\" \/>\n<meta property=\"article:modified_time\" content=\"2026-02-05T10:02:31+00:00\" \/>\n<meta property=\"og:image\" content=\"https:\/\/www.voustenshoes.com\/wp-content\/uploads\/2023\/03\/santoni_oranje_doos_1_van_8.jpg\" \/>\n\t<meta property=\"og:image:width\" content=\"2000\" \/>\n\t<meta property=\"og:image:height\" content=\"2000\" \/>\n\t<meta property=\"og:image:type\" content=\"image\/jpeg\" \/>\n<meta name=\"twitter:card\" content=\"summary_large_image\" \/>\n<meta name=\"twitter:label1\" content=\"Est. reading time\" \/>\n\t<meta name=\"twitter:data1\" content=\"1 minute\" \/>\n<script type=\"application\/ld+json\" class=\"yoast-schema-graph\">{\"@context\":\"https:\/\/schema.org\",\"@graph\":[{\"@type\":\"WebPage\",\"@id\":\"https:\/\/www.voustenshoes.com\/fr\/santoni-innova-33433-3\/\",\"url\":\"https:\/\/www.voustenshoes.com\/fr\/santoni-innova-33433-3\/\",\"name\":\"Santoni Innova (33433) - Vousten Shoes\",\"isPartOf\":{\"@id\":\"https:\/\/www.voustenshoes.com\/nl\/#website\"},\"primaryImageOfPage\":{\"@id\":\"https:\/\/www.voustenshoes.com\/fr\/santoni-innova-33433-3\/#primaryimage\"},\"image\":{\"@id\":\"https:\/\/www.voustenshoes.com\/fr\/santoni-innova-33433-3\/#primaryimage\"},\"thumbnailUrl\":\"https:\/\/www.voustenshoes.com\/wp-content\/uploads\/2023\/03\/santoni_oranje_doos_1_van_8.jpg\",\"datePublished\":\"2025-12-08T16:24:08+00:00\",\"dateModified\":\"2026-02-05T10:02:31+00:00\",\"breadcrumb\":{\"@id\":\"https:\/\/www.voustenshoes.com\/fr\/santoni-innova-33433-3\/#breadcrumb\"},\"inLanguage\":\"fr-FR\",\"potentialAction\":[{\"@type\":\"ReadAction\",\"target\":[\"https:\/\/www.voustenshoes.com\/fr\/santoni-innova-33433-3\/\"]}]},{\"@type\":\"ImageObject\",\"inLanguage\":\"fr-FR\",\"@id\":\"https:\/\/www.voustenshoes.com\/fr\/santoni-innova-33433-3\/#primaryimage\",\"url\":\"https:\/\/www.voustenshoes.com\/wp-content\/uploads\/2023\/03\/santoni_oranje_doos_1_van_8.jpg\",\"contentUrl\":\"https:\/\/www.voustenshoes.com\/wp-content\/uploads\/2023\/03\/santoni_oranje_doos_1_van_8.jpg\",\"width\":2000,\"height\":2000},{\"@type\":\"BreadcrumbList\",\"@id\":\"https:\/\/www.voustenshoes.com\/fr\/santoni-innova-33433-3\/#breadcrumb\",\"itemListElement\":[{\"@type\":\"ListItem\",\"position\":1,\"name\":\"Home\",\"item\":\"https:\/\/www.voustenshoes.com\/fr\/\"},{\"@type\":\"ListItem\",\"position\":2,\"name\":\"Boutique\",\"item\":\"https:\/\/www.voustenshoes.com\/fr\/shop\/\"},{\"@type\":\"ListItem\",\"position\":3,\"name\":\"Santoni Innova (33433)\"}]},{\"@type\":\"WebSite\",\"@id\":\"https:\/\/www.voustenshoes.com\/nl\/#website\",\"url\":\"https:\/\/www.voustenshoes.com\/nl\/\",\"name\":\"Vousten Shoes\",\"description\":\"\",\"potentialAction\":[{\"@type\":\"SearchAction\",\"target\":{\"@type\":\"EntryPoint\",\"urlTemplate\":\"https:\/\/www.voustenshoes.com\/nl\/?s={search_term_string}\"},\"query-input\":{\"@type\":\"PropertyValueSpecification\",\"valueRequired\":true,\"valueName\":\"search_term_string\"}}],\"inLanguage\":\"fr-FR\"}]}<\/script>\n<!-- \/ Yoast SEO plugin. -->","yoast_head_json":{"title":"Santoni Innova (33433) - Vousten Shoes","robots":{"index":"index","follow":"follow","max-snippet":"max-snippet:-1","max-image-preview":"max-image-preview:large","max-video-preview":"max-video-preview:-1"},"canonical":"https:\/\/www.voustenshoes.com\/fr\/santoni-innova-33433-3\/","og_locale":"fr_FR","og_type":"article","og_title":"Santoni Innova (33433) - Vousten Shoes","og_description":"Est une sneaker basse en cuir et a un look sportif. Fabriqu\u00e9 avec les derni\u00e8res techniques et mat\u00e9riaux. Les lacets sont fabriqu\u00e9s \u00e0 partir de coton recycl\u00e9 et les anneaux de dentelle sont fabriqu\u00e9s \u00e0 partir de canette de soda recycl\u00e9e, tandis que le nylon sur le c\u00f4t\u00e9 est en plastique oc\u00e9anique. La semelle en [...]","og_url":"https:\/\/www.voustenshoes.com\/fr\/santoni-innova-33433-3\/","og_site_name":"Vousten Shoes","article_modified_time":"2026-02-05T10:02:31+00:00","og_image":[{"width":2000,"height":2000,"url":"https:\/\/www.voustenshoes.com\/wp-content\/uploads\/2023\/03\/santoni_oranje_doos_1_van_8.jpg","type":"image\/jpeg"}],"twitter_card":"summary_large_image","twitter_misc":{"Est. reading time":"1 minute"},"schema":{"@context":"https:\/\/schema.org","@graph":[{"@type":"WebPage","@id":"https:\/\/www.voustenshoes.com\/fr\/santoni-innova-33433-3\/","url":"https:\/\/www.voustenshoes.com\/fr\/santoni-innova-33433-3\/","name":"Santoni Innova (33433) - Vousten Shoes","isPartOf":{"@id":"https:\/\/www.voustenshoes.com\/nl\/#website"},"primaryImageOfPage":{"@id":"https:\/\/www.voustenshoes.com\/fr\/santoni-innova-33433-3\/#primaryimage"},"image":{"@id":"https:\/\/www.voustenshoes.com\/fr\/santoni-innova-33433-3\/#primaryimage"},"thumbnailUrl":"https:\/\/www.voustenshoes.com\/wp-content\/uploads\/2023\/03\/santoni_oranje_doos_1_van_8.jpg","datePublished":"2025-12-08T16:24:08+00:00","dateModified":"2026-02-05T10:02:31+00:00","breadcrumb":{"@id":"https:\/\/www.voustenshoes.com\/fr\/santoni-innova-33433-3\/#breadcrumb"},"inLanguage":"fr-FR","potentialAction":[{"@type":"ReadAction","target":["https:\/\/www.voustenshoes.com\/fr\/santoni-innova-33433-3\/"]}]},{"@type":"ImageObject","inLanguage":"fr-FR","@id":"https:\/\/www.voustenshoes.com\/fr\/santoni-innova-33433-3\/#primaryimage","url":"https:\/\/www.voustenshoes.com\/wp-content\/uploads\/2023\/03\/santoni_oranje_doos_1_van_8.jpg","contentUrl":"https:\/\/www.voustenshoes.com\/wp-content\/uploads\/2023\/03\/santoni_oranje_doos_1_van_8.jpg","width":2000,"height":2000},{"@type":"BreadcrumbList","@id":"https:\/\/www.voustenshoes.com\/fr\/santoni-innova-33433-3\/#breadcrumb","itemListElement":[{"@type":"ListItem","position":1,"name":"Home","item":"https:\/\/www.voustenshoes.com\/fr\/"},{"@type":"ListItem","position":2,"name":"Boutique","item":"https:\/\/www.voustenshoes.com\/fr\/shop\/"},{"@type":"ListItem","position":3,"name":"Santoni Innova (33433)"}]},{"@type":"WebSite","@id":"https:\/\/www.voustenshoes.com\/nl\/#website","url":"https:\/\/www.voustenshoes.com\/nl\/","name":"Vousten Shoes","description":"","potentialAction":[{"@type":"SearchAction","target":{"@type":"EntryPoint","urlTemplate":"https:\/\/www.voustenshoes.com\/nl\/?s={search_term_string}"},"query-input":{"@type":"PropertyValueSpecification","valueRequired":true,"valueName":"search_term_string"}}],"inLanguage":"fr-FR"}]}},"_links":{"self":[{"href":"https:\/\/www.voustenshoes.com\/fr\/wp-json\/wp\/v2\/product\/221662","targetHints":{"allow":["GET"]}}],"collection":[{"href":"https:\/\/www.voustenshoes.com\/fr\/wp-json\/wp\/v2\/product"}],"about":[{"href":"https:\/\/www.voustenshoes.com\/fr\/wp-json\/wp\/v2\/types\/product"}],"replies":[{"embeddable":true,"href":"https:\/\/www.voustenshoes.com\/fr\/wp-json\/wp\/v2\/comments?post=221662"}],"wp:featuredmedia":[{"embeddable":true,"href":"https:\/\/www.voustenshoes.com\/fr\/wp-json\/wp\/v2\/media\/16130"}],"wp:attachment":[{"href":"https:\/\/www.voustenshoes.com\/fr\/wp-json\/wp\/v2\/media?parent=221662"}],"wp:term":[{"taxonomy":"product_cat","embeddable":true,"href":"https:\/\/www.voustenshoes.com\/fr\/wp-json\/wp\/v2\/product_cat?post=221662"},{"taxonomy":"product_tag","embeddable":true,"href":"https:\/\/www.voustenshoes.com\/fr\/wp-json\/wp\/v2\/product_tag?post=221662"}],"curies":[{"name":"wp","href":"https:\/\/api.w.org\/{rel}","templated":true}]}}