{"id":222573,"date":"2026-02-19T13:47:26","date_gmt":"2026-02-19T12:47:26","guid":{"rendered":"https:\/\/www.voustenshoes.com\/santoni-jean-42536-2\/"},"modified":"2026-04-23T02:33:34","modified_gmt":"2026-04-23T00:33:34","slug":"santoni-jean-42536-2","status":"publish","type":"product","link":"https:\/\/www.voustenshoes.com\/fr\/santoni-jean-42536-2\/","title":{"rendered":"SANTONI &#8211; JEAN (42536)"},"content":{"rendered":"<p>Avec sa silhouette \u00e0 la fois sophistiqu\u00e9e et l\u00e9g\u00e8re, ce mocassin apporte une touche raffin\u00e9e \u00e0 toutes vos tenues. Confectionn\u00e9 en daim l\u00e9g\u00e8rement textur\u00e9, il incarne l&rsquo;engagement ind\u00e9fectible de Santoni envers la beaut\u00e9 et la qualit\u00e9. Son chaussant large et sa semelle en caoutchouc assurent un confort optimal du matin au soir.<\/p>\n<ul>\n<li>En daim<\/li>\n<li>Couleur : marron<\/li>\n<li>Bride selle<\/li>\n<li>Surpiq\u00fbres apparentes avec finition polie<\/li>\n<li>Silhouette classique \u00e0 bout rond<\/li>\n<li>Non doubl\u00e9<\/li>\n<li>Semelle en caoutchouc lisse<\/li>\n<li>Semelle ext\u00e9rieure orange Arancio Santoni<\/li>\n<li>Logo Santoni imprim\u00e9 sur la semelle int\u00e9rieure<\/li>\n<li>Fabriqu\u00e9 dans les Marches, en Italie<\/li>\n<\/ul>\n","protected":false},"excerpt":{"rendered":"<p>Avec sa silhouette \u00e0 la fois sophistiqu\u00e9e et l\u00e9g\u00e8re, ce mocassin apporte une touche raffin\u00e9e \u00e0 toutes vos tenues. Confectionn\u00e9 en daim l\u00e9g\u00e8rement textur\u00e9, il incarne l&rsquo;engagement ind\u00e9fectible de Santoni envers la beaut\u00e9 et la qualit\u00e9. Son chaussant large et sa semelle en caoutchouc assurent un confort optimal du matin au soir. En daim Couleur [&#8230;]\n","protected":false},"featured_media":222501,"comment_status":"open","ping_status":"closed","template":"","meta":{"rank_math_lock_modified_date":false},"product_cat":[1129,1136,1171,1176,1229,1254],"product_tag":[],"class_list":{"0":"post-222573","1":"product","2":"type-product","3":"status-publish","4":"has-post-thumbnail","6":"product_cat-herenschoenen-nl-fr","7":"product_cat-heren-nl-fr","8":"product_cat-schoenen-nl-fr","9":"product_cat-santoni-nl-fr","10":"product_cat-loafers-nl-fr","11":"product_cat-vousten-sports-nl-fr","13":"first","14":"instock","15":"taxable","16":"shipping-taxable","17":"purchasable","18":"product-type-variable"},"acf":[],"yoast_head":"<!-- This site is optimized with the Yoast SEO plugin v23.9 - https:\/\/yoast.com\/wordpress\/plugins\/seo\/ -->\n<title>SANTONI - JEAN (42536) - Vousten Shoes<\/title>\n<meta name=\"robots\" content=\"index, follow, max-snippet:-1, max-image-preview:large, max-video-preview:-1\" \/>\n<link rel=\"canonical\" href=\"https:\/\/www.voustenshoes.com\/fr\/santoni-jean-42536-2\/\" \/>\n<meta property=\"og:locale\" content=\"fr_FR\" \/>\n<meta property=\"og:type\" content=\"article\" \/>\n<meta property=\"og:title\" content=\"SANTONI - JEAN (42536) - Vousten Shoes\" \/>\n<meta property=\"og:description\" content=\"Avec sa silhouette \u00e0 la fois sophistiqu\u00e9e et l\u00e9g\u00e8re, ce mocassin apporte une touche raffin\u00e9e \u00e0 toutes vos tenues. Confectionn\u00e9 en daim l\u00e9g\u00e8rement textur\u00e9, il incarne l&rsquo;engagement ind\u00e9fectible de Santoni envers la beaut\u00e9 et la qualit\u00e9. Son chaussant large et sa semelle en caoutchouc assurent un confort optimal du matin au soir. En daim Couleur [...]\" \/>\n<meta property=\"og:url\" content=\"https:\/\/www.voustenshoes.com\/fr\/santoni-jean-42536-2\/\" \/>\n<meta property=\"og:site_name\" content=\"Vousten Shoes\" \/>\n<meta property=\"article:modified_time\" content=\"2026-04-23T00:33:34+00:00\" \/>\n<meta property=\"og:image\" content=\"https:\/\/www.voustenshoes.com\/wp-content\/uploads\/2023\/06\/SANTONI-Jean-42536-9.jpg\" \/>\n\t<meta property=\"og:image:width\" content=\"2048\" \/>\n\t<meta property=\"og:image:height\" content=\"2048\" \/>\n\t<meta property=\"og:image:type\" content=\"image\/jpeg\" \/>\n<meta name=\"twitter:card\" content=\"summary_large_image\" \/>\n<script type=\"application\/ld+json\" class=\"yoast-schema-graph\">{\"@context\":\"https:\/\/schema.org\",\"@graph\":[{\"@type\":\"WebPage\",\"@id\":\"https:\/\/www.voustenshoes.com\/fr\/santoni-jean-42536-2\/\",\"url\":\"https:\/\/www.voustenshoes.com\/fr\/santoni-jean-42536-2\/\",\"name\":\"SANTONI - JEAN (42536) - Vousten Shoes\",\"isPartOf\":{\"@id\":\"https:\/\/www.voustenshoes.com\/nl\/#website\"},\"primaryImageOfPage\":{\"@id\":\"https:\/\/www.voustenshoes.com\/fr\/santoni-jean-42536-2\/#primaryimage\"},\"image\":{\"@id\":\"https:\/\/www.voustenshoes.com\/fr\/santoni-jean-42536-2\/#primaryimage\"},\"thumbnailUrl\":\"https:\/\/www.voustenshoes.com\/wp-content\/uploads\/2023\/06\/SANTONI-Jean-42536-9.jpg\",\"datePublished\":\"2026-02-19T12:47:26+00:00\",\"dateModified\":\"2026-04-23T00:33:34+00:00\",\"breadcrumb\":{\"@id\":\"https:\/\/www.voustenshoes.com\/fr\/santoni-jean-42536-2\/#breadcrumb\"},\"inLanguage\":\"fr-FR\",\"potentialAction\":[{\"@type\":\"ReadAction\",\"target\":[\"https:\/\/www.voustenshoes.com\/fr\/santoni-jean-42536-2\/\"]}]},{\"@type\":\"ImageObject\",\"inLanguage\":\"fr-FR\",\"@id\":\"https:\/\/www.voustenshoes.com\/fr\/santoni-jean-42536-2\/#primaryimage\",\"url\":\"https:\/\/www.voustenshoes.com\/wp-content\/uploads\/2023\/06\/SANTONI-Jean-42536-9.jpg\",\"contentUrl\":\"https:\/\/www.voustenshoes.com\/wp-content\/uploads\/2023\/06\/SANTONI-Jean-42536-9.jpg\",\"width\":2048,\"height\":2048},{\"@type\":\"BreadcrumbList\",\"@id\":\"https:\/\/www.voustenshoes.com\/fr\/santoni-jean-42536-2\/#breadcrumb\",\"itemListElement\":[{\"@type\":\"ListItem\",\"position\":1,\"name\":\"Home\",\"item\":\"https:\/\/www.voustenshoes.com\/fr\/\"},{\"@type\":\"ListItem\",\"position\":2,\"name\":\"Boutique\",\"item\":\"https:\/\/www.voustenshoes.com\/fr\/shop\/\"},{\"@type\":\"ListItem\",\"position\":3,\"name\":\"SANTONI &#8211; JEAN (42536)\"}]},{\"@type\":\"WebSite\",\"@id\":\"https:\/\/www.voustenshoes.com\/nl\/#website\",\"url\":\"https:\/\/www.voustenshoes.com\/nl\/\",\"name\":\"Vousten Shoes\",\"description\":\"\",\"potentialAction\":[{\"@type\":\"SearchAction\",\"target\":{\"@type\":\"EntryPoint\",\"urlTemplate\":\"https:\/\/www.voustenshoes.com\/nl\/?s={search_term_string}\"},\"query-input\":{\"@type\":\"PropertyValueSpecification\",\"valueRequired\":true,\"valueName\":\"search_term_string\"}}],\"inLanguage\":\"fr-FR\"}]}<\/script>\n<!-- \/ Yoast SEO plugin. -->","yoast_head_json":{"title":"SANTONI - JEAN (42536) - Vousten Shoes","robots":{"index":"index","follow":"follow","max-snippet":"max-snippet:-1","max-image-preview":"max-image-preview:large","max-video-preview":"max-video-preview:-1"},"canonical":"https:\/\/www.voustenshoes.com\/fr\/santoni-jean-42536-2\/","og_locale":"fr_FR","og_type":"article","og_title":"SANTONI - JEAN (42536) - Vousten Shoes","og_description":"Avec sa silhouette \u00e0 la fois sophistiqu\u00e9e et l\u00e9g\u00e8re, ce mocassin apporte une touche raffin\u00e9e \u00e0 toutes vos tenues. Confectionn\u00e9 en daim l\u00e9g\u00e8rement textur\u00e9, il incarne l&rsquo;engagement ind\u00e9fectible de Santoni envers la beaut\u00e9 et la qualit\u00e9. Son chaussant large et sa semelle en caoutchouc assurent un confort optimal du matin au soir. En daim Couleur [...]","og_url":"https:\/\/www.voustenshoes.com\/fr\/santoni-jean-42536-2\/","og_site_name":"Vousten Shoes","article_modified_time":"2026-04-23T00:33:34+00:00","og_image":[{"width":2048,"height":2048,"url":"https:\/\/www.voustenshoes.com\/wp-content\/uploads\/2023\/06\/SANTONI-Jean-42536-9.jpg","type":"image\/jpeg"}],"twitter_card":"summary_large_image","schema":{"@context":"https:\/\/schema.org","@graph":[{"@type":"WebPage","@id":"https:\/\/www.voustenshoes.com\/fr\/santoni-jean-42536-2\/","url":"https:\/\/www.voustenshoes.com\/fr\/santoni-jean-42536-2\/","name":"SANTONI - JEAN (42536) - Vousten Shoes","isPartOf":{"@id":"https:\/\/www.voustenshoes.com\/nl\/#website"},"primaryImageOfPage":{"@id":"https:\/\/www.voustenshoes.com\/fr\/santoni-jean-42536-2\/#primaryimage"},"image":{"@id":"https:\/\/www.voustenshoes.com\/fr\/santoni-jean-42536-2\/#primaryimage"},"thumbnailUrl":"https:\/\/www.voustenshoes.com\/wp-content\/uploads\/2023\/06\/SANTONI-Jean-42536-9.jpg","datePublished":"2026-02-19T12:47:26+00:00","dateModified":"2026-04-23T00:33:34+00:00","breadcrumb":{"@id":"https:\/\/www.voustenshoes.com\/fr\/santoni-jean-42536-2\/#breadcrumb"},"inLanguage":"fr-FR","potentialAction":[{"@type":"ReadAction","target":["https:\/\/www.voustenshoes.com\/fr\/santoni-jean-42536-2\/"]}]},{"@type":"ImageObject","inLanguage":"fr-FR","@id":"https:\/\/www.voustenshoes.com\/fr\/santoni-jean-42536-2\/#primaryimage","url":"https:\/\/www.voustenshoes.com\/wp-content\/uploads\/2023\/06\/SANTONI-Jean-42536-9.jpg","contentUrl":"https:\/\/www.voustenshoes.com\/wp-content\/uploads\/2023\/06\/SANTONI-Jean-42536-9.jpg","width":2048,"height":2048},{"@type":"BreadcrumbList","@id":"https:\/\/www.voustenshoes.com\/fr\/santoni-jean-42536-2\/#breadcrumb","itemListElement":[{"@type":"ListItem","position":1,"name":"Home","item":"https:\/\/www.voustenshoes.com\/fr\/"},{"@type":"ListItem","position":2,"name":"Boutique","item":"https:\/\/www.voustenshoes.com\/fr\/shop\/"},{"@type":"ListItem","position":3,"name":"SANTONI &#8211; JEAN (42536)"}]},{"@type":"WebSite","@id":"https:\/\/www.voustenshoes.com\/nl\/#website","url":"https:\/\/www.voustenshoes.com\/nl\/","name":"Vousten Shoes","description":"","potentialAction":[{"@type":"SearchAction","target":{"@type":"EntryPoint","urlTemplate":"https:\/\/www.voustenshoes.com\/nl\/?s={search_term_string}"},"query-input":{"@type":"PropertyValueSpecification","valueRequired":true,"valueName":"search_term_string"}}],"inLanguage":"fr-FR"}]}},"_links":{"self":[{"href":"https:\/\/www.voustenshoes.com\/fr\/wp-json\/wp\/v2\/product\/222573","targetHints":{"allow":["GET"]}}],"collection":[{"href":"https:\/\/www.voustenshoes.com\/fr\/wp-json\/wp\/v2\/product"}],"about":[{"href":"https:\/\/www.voustenshoes.com\/fr\/wp-json\/wp\/v2\/types\/product"}],"replies":[{"embeddable":true,"href":"https:\/\/www.voustenshoes.com\/fr\/wp-json\/wp\/v2\/comments?post=222573"}],"wp:featuredmedia":[{"embeddable":true,"href":"https:\/\/www.voustenshoes.com\/fr\/wp-json\/wp\/v2\/media\/222501"}],"wp:attachment":[{"href":"https:\/\/www.voustenshoes.com\/fr\/wp-json\/wp\/v2\/media?parent=222573"}],"wp:term":[{"taxonomy":"product_cat","embeddable":true,"href":"https:\/\/www.voustenshoes.com\/fr\/wp-json\/wp\/v2\/product_cat?post=222573"},{"taxonomy":"product_tag","embeddable":true,"href":"https:\/\/www.voustenshoes.com\/fr\/wp-json\/wp\/v2\/product_tag?post=222573"}],"curies":[{"name":"wp","href":"https:\/\/api.w.org\/{rel}","templated":true}]}}