{"id":222725,"date":"2026-02-19T13:56:02","date_gmt":"2026-02-19T12:56:02","guid":{"rendered":"https:\/\/www.voustenshoes.com\/santoni-julien-42528-2\/"},"modified":"2026-04-10T04:48:23","modified_gmt":"2026-04-10T02:48:23","slug":"santoni-julien-42528-2","status":"publish","type":"product","link":"https:\/\/www.voustenshoes.com\/fr\/santoni-julien-42528-2\/","title":{"rendered":"SANTONI &#8211; JULI\u00c9N (42528)"},"content":{"rendered":"<p>L&rsquo;\u00e9l\u00e9gance intemporelle du savoir-faire artisanal rencontre la praticit\u00e9 du design moderne. Cette sneaker est confectionn\u00e9e en daim Seta, qui \u00e9pouse le pied avec gr\u00e2ce et douceur, offrant une exp\u00e9rience sensorielle unique \u00e0 chaque pas. Une finition Velatura appliqu\u00e9e \u00e0 la main cr\u00e9e un d\u00e9grad\u00e9 de couleurs riche, rehauss\u00e9 d&rsquo;une d\u00e9licate surpiq\u00fbre Sigillo Arancio Santoni, la teinte orange embl\u00e9matique de la Maison. Elle est orn\u00e9e d&rsquo;un logo en cuir sur la languette et d&rsquo;un d\u00e9tail audacieux sur la semelle ext\u00e9rieure, r\u00e9interpr\u00e9tant les lignes de la double boucle signature de Santoni.<\/p>\n<ul>\n<li>Confectionn\u00e9e en daim Seta<\/li>\n<li>Finition d\u00e9grad\u00e9e Velatura de Santoni<\/li>\n<li>Couleur : Marron Sabbia d&rsquo;inverno<\/li>\n<li>Bout rond<\/li>\n<li>Fermeture \u00e0 lacets<\/li>\n<li>Semelle cuvette en caoutchouc<\/li>\n<li>Surpiq\u00fbre Sigillo Arancio Santoni<\/li>\n<li>D\u00e9tail double boucle Arancio Santoni sur la semelle ext\u00e9rieure<\/li>\n<li>Fabriqu\u00e9e en Italie<\/li>\n<\/ul>\n","protected":false},"excerpt":{"rendered":"<p>L&rsquo;\u00e9l\u00e9gance intemporelle du savoir-faire artisanal rencontre la praticit\u00e9 du design moderne. Cette sneaker est confectionn\u00e9e en daim Seta, qui \u00e9pouse le pied avec gr\u00e2ce et douceur, offrant une exp\u00e9rience sensorielle unique \u00e0 chaque pas. Une finition Velatura appliqu\u00e9e \u00e0 la main cr\u00e9e un d\u00e9grad\u00e9 de couleurs riche, rehauss\u00e9 d&rsquo;une d\u00e9licate surpiq\u00fbre Sigillo Arancio Santoni, la [&#8230;]\n","protected":false},"featured_media":222653,"comment_status":"open","ping_status":"closed","template":"","meta":{"rank_math_lock_modified_date":false},"product_cat":[1114,1129,1136,1171,1176,1242,1257,1272,1303,1350],"product_tag":[],"class_list":{"0":"post-222725","1":"product","2":"type-product","3":"status-publish","4":"has-post-thumbnail","6":"product_cat-lage-santoni-sneakers-en-2-fr","7":"product_cat-herenschoenen-nl-fr","8":"product_cat-heren-nl-fr","9":"product_cat-schoenen-nl-fr","10":"product_cat-santoni-nl-fr","11":"product_cat-winterschoenen-nl-fr","12":"product_cat-veter-en-gespschoenen-nl-fr","13":"product_cat-sneakers-nl-fr","14":"product_cat-lage-sneakers-fr","15":"product_cat-veterschoenen-fr","17":"first","18":"instock","19":"taxable","20":"shipping-taxable","21":"purchasable","22":"product-type-variable"},"acf":[],"yoast_head":"<!-- This site is optimized with the Yoast SEO plugin v23.9 - https:\/\/yoast.com\/wordpress\/plugins\/seo\/ -->\n<title>SANTONI - JULI\u00c9N (42528) - Vousten Shoes<\/title>\n<meta name=\"robots\" content=\"index, follow, max-snippet:-1, max-image-preview:large, max-video-preview:-1\" \/>\n<link rel=\"canonical\" href=\"https:\/\/www.voustenshoes.com\/fr\/santoni-julien-42528-2\/\" \/>\n<meta property=\"og:locale\" content=\"fr_FR\" \/>\n<meta property=\"og:type\" content=\"article\" \/>\n<meta property=\"og:title\" content=\"SANTONI - JULI\u00c9N (42528) - Vousten Shoes\" \/>\n<meta property=\"og:description\" content=\"L&rsquo;\u00e9l\u00e9gance intemporelle du savoir-faire artisanal rencontre la praticit\u00e9 du design moderne. Cette sneaker est confectionn\u00e9e en daim Seta, qui \u00e9pouse le pied avec gr\u00e2ce et douceur, offrant une exp\u00e9rience sensorielle unique \u00e0 chaque pas. Une finition Velatura appliqu\u00e9e \u00e0 la main cr\u00e9e un d\u00e9grad\u00e9 de couleurs riche, rehauss\u00e9 d&rsquo;une d\u00e9licate surpiq\u00fbre Sigillo Arancio Santoni, la [...]\" \/>\n<meta property=\"og:url\" content=\"https:\/\/www.voustenshoes.com\/fr\/santoni-julien-42528-2\/\" \/>\n<meta property=\"og:site_name\" content=\"Vousten Shoes\" \/>\n<meta property=\"article:modified_time\" content=\"2026-04-10T02:48:23+00:00\" \/>\n<meta property=\"og:image\" content=\"https:\/\/www.voustenshoes.com\/wp-content\/uploads\/2023\/06\/SANTONI-.png\" \/>\n\t<meta property=\"og:image:width\" content=\"1365\" \/>\n\t<meta property=\"og:image:height\" content=\"1365\" \/>\n\t<meta property=\"og:image:type\" content=\"image\/png\" \/>\n<meta name=\"twitter:card\" content=\"summary_large_image\" \/>\n<meta name=\"twitter:label1\" content=\"Est. reading time\" \/>\n\t<meta name=\"twitter:data1\" content=\"1 minute\" \/>\n<script type=\"application\/ld+json\" class=\"yoast-schema-graph\">{\"@context\":\"https:\/\/schema.org\",\"@graph\":[{\"@type\":\"WebPage\",\"@id\":\"https:\/\/www.voustenshoes.com\/fr\/santoni-julien-42528-2\/\",\"url\":\"https:\/\/www.voustenshoes.com\/fr\/santoni-julien-42528-2\/\",\"name\":\"SANTONI - JULI\u00c9N (42528) - Vousten Shoes\",\"isPartOf\":{\"@id\":\"https:\/\/www.voustenshoes.com\/nl\/#website\"},\"primaryImageOfPage\":{\"@id\":\"https:\/\/www.voustenshoes.com\/fr\/santoni-julien-42528-2\/#primaryimage\"},\"image\":{\"@id\":\"https:\/\/www.voustenshoes.com\/fr\/santoni-julien-42528-2\/#primaryimage\"},\"thumbnailUrl\":\"https:\/\/www.voustenshoes.com\/wp-content\/uploads\/2023\/06\/SANTONI-.png\",\"datePublished\":\"2026-02-19T12:56:02+00:00\",\"dateModified\":\"2026-04-10T02:48:23+00:00\",\"breadcrumb\":{\"@id\":\"https:\/\/www.voustenshoes.com\/fr\/santoni-julien-42528-2\/#breadcrumb\"},\"inLanguage\":\"fr-FR\",\"potentialAction\":[{\"@type\":\"ReadAction\",\"target\":[\"https:\/\/www.voustenshoes.com\/fr\/santoni-julien-42528-2\/\"]}]},{\"@type\":\"ImageObject\",\"inLanguage\":\"fr-FR\",\"@id\":\"https:\/\/www.voustenshoes.com\/fr\/santoni-julien-42528-2\/#primaryimage\",\"url\":\"https:\/\/www.voustenshoes.com\/wp-content\/uploads\/2023\/06\/SANTONI-.png\",\"contentUrl\":\"https:\/\/www.voustenshoes.com\/wp-content\/uploads\/2023\/06\/SANTONI-.png\",\"width\":1365,\"height\":1365},{\"@type\":\"BreadcrumbList\",\"@id\":\"https:\/\/www.voustenshoes.com\/fr\/santoni-julien-42528-2\/#breadcrumb\",\"itemListElement\":[{\"@type\":\"ListItem\",\"position\":1,\"name\":\"Home\",\"item\":\"https:\/\/www.voustenshoes.com\/fr\/\"},{\"@type\":\"ListItem\",\"position\":2,\"name\":\"Boutique\",\"item\":\"https:\/\/www.voustenshoes.com\/fr\/shop\/\"},{\"@type\":\"ListItem\",\"position\":3,\"name\":\"SANTONI &#8211; JULI\u00c9N (42528)\"}]},{\"@type\":\"WebSite\",\"@id\":\"https:\/\/www.voustenshoes.com\/nl\/#website\",\"url\":\"https:\/\/www.voustenshoes.com\/nl\/\",\"name\":\"Vousten Shoes\",\"description\":\"\",\"potentialAction\":[{\"@type\":\"SearchAction\",\"target\":{\"@type\":\"EntryPoint\",\"urlTemplate\":\"https:\/\/www.voustenshoes.com\/nl\/?s={search_term_string}\"},\"query-input\":{\"@type\":\"PropertyValueSpecification\",\"valueRequired\":true,\"valueName\":\"search_term_string\"}}],\"inLanguage\":\"fr-FR\"}]}<\/script>\n<!-- \/ Yoast SEO plugin. -->","yoast_head_json":{"title":"SANTONI - JULI\u00c9N (42528) - Vousten Shoes","robots":{"index":"index","follow":"follow","max-snippet":"max-snippet:-1","max-image-preview":"max-image-preview:large","max-video-preview":"max-video-preview:-1"},"canonical":"https:\/\/www.voustenshoes.com\/fr\/santoni-julien-42528-2\/","og_locale":"fr_FR","og_type":"article","og_title":"SANTONI - JULI\u00c9N (42528) - Vousten Shoes","og_description":"L&rsquo;\u00e9l\u00e9gance intemporelle du savoir-faire artisanal rencontre la praticit\u00e9 du design moderne. Cette sneaker est confectionn\u00e9e en daim Seta, qui \u00e9pouse le pied avec gr\u00e2ce et douceur, offrant une exp\u00e9rience sensorielle unique \u00e0 chaque pas. Une finition Velatura appliqu\u00e9e \u00e0 la main cr\u00e9e un d\u00e9grad\u00e9 de couleurs riche, rehauss\u00e9 d&rsquo;une d\u00e9licate surpiq\u00fbre Sigillo Arancio Santoni, la [...]","og_url":"https:\/\/www.voustenshoes.com\/fr\/santoni-julien-42528-2\/","og_site_name":"Vousten Shoes","article_modified_time":"2026-04-10T02:48:23+00:00","og_image":[{"width":1365,"height":1365,"url":"https:\/\/www.voustenshoes.com\/wp-content\/uploads\/2023\/06\/SANTONI-.png","type":"image\/png"}],"twitter_card":"summary_large_image","twitter_misc":{"Est. reading time":"1 minute"},"schema":{"@context":"https:\/\/schema.org","@graph":[{"@type":"WebPage","@id":"https:\/\/www.voustenshoes.com\/fr\/santoni-julien-42528-2\/","url":"https:\/\/www.voustenshoes.com\/fr\/santoni-julien-42528-2\/","name":"SANTONI - JULI\u00c9N (42528) - Vousten Shoes","isPartOf":{"@id":"https:\/\/www.voustenshoes.com\/nl\/#website"},"primaryImageOfPage":{"@id":"https:\/\/www.voustenshoes.com\/fr\/santoni-julien-42528-2\/#primaryimage"},"image":{"@id":"https:\/\/www.voustenshoes.com\/fr\/santoni-julien-42528-2\/#primaryimage"},"thumbnailUrl":"https:\/\/www.voustenshoes.com\/wp-content\/uploads\/2023\/06\/SANTONI-.png","datePublished":"2026-02-19T12:56:02+00:00","dateModified":"2026-04-10T02:48:23+00:00","breadcrumb":{"@id":"https:\/\/www.voustenshoes.com\/fr\/santoni-julien-42528-2\/#breadcrumb"},"inLanguage":"fr-FR","potentialAction":[{"@type":"ReadAction","target":["https:\/\/www.voustenshoes.com\/fr\/santoni-julien-42528-2\/"]}]},{"@type":"ImageObject","inLanguage":"fr-FR","@id":"https:\/\/www.voustenshoes.com\/fr\/santoni-julien-42528-2\/#primaryimage","url":"https:\/\/www.voustenshoes.com\/wp-content\/uploads\/2023\/06\/SANTONI-.png","contentUrl":"https:\/\/www.voustenshoes.com\/wp-content\/uploads\/2023\/06\/SANTONI-.png","width":1365,"height":1365},{"@type":"BreadcrumbList","@id":"https:\/\/www.voustenshoes.com\/fr\/santoni-julien-42528-2\/#breadcrumb","itemListElement":[{"@type":"ListItem","position":1,"name":"Home","item":"https:\/\/www.voustenshoes.com\/fr\/"},{"@type":"ListItem","position":2,"name":"Boutique","item":"https:\/\/www.voustenshoes.com\/fr\/shop\/"},{"@type":"ListItem","position":3,"name":"SANTONI &#8211; JULI\u00c9N (42528)"}]},{"@type":"WebSite","@id":"https:\/\/www.voustenshoes.com\/nl\/#website","url":"https:\/\/www.voustenshoes.com\/nl\/","name":"Vousten Shoes","description":"","potentialAction":[{"@type":"SearchAction","target":{"@type":"EntryPoint","urlTemplate":"https:\/\/www.voustenshoes.com\/nl\/?s={search_term_string}"},"query-input":{"@type":"PropertyValueSpecification","valueRequired":true,"valueName":"search_term_string"}}],"inLanguage":"fr-FR"}]}},"_links":{"self":[{"href":"https:\/\/www.voustenshoes.com\/fr\/wp-json\/wp\/v2\/product\/222725","targetHints":{"allow":["GET"]}}],"collection":[{"href":"https:\/\/www.voustenshoes.com\/fr\/wp-json\/wp\/v2\/product"}],"about":[{"href":"https:\/\/www.voustenshoes.com\/fr\/wp-json\/wp\/v2\/types\/product"}],"replies":[{"embeddable":true,"href":"https:\/\/www.voustenshoes.com\/fr\/wp-json\/wp\/v2\/comments?post=222725"}],"wp:featuredmedia":[{"embeddable":true,"href":"https:\/\/www.voustenshoes.com\/fr\/wp-json\/wp\/v2\/media\/222653"}],"wp:attachment":[{"href":"https:\/\/www.voustenshoes.com\/fr\/wp-json\/wp\/v2\/media?parent=222725"}],"wp:term":[{"taxonomy":"product_cat","embeddable":true,"href":"https:\/\/www.voustenshoes.com\/fr\/wp-json\/wp\/v2\/product_cat?post=222725"},{"taxonomy":"product_tag","embeddable":true,"href":"https:\/\/www.voustenshoes.com\/fr\/wp-json\/wp\/v2\/product_tag?post=222725"}],"curies":[{"name":"wp","href":"https:\/\/api.w.org\/{rel}","templated":true}]}}