{"id":223756,"date":"2026-03-25T10:45:53","date_gmt":"2026-03-25T09:45:53","guid":{"rendered":"https:\/\/www.voustenshoes.com\/santoni-clement-42534-2\/"},"modified":"2026-04-21T04:03:12","modified_gmt":"2026-04-21T02:03:12","slug":"santoni-clement-42534-2","status":"publish","type":"product","link":"https:\/\/www.voustenshoes.com\/fr\/santoni-clement-42534-2\/","title":{"rendered":"SANTONI &#8211; Cl\u00e9ment (42534)"},"content":{"rendered":"<div>Le confort sportif de cette sneaker, alli\u00e9 \u00e0 l&rsquo;\u00e9l\u00e9gance discr\u00e8te d&rsquo;une chaussure \u00e0 lacets intemporelle. Confectionn\u00e9e en cuir nubuck Carezza d&rsquo;une douceur et d&rsquo;une l\u00e9g\u00e8ret\u00e9 exceptionnelles, elle est trait\u00e9e \u00e0 la main avec le d\u00e9grad\u00e9 de couleurs Velatura et orn\u00e9e de subtiles surpiq\u00fbres Sigillo Arancio Santoni, la teinte orange embl\u00e9matique de la marque. Dot\u00e9e d&rsquo;une languette au talon et de lacets \u00e9lastiques, elle est facile \u00e0 enfiler et \u00e0 retirer.<\/div>\n<div><\/div>\n<ul>\n<li>Cuir nubuck Carezza<\/li>\n<li>Finition d\u00e9grad\u00e9e Velatura de Santoni<\/li>\n<li>Couleur : Terracruda Gris Colombe<\/li>\n<li>Lettre arri\u00e8re<\/li>\n<li>Bout rond<\/li>\n<li>Lacets \u00e9lastiques<\/li>\n<li>Semelle cuvette en caoutchouc<\/li>\n<li>Surpiq\u00fbres Sigillo Arancio Santoni<\/li>\n<li>Logo Santoni moul\u00e9 dans la semelle<\/li>\n<li>Fabriqu\u00e9e \u00e0 la main en Italie<\/li>\n<li>MBNO22184TIRTFEHE55<\/li>\n<\/ul>\n","protected":false},"excerpt":{"rendered":"<p>Le confort sportif de cette sneaker, alli\u00e9 \u00e0 l&rsquo;\u00e9l\u00e9gance discr\u00e8te d&rsquo;une chaussure \u00e0 lacets intemporelle. Confectionn\u00e9e en cuir nubuck Carezza d&rsquo;une douceur et d&rsquo;une l\u00e9g\u00e8ret\u00e9 exceptionnelles, elle est trait\u00e9e \u00e0 la main avec le d\u00e9grad\u00e9 de couleurs Velatura et orn\u00e9e de subtiles surpiq\u00fbres Sigillo Arancio Santoni, la teinte orange embl\u00e9matique de la marque. Dot\u00e9e d&rsquo;une [&#8230;]\n","protected":false},"featured_media":223676,"comment_status":"open","ping_status":"closed","template":"","meta":{"rank_math_lock_modified_date":false},"product_cat":[1171,1176,1254,1272,1303,1350,1114,1129,1136],"product_tag":[],"class_list":{"0":"post-223756","1":"product","2":"type-product","3":"status-publish","4":"has-post-thumbnail","6":"product_cat-schoenen-nl-fr","7":"product_cat-santoni-nl-fr","8":"product_cat-vousten-sports-nl-fr","9":"product_cat-sneakers-nl-fr","10":"product_cat-lage-sneakers-fr","11":"product_cat-veterschoenen-fr","12":"product_cat-lage-santoni-sneakers-en-2-fr","13":"product_cat-herenschoenen-nl-fr","14":"product_cat-heren-nl-fr","16":"first","17":"instock","18":"taxable","19":"shipping-taxable","20":"purchasable","21":"product-type-variable"},"acf":[],"yoast_head":"<!-- This site is optimized with the Yoast SEO plugin v23.9 - https:\/\/yoast.com\/wordpress\/plugins\/seo\/ -->\n<title>SANTONI - Cl\u00e9ment (42534) - Vousten Shoes<\/title>\n<meta name=\"robots\" content=\"index, follow, max-snippet:-1, max-image-preview:large, max-video-preview:-1\" \/>\n<link rel=\"canonical\" href=\"https:\/\/www.voustenshoes.com\/fr\/santoni-clement-42534-2\/\" \/>\n<meta property=\"og:locale\" content=\"fr_FR\" \/>\n<meta property=\"og:type\" content=\"article\" \/>\n<meta property=\"og:title\" content=\"SANTONI - Cl\u00e9ment (42534) - Vousten Shoes\" \/>\n<meta property=\"og:description\" content=\"Le confort sportif de cette sneaker, alli\u00e9 \u00e0 l&rsquo;\u00e9l\u00e9gance discr\u00e8te d&rsquo;une chaussure \u00e0 lacets intemporelle. Confectionn\u00e9e en cuir nubuck Carezza d&rsquo;une douceur et d&rsquo;une l\u00e9g\u00e8ret\u00e9 exceptionnelles, elle est trait\u00e9e \u00e0 la main avec le d\u00e9grad\u00e9 de couleurs Velatura et orn\u00e9e de subtiles surpiq\u00fbres Sigillo Arancio Santoni, la teinte orange embl\u00e9matique de la marque. Dot\u00e9e d&rsquo;une [...]\" \/>\n<meta property=\"og:url\" content=\"https:\/\/www.voustenshoes.com\/fr\/santoni-clement-42534-2\/\" \/>\n<meta property=\"og:site_name\" content=\"Vousten Shoes\" \/>\n<meta property=\"article:modified_time\" content=\"2026-04-21T02:03:12+00:00\" \/>\n<meta property=\"og:image\" content=\"https:\/\/www.voustenshoes.com\/wp-content\/uploads\/2023\/06\/SANTONI-Clement-42534-8.png\" \/>\n\t<meta property=\"og:image:width\" content=\"1365\" \/>\n\t<meta property=\"og:image:height\" content=\"1365\" \/>\n\t<meta property=\"og:image:type\" content=\"image\/png\" \/>\n<meta name=\"twitter:card\" content=\"summary_large_image\" \/>\n<meta name=\"twitter:label1\" content=\"Est. reading time\" \/>\n\t<meta name=\"twitter:data1\" content=\"1 minute\" \/>\n<script type=\"application\/ld+json\" class=\"yoast-schema-graph\">{\"@context\":\"https:\/\/schema.org\",\"@graph\":[{\"@type\":\"WebPage\",\"@id\":\"https:\/\/www.voustenshoes.com\/fr\/santoni-clement-42534-2\/\",\"url\":\"https:\/\/www.voustenshoes.com\/fr\/santoni-clement-42534-2\/\",\"name\":\"SANTONI - Cl\u00e9ment (42534) - Vousten Shoes\",\"isPartOf\":{\"@id\":\"https:\/\/www.voustenshoes.com\/nl\/#website\"},\"primaryImageOfPage\":{\"@id\":\"https:\/\/www.voustenshoes.com\/fr\/santoni-clement-42534-2\/#primaryimage\"},\"image\":{\"@id\":\"https:\/\/www.voustenshoes.com\/fr\/santoni-clement-42534-2\/#primaryimage\"},\"thumbnailUrl\":\"https:\/\/www.voustenshoes.com\/wp-content\/uploads\/2023\/06\/SANTONI-Clement-42534-8.png\",\"datePublished\":\"2026-03-25T09:45:53+00:00\",\"dateModified\":\"2026-04-21T02:03:12+00:00\",\"breadcrumb\":{\"@id\":\"https:\/\/www.voustenshoes.com\/fr\/santoni-clement-42534-2\/#breadcrumb\"},\"inLanguage\":\"fr-FR\",\"potentialAction\":[{\"@type\":\"ReadAction\",\"target\":[\"https:\/\/www.voustenshoes.com\/fr\/santoni-clement-42534-2\/\"]}]},{\"@type\":\"ImageObject\",\"inLanguage\":\"fr-FR\",\"@id\":\"https:\/\/www.voustenshoes.com\/fr\/santoni-clement-42534-2\/#primaryimage\",\"url\":\"https:\/\/www.voustenshoes.com\/wp-content\/uploads\/2023\/06\/SANTONI-Clement-42534-8.png\",\"contentUrl\":\"https:\/\/www.voustenshoes.com\/wp-content\/uploads\/2023\/06\/SANTONI-Clement-42534-8.png\",\"width\":1365,\"height\":1365},{\"@type\":\"BreadcrumbList\",\"@id\":\"https:\/\/www.voustenshoes.com\/fr\/santoni-clement-42534-2\/#breadcrumb\",\"itemListElement\":[{\"@type\":\"ListItem\",\"position\":1,\"name\":\"Home\",\"item\":\"https:\/\/www.voustenshoes.com\/fr\/\"},{\"@type\":\"ListItem\",\"position\":2,\"name\":\"Boutique\",\"item\":\"https:\/\/www.voustenshoes.com\/fr\/shop\/\"},{\"@type\":\"ListItem\",\"position\":3,\"name\":\"SANTONI &#8211; Cl\u00e9ment (42534)\"}]},{\"@type\":\"WebSite\",\"@id\":\"https:\/\/www.voustenshoes.com\/nl\/#website\",\"url\":\"https:\/\/www.voustenshoes.com\/nl\/\",\"name\":\"Vousten Shoes\",\"description\":\"\",\"potentialAction\":[{\"@type\":\"SearchAction\",\"target\":{\"@type\":\"EntryPoint\",\"urlTemplate\":\"https:\/\/www.voustenshoes.com\/nl\/?s={search_term_string}\"},\"query-input\":{\"@type\":\"PropertyValueSpecification\",\"valueRequired\":true,\"valueName\":\"search_term_string\"}}],\"inLanguage\":\"fr-FR\"}]}<\/script>\n<!-- \/ Yoast SEO plugin. -->","yoast_head_json":{"title":"SANTONI - Cl\u00e9ment (42534) - Vousten Shoes","robots":{"index":"index","follow":"follow","max-snippet":"max-snippet:-1","max-image-preview":"max-image-preview:large","max-video-preview":"max-video-preview:-1"},"canonical":"https:\/\/www.voustenshoes.com\/fr\/santoni-clement-42534-2\/","og_locale":"fr_FR","og_type":"article","og_title":"SANTONI - Cl\u00e9ment (42534) - Vousten Shoes","og_description":"Le confort sportif de cette sneaker, alli\u00e9 \u00e0 l&rsquo;\u00e9l\u00e9gance discr\u00e8te d&rsquo;une chaussure \u00e0 lacets intemporelle. Confectionn\u00e9e en cuir nubuck Carezza d&rsquo;une douceur et d&rsquo;une l\u00e9g\u00e8ret\u00e9 exceptionnelles, elle est trait\u00e9e \u00e0 la main avec le d\u00e9grad\u00e9 de couleurs Velatura et orn\u00e9e de subtiles surpiq\u00fbres Sigillo Arancio Santoni, la teinte orange embl\u00e9matique de la marque. Dot\u00e9e d&rsquo;une [...]","og_url":"https:\/\/www.voustenshoes.com\/fr\/santoni-clement-42534-2\/","og_site_name":"Vousten Shoes","article_modified_time":"2026-04-21T02:03:12+00:00","og_image":[{"width":1365,"height":1365,"url":"https:\/\/www.voustenshoes.com\/wp-content\/uploads\/2023\/06\/SANTONI-Clement-42534-8.png","type":"image\/png"}],"twitter_card":"summary_large_image","twitter_misc":{"Est. reading time":"1 minute"},"schema":{"@context":"https:\/\/schema.org","@graph":[{"@type":"WebPage","@id":"https:\/\/www.voustenshoes.com\/fr\/santoni-clement-42534-2\/","url":"https:\/\/www.voustenshoes.com\/fr\/santoni-clement-42534-2\/","name":"SANTONI - Cl\u00e9ment (42534) - Vousten Shoes","isPartOf":{"@id":"https:\/\/www.voustenshoes.com\/nl\/#website"},"primaryImageOfPage":{"@id":"https:\/\/www.voustenshoes.com\/fr\/santoni-clement-42534-2\/#primaryimage"},"image":{"@id":"https:\/\/www.voustenshoes.com\/fr\/santoni-clement-42534-2\/#primaryimage"},"thumbnailUrl":"https:\/\/www.voustenshoes.com\/wp-content\/uploads\/2023\/06\/SANTONI-Clement-42534-8.png","datePublished":"2026-03-25T09:45:53+00:00","dateModified":"2026-04-21T02:03:12+00:00","breadcrumb":{"@id":"https:\/\/www.voustenshoes.com\/fr\/santoni-clement-42534-2\/#breadcrumb"},"inLanguage":"fr-FR","potentialAction":[{"@type":"ReadAction","target":["https:\/\/www.voustenshoes.com\/fr\/santoni-clement-42534-2\/"]}]},{"@type":"ImageObject","inLanguage":"fr-FR","@id":"https:\/\/www.voustenshoes.com\/fr\/santoni-clement-42534-2\/#primaryimage","url":"https:\/\/www.voustenshoes.com\/wp-content\/uploads\/2023\/06\/SANTONI-Clement-42534-8.png","contentUrl":"https:\/\/www.voustenshoes.com\/wp-content\/uploads\/2023\/06\/SANTONI-Clement-42534-8.png","width":1365,"height":1365},{"@type":"BreadcrumbList","@id":"https:\/\/www.voustenshoes.com\/fr\/santoni-clement-42534-2\/#breadcrumb","itemListElement":[{"@type":"ListItem","position":1,"name":"Home","item":"https:\/\/www.voustenshoes.com\/fr\/"},{"@type":"ListItem","position":2,"name":"Boutique","item":"https:\/\/www.voustenshoes.com\/fr\/shop\/"},{"@type":"ListItem","position":3,"name":"SANTONI &#8211; Cl\u00e9ment (42534)"}]},{"@type":"WebSite","@id":"https:\/\/www.voustenshoes.com\/nl\/#website","url":"https:\/\/www.voustenshoes.com\/nl\/","name":"Vousten Shoes","description":"","potentialAction":[{"@type":"SearchAction","target":{"@type":"EntryPoint","urlTemplate":"https:\/\/www.voustenshoes.com\/nl\/?s={search_term_string}"},"query-input":{"@type":"PropertyValueSpecification","valueRequired":true,"valueName":"search_term_string"}}],"inLanguage":"fr-FR"}]}},"_links":{"self":[{"href":"https:\/\/www.voustenshoes.com\/fr\/wp-json\/wp\/v2\/product\/223756","targetHints":{"allow":["GET"]}}],"collection":[{"href":"https:\/\/www.voustenshoes.com\/fr\/wp-json\/wp\/v2\/product"}],"about":[{"href":"https:\/\/www.voustenshoes.com\/fr\/wp-json\/wp\/v2\/types\/product"}],"replies":[{"embeddable":true,"href":"https:\/\/www.voustenshoes.com\/fr\/wp-json\/wp\/v2\/comments?post=223756"}],"wp:featuredmedia":[{"embeddable":true,"href":"https:\/\/www.voustenshoes.com\/fr\/wp-json\/wp\/v2\/media\/223676"}],"wp:attachment":[{"href":"https:\/\/www.voustenshoes.com\/fr\/wp-json\/wp\/v2\/media?parent=223756"}],"wp:term":[{"taxonomy":"product_cat","embeddable":true,"href":"https:\/\/www.voustenshoes.com\/fr\/wp-json\/wp\/v2\/product_cat?post=223756"},{"taxonomy":"product_tag","embeddable":true,"href":"https:\/\/www.voustenshoes.com\/fr\/wp-json\/wp\/v2\/product_tag?post=223756"}],"curies":[{"name":"wp","href":"https:\/\/api.w.org\/{rel}","templated":true}]}}