{"id":224345,"date":"2026-05-08T17:29:46","date_gmt":"2026-05-08T15:29:46","guid":{"rendered":"https:\/\/www.voustenshoes.com\/santoni-clement-42533-3\/"},"modified":"2026-05-09T05:18:31","modified_gmt":"2026-05-09T03:18:31","slug":"santoni-clement-42533-3","status":"publish","type":"product","link":"https:\/\/www.voustenshoes.com\/fr\/santoni-clement-42533-3\/","title":{"rendered":"SANTONI &#8211; Clement (42533)"},"content":{"rendered":"<p>Le confort sportif de cette basket, associ\u00e9 \u00e0 l&rsquo;\u00e9l\u00e9gance sobre d&rsquo;une chaussure \u00e0 lacets intemporelle. La chaussure est confectionn\u00e9e en cuir nubuck Carezza exceptionnellement souple et l\u00e9ger, trait\u00e9 \u00e0 la main avec la finition Velatura \u00e0 d\u00e9grad\u00e9 de couleurs et rehauss\u00e9e d\u2019une subtile couture Sigillo en Arancio Santoni \u2013 la teinte orange caract\u00e9ristique. La chaussure est dot\u00e9e d\u2019une languette au talon et de lacets \u00e9lastiques, ce qui la rend facile \u00e0 enfiler et \u00e0 retirer.<\/p>\n<ul>\n<li>Fabriqu\u00e9e en cuir nubuck Carezza<\/li>\n<li>Trait\u00e9 avec la finition Velatura de Santoni<\/li>\n<li>Couleur : Camel<\/li>\n<li>Languette \u00e0 l&rsquo;arri\u00e8re<\/li>\n<li>Bout arrondi<\/li>\n<li>Lacets \u00e9lastiques<\/li>\n<li>Semelle cupsole en caoutchouc<\/li>\n<li>Surpiq\u00fbre Arancio Santoni Sigillo<\/li>\n<li>Lettres Santoni moul\u00e9es dans le profil<\/li>\n<li>Fabriqu\u00e9e \u00e0 la main en Italie<\/li>\n<li>MBNO22184TIRTFEHC16<\/li>\n<\/ul>\n","protected":false},"excerpt":{"rendered":"<p>Le confort sportif de cette basket, associ\u00e9 \u00e0 l&rsquo;\u00e9l\u00e9gance sobre d&rsquo;une chaussure \u00e0 lacets intemporelle. La chaussure est confectionn\u00e9e en cuir nubuck Carezza exceptionnellement souple et l\u00e9ger, trait\u00e9 \u00e0 la main avec la finition Velatura \u00e0 d\u00e9grad\u00e9 de couleurs et rehauss\u00e9e d\u2019une subtile couture Sigillo en Arancio Santoni \u2013 la teinte orange caract\u00e9ristique. La chaussure [&#8230;]\n","protected":false},"featured_media":224468,"comment_status":"open","ping_status":"closed","template":"","meta":{"rank_math_lock_modified_date":false},"product_cat":[1303,1350,1417,1114,1129,1136,1171,1176,1257,1272],"product_tag":[],"class_list":{"0":"post-224345","1":"product","2":"type-product","3":"status-publish","4":"has-post-thumbnail","6":"product_cat-lage-sneakers-fr","7":"product_cat-veterschoenen-fr","8":"product_cat-sneakers-instap-fr","9":"product_cat-lage-santoni-sneakers-en-2-fr","10":"product_cat-herenschoenen-nl-fr","11":"product_cat-heren-nl-fr","12":"product_cat-schoenen-nl-fr","13":"product_cat-santoni-nl-fr","14":"product_cat-veter-en-gespschoenen-nl-fr","15":"product_cat-sneakers-nl-fr","17":"first","18":"instock","19":"taxable","20":"shipping-taxable","21":"purchasable","22":"product-type-variable"},"acf":[],"yoast_head":"<!-- This site is optimized with the Yoast SEO plugin v23.9 - https:\/\/yoast.com\/wordpress\/plugins\/seo\/ -->\n<title>SANTONI - Clement (42533) - Vousten Shoes<\/title>\n<meta name=\"robots\" content=\"index, follow, max-snippet:-1, max-image-preview:large, max-video-preview:-1\" \/>\n<link rel=\"canonical\" href=\"https:\/\/www.voustenshoes.com\/fr\/santoni-clement-42533-3\/\" \/>\n<meta property=\"og:locale\" content=\"fr_FR\" \/>\n<meta property=\"og:type\" content=\"article\" \/>\n<meta property=\"og:title\" content=\"SANTONI - Clement (42533) - Vousten Shoes\" \/>\n<meta property=\"og:description\" content=\"Le confort sportif de cette basket, associ\u00e9 \u00e0 l&rsquo;\u00e9l\u00e9gance sobre d&rsquo;une chaussure \u00e0 lacets intemporelle. La chaussure est confectionn\u00e9e en cuir nubuck Carezza exceptionnellement souple et l\u00e9ger, trait\u00e9 \u00e0 la main avec la finition Velatura \u00e0 d\u00e9grad\u00e9 de couleurs et rehauss\u00e9e d\u2019une subtile couture Sigillo en Arancio Santoni \u2013 la teinte orange caract\u00e9ristique. La chaussure [...]\" \/>\n<meta property=\"og:url\" content=\"https:\/\/www.voustenshoes.com\/fr\/santoni-clement-42533-3\/\" \/>\n<meta property=\"og:site_name\" content=\"Vousten Shoes\" \/>\n<meta property=\"article:modified_time\" content=\"2026-05-09T03:18:31+00:00\" \/>\n<meta property=\"og:image\" content=\"https:\/\/www.voustenshoes.com\/wp-content\/uploads\/2023\/06\/SANTONI-42533-Clement.png\" \/>\n\t<meta property=\"og:image:width\" content=\"1365\" \/>\n\t<meta property=\"og:image:height\" content=\"1365\" \/>\n\t<meta property=\"og:image:type\" content=\"image\/png\" \/>\n<meta name=\"twitter:card\" content=\"summary_large_image\" \/>\n<meta name=\"twitter:label1\" content=\"Est. reading time\" \/>\n\t<meta name=\"twitter:data1\" content=\"1 minute\" \/>\n<script type=\"application\/ld+json\" class=\"yoast-schema-graph\">{\"@context\":\"https:\/\/schema.org\",\"@graph\":[{\"@type\":\"WebPage\",\"@id\":\"https:\/\/www.voustenshoes.com\/fr\/santoni-clement-42533-3\/\",\"url\":\"https:\/\/www.voustenshoes.com\/fr\/santoni-clement-42533-3\/\",\"name\":\"SANTONI - Clement (42533) - Vousten Shoes\",\"isPartOf\":{\"@id\":\"https:\/\/www.voustenshoes.com\/nl\/#website\"},\"primaryImageOfPage\":{\"@id\":\"https:\/\/www.voustenshoes.com\/fr\/santoni-clement-42533-3\/#primaryimage\"},\"image\":{\"@id\":\"https:\/\/www.voustenshoes.com\/fr\/santoni-clement-42533-3\/#primaryimage\"},\"thumbnailUrl\":\"https:\/\/www.voustenshoes.com\/wp-content\/uploads\/2023\/06\/42533.png\",\"datePublished\":\"2026-05-08T15:29:46+00:00\",\"dateModified\":\"2026-05-09T03:18:31+00:00\",\"breadcrumb\":{\"@id\":\"https:\/\/www.voustenshoes.com\/fr\/santoni-clement-42533-3\/#breadcrumb\"},\"inLanguage\":\"fr-FR\",\"potentialAction\":[{\"@type\":\"ReadAction\",\"target\":[\"https:\/\/www.voustenshoes.com\/fr\/santoni-clement-42533-3\/\"]}]},{\"@type\":\"ImageObject\",\"inLanguage\":\"fr-FR\",\"@id\":\"https:\/\/www.voustenshoes.com\/fr\/santoni-clement-42533-3\/#primaryimage\",\"url\":\"https:\/\/www.voustenshoes.com\/wp-content\/uploads\/2023\/06\/42533.png\",\"contentUrl\":\"https:\/\/www.voustenshoes.com\/wp-content\/uploads\/2023\/06\/42533.png\",\"width\":1365,\"height\":1365},{\"@type\":\"BreadcrumbList\",\"@id\":\"https:\/\/www.voustenshoes.com\/fr\/santoni-clement-42533-3\/#breadcrumb\",\"itemListElement\":[{\"@type\":\"ListItem\",\"position\":1,\"name\":\"Home\",\"item\":\"https:\/\/www.voustenshoes.com\/fr\/\"},{\"@type\":\"ListItem\",\"position\":2,\"name\":\"Boutique\",\"item\":\"https:\/\/www.voustenshoes.com\/fr\/shop\/\"},{\"@type\":\"ListItem\",\"position\":3,\"name\":\"SANTONI &#8211; Clement (42533)\"}]},{\"@type\":\"WebSite\",\"@id\":\"https:\/\/www.voustenshoes.com\/nl\/#website\",\"url\":\"https:\/\/www.voustenshoes.com\/nl\/\",\"name\":\"Vousten Shoes\",\"description\":\"\",\"potentialAction\":[{\"@type\":\"SearchAction\",\"target\":{\"@type\":\"EntryPoint\",\"urlTemplate\":\"https:\/\/www.voustenshoes.com\/nl\/?s={search_term_string}\"},\"query-input\":{\"@type\":\"PropertyValueSpecification\",\"valueRequired\":true,\"valueName\":\"search_term_string\"}}],\"inLanguage\":\"fr-FR\"}]}<\/script>\n<!-- \/ Yoast SEO plugin. -->","yoast_head_json":{"title":"SANTONI - Clement (42533) - Vousten Shoes","robots":{"index":"index","follow":"follow","max-snippet":"max-snippet:-1","max-image-preview":"max-image-preview:large","max-video-preview":"max-video-preview:-1"},"canonical":"https:\/\/www.voustenshoes.com\/fr\/santoni-clement-42533-3\/","og_locale":"fr_FR","og_type":"article","og_title":"SANTONI - Clement (42533) - Vousten Shoes","og_description":"Le confort sportif de cette basket, associ\u00e9 \u00e0 l&rsquo;\u00e9l\u00e9gance sobre d&rsquo;une chaussure \u00e0 lacets intemporelle. La chaussure est confectionn\u00e9e en cuir nubuck Carezza exceptionnellement souple et l\u00e9ger, trait\u00e9 \u00e0 la main avec la finition Velatura \u00e0 d\u00e9grad\u00e9 de couleurs et rehauss\u00e9e d\u2019une subtile couture Sigillo en Arancio Santoni \u2013 la teinte orange caract\u00e9ristique. La chaussure [...]","og_url":"https:\/\/www.voustenshoes.com\/fr\/santoni-clement-42533-3\/","og_site_name":"Vousten Shoes","article_modified_time":"2026-05-09T03:18:31+00:00","og_image":[{"width":1365,"height":1365,"url":"https:\/\/www.voustenshoes.com\/wp-content\/uploads\/2023\/06\/SANTONI-42533-Clement.png","type":"image\/png"}],"twitter_card":"summary_large_image","twitter_misc":{"Est. reading time":"1 minute"},"schema":{"@context":"https:\/\/schema.org","@graph":[{"@type":"WebPage","@id":"https:\/\/www.voustenshoes.com\/fr\/santoni-clement-42533-3\/","url":"https:\/\/www.voustenshoes.com\/fr\/santoni-clement-42533-3\/","name":"SANTONI - Clement (42533) - Vousten Shoes","isPartOf":{"@id":"https:\/\/www.voustenshoes.com\/nl\/#website"},"primaryImageOfPage":{"@id":"https:\/\/www.voustenshoes.com\/fr\/santoni-clement-42533-3\/#primaryimage"},"image":{"@id":"https:\/\/www.voustenshoes.com\/fr\/santoni-clement-42533-3\/#primaryimage"},"thumbnailUrl":"https:\/\/www.voustenshoes.com\/wp-content\/uploads\/2023\/06\/42533.png","datePublished":"2026-05-08T15:29:46+00:00","dateModified":"2026-05-09T03:18:31+00:00","breadcrumb":{"@id":"https:\/\/www.voustenshoes.com\/fr\/santoni-clement-42533-3\/#breadcrumb"},"inLanguage":"fr-FR","potentialAction":[{"@type":"ReadAction","target":["https:\/\/www.voustenshoes.com\/fr\/santoni-clement-42533-3\/"]}]},{"@type":"ImageObject","inLanguage":"fr-FR","@id":"https:\/\/www.voustenshoes.com\/fr\/santoni-clement-42533-3\/#primaryimage","url":"https:\/\/www.voustenshoes.com\/wp-content\/uploads\/2023\/06\/42533.png","contentUrl":"https:\/\/www.voustenshoes.com\/wp-content\/uploads\/2023\/06\/42533.png","width":1365,"height":1365},{"@type":"BreadcrumbList","@id":"https:\/\/www.voustenshoes.com\/fr\/santoni-clement-42533-3\/#breadcrumb","itemListElement":[{"@type":"ListItem","position":1,"name":"Home","item":"https:\/\/www.voustenshoes.com\/fr\/"},{"@type":"ListItem","position":2,"name":"Boutique","item":"https:\/\/www.voustenshoes.com\/fr\/shop\/"},{"@type":"ListItem","position":3,"name":"SANTONI &#8211; Clement (42533)"}]},{"@type":"WebSite","@id":"https:\/\/www.voustenshoes.com\/nl\/#website","url":"https:\/\/www.voustenshoes.com\/nl\/","name":"Vousten Shoes","description":"","potentialAction":[{"@type":"SearchAction","target":{"@type":"EntryPoint","urlTemplate":"https:\/\/www.voustenshoes.com\/nl\/?s={search_term_string}"},"query-input":{"@type":"PropertyValueSpecification","valueRequired":true,"valueName":"search_term_string"}}],"inLanguage":"fr-FR"}]}},"_links":{"self":[{"href":"https:\/\/www.voustenshoes.com\/fr\/wp-json\/wp\/v2\/product\/224345","targetHints":{"allow":["GET"]}}],"collection":[{"href":"https:\/\/www.voustenshoes.com\/fr\/wp-json\/wp\/v2\/product"}],"about":[{"href":"https:\/\/www.voustenshoes.com\/fr\/wp-json\/wp\/v2\/types\/product"}],"replies":[{"embeddable":true,"href":"https:\/\/www.voustenshoes.com\/fr\/wp-json\/wp\/v2\/comments?post=224345"}],"wp:featuredmedia":[{"embeddable":true,"href":"https:\/\/www.voustenshoes.com\/fr\/wp-json\/wp\/v2\/media\/224468"}],"wp:attachment":[{"href":"https:\/\/www.voustenshoes.com\/fr\/wp-json\/wp\/v2\/media?parent=224345"}],"wp:term":[{"taxonomy":"product_cat","embeddable":true,"href":"https:\/\/www.voustenshoes.com\/fr\/wp-json\/wp\/v2\/product_cat?post=224345"},{"taxonomy":"product_tag","embeddable":true,"href":"https:\/\/www.voustenshoes.com\/fr\/wp-json\/wp\/v2\/product_tag?post=224345"}],"curies":[{"name":"wp","href":"https:\/\/api.w.org\/{rel}","templated":true}]}}