{"id":224554,"date":"2026-05-11T19:11:59","date_gmt":"2026-05-11T17:11:59","guid":{"rendered":"https:\/\/www.voustenshoes.com\/santoni-ceinture-en-cuir-marron-35cm-42540\/"},"modified":"2026-05-12T05:45:10","modified_gmt":"2026-05-12T03:45:10","slug":"santoni-ceinture-en-cuir-marron-35cm-42540","status":"publish","type":"product","link":"https:\/\/www.voustenshoes.com\/fr\/santoni-ceinture-en-cuir-marron-35cm-42540\/","title":{"rendered":"SANTONI &#8211; Ceinture en cuir marron 3,5cm (42540)"},"content":{"rendered":"<h3>Ceinture Santoni en cuir marron avec diff\u00e9rentes nuances de marron.<\/h3>\n<p>La palette de couleurs signifie que cette ceinture peut \u00eatre combin\u00e9e avec de nombreuses chaussures marron.<\/p>\n<p>Cette ceinture en cuir de veau dans l&rsquo;\u00e9tat le plus authentique, non enduit, non pigment\u00e9 et enti\u00e8rement naturel. Il est teint \u00e0 la main avec les diff\u00e9rentes nuances de la finition Velatura et pr\u00e9sente des coutures en cuir \u00e9galement cousues \u00e0 la main par des artisans experts. Une marque de perfection indubitable accord\u00e9e aux cr\u00e9ations les plus pris\u00e9es de Santoni. Un ajout intelligent aux jeans et aux chinos, avec une fermeture \u00e0 boucle carr\u00e9e en m\u00e9tal.<\/p>\n<ul>\n<li>Fabriqu\u00e9 \u00e0 la main en Italie.<\/li>\n<li>3,5 cm de large.<\/li>\n<li>La longueur standard est de 110 cm<\/li>\n<li>La boucle est de couleur or clair, pas enti\u00e8rement dor\u00e9e.<\/li>\n<li>Facile \u00e0 r\u00e9gler en longueur \u00e0 l&rsquo;aide d&rsquo;une vis.<\/li>\n<li>Num\u00e9ro d&rsquo;article CM35VC003B91HVVDC79<\/li>\n<li>Nous serons heureux de raccourcir la ceinture pour vous, nous vous contacterons (une ceinture plus courte ne peut cependant pas \u00eatre retourn\u00e9e).<\/li>\n<\/ul>\n","protected":false},"excerpt":{"rendered":"<p>Ceinture Santoni en cuir marron avec diff\u00e9rentes nuances de marron. La palette de couleurs signifie que cette ceinture peut \u00eatre combin\u00e9e avec de nombreuses chaussures marron. Cette ceinture en cuir de veau dans l&rsquo;\u00e9tat le plus authentique, non enduit, non pigment\u00e9 et enti\u00e8rement naturel. Il est teint \u00e0 la main avec les diff\u00e9rentes nuances de [&#8230;]\n","protected":false},"featured_media":224530,"comment_status":"open","ping_status":"closed","template":"","meta":{"rank_math_lock_modified_date":false},"product_cat":[1110,1136,1176,1185],"product_tag":[],"class_list":{"0":"post-224554","1":"product","2":"type-product","3":"status-publish","4":"has-post-thumbnail","6":"product_cat-accessoires-nl-fr","7":"product_cat-heren-nl-fr","8":"product_cat-santoni-nl-fr","9":"product_cat-riemen-nl-fr","11":"first","12":"instock","13":"taxable","14":"shipping-taxable","15":"purchasable","16":"product-type-variable"},"acf":[],"yoast_head":"<!-- This site is optimized with the Yoast SEO plugin v23.9 - https:\/\/yoast.com\/wordpress\/plugins\/seo\/ -->\n<title>SANTONI - Ceinture en cuir marron 3,5cm (42540) - Vousten Shoes<\/title>\n<meta name=\"robots\" content=\"index, follow, max-snippet:-1, max-image-preview:large, max-video-preview:-1\" \/>\n<link rel=\"canonical\" href=\"https:\/\/www.voustenshoes.com\/fr\/santoni-ceinture-en-cuir-marron-35cm-42540\/\" \/>\n<meta property=\"og:locale\" content=\"fr_FR\" \/>\n<meta property=\"og:type\" content=\"article\" \/>\n<meta property=\"og:title\" content=\"SANTONI - Ceinture en cuir marron 3,5cm (42540) - Vousten Shoes\" \/>\n<meta property=\"og:description\" content=\"Ceinture Santoni en cuir marron avec diff\u00e9rentes nuances de marron. La palette de couleurs signifie que cette ceinture peut \u00eatre combin\u00e9e avec de nombreuses chaussures marron. Cette ceinture en cuir de veau dans l&rsquo;\u00e9tat le plus authentique, non enduit, non pigment\u00e9 et enti\u00e8rement naturel. Il est teint \u00e0 la main avec les diff\u00e9rentes nuances de [...]\" \/>\n<meta property=\"og:url\" content=\"https:\/\/www.voustenshoes.com\/fr\/santoni-ceinture-en-cuir-marron-35cm-42540\/\" \/>\n<meta property=\"og:site_name\" content=\"Vousten Shoes\" \/>\n<meta property=\"article:modified_time\" content=\"2026-05-12T03:45:10+00:00\" \/>\n<meta property=\"og:image\" content=\"https:\/\/www.voustenshoes.com\/wp-content\/uploads\/2023\/06\/SANTONI-Ceintuur-leer-bruin-35cm-42540.png\" \/>\n\t<meta property=\"og:image:width\" content=\"1365\" \/>\n\t<meta property=\"og:image:height\" content=\"1365\" \/>\n\t<meta property=\"og:image:type\" content=\"image\/png\" \/>\n<meta name=\"twitter:card\" content=\"summary_large_image\" \/>\n<meta name=\"twitter:label1\" content=\"Est. reading time\" \/>\n\t<meta name=\"twitter:data1\" content=\"1 minute\" \/>\n<script type=\"application\/ld+json\" class=\"yoast-schema-graph\">{\"@context\":\"https:\/\/schema.org\",\"@graph\":[{\"@type\":\"WebPage\",\"@id\":\"https:\/\/www.voustenshoes.com\/fr\/santoni-ceinture-en-cuir-marron-35cm-42540\/\",\"url\":\"https:\/\/www.voustenshoes.com\/fr\/santoni-ceinture-en-cuir-marron-35cm-42540\/\",\"name\":\"SANTONI - Ceinture en cuir marron 3,5cm (42540) - Vousten Shoes\",\"isPartOf\":{\"@id\":\"https:\/\/www.voustenshoes.com\/nl\/#website\"},\"primaryImageOfPage\":{\"@id\":\"https:\/\/www.voustenshoes.com\/fr\/santoni-ceinture-en-cuir-marron-35cm-42540\/#primaryimage\"},\"image\":{\"@id\":\"https:\/\/www.voustenshoes.com\/fr\/santoni-ceinture-en-cuir-marron-35cm-42540\/#primaryimage\"},\"thumbnailUrl\":\"https:\/\/www.voustenshoes.com\/wp-content\/uploads\/2023\/06\/SANTONI-Ceintuur-leer-bruin-35cm-42540.png\",\"datePublished\":\"2026-05-11T17:11:59+00:00\",\"dateModified\":\"2026-05-12T03:45:10+00:00\",\"breadcrumb\":{\"@id\":\"https:\/\/www.voustenshoes.com\/fr\/santoni-ceinture-en-cuir-marron-35cm-42540\/#breadcrumb\"},\"inLanguage\":\"fr-FR\",\"potentialAction\":[{\"@type\":\"ReadAction\",\"target\":[\"https:\/\/www.voustenshoes.com\/fr\/santoni-ceinture-en-cuir-marron-35cm-42540\/\"]}]},{\"@type\":\"ImageObject\",\"inLanguage\":\"fr-FR\",\"@id\":\"https:\/\/www.voustenshoes.com\/fr\/santoni-ceinture-en-cuir-marron-35cm-42540\/#primaryimage\",\"url\":\"https:\/\/www.voustenshoes.com\/wp-content\/uploads\/2023\/06\/SANTONI-Ceintuur-leer-bruin-35cm-42540.png\",\"contentUrl\":\"https:\/\/www.voustenshoes.com\/wp-content\/uploads\/2023\/06\/SANTONI-Ceintuur-leer-bruin-35cm-42540.png\",\"width\":1365,\"height\":1365},{\"@type\":\"BreadcrumbList\",\"@id\":\"https:\/\/www.voustenshoes.com\/fr\/santoni-ceinture-en-cuir-marron-35cm-42540\/#breadcrumb\",\"itemListElement\":[{\"@type\":\"ListItem\",\"position\":1,\"name\":\"Home\",\"item\":\"https:\/\/www.voustenshoes.com\/fr\/\"},{\"@type\":\"ListItem\",\"position\":2,\"name\":\"Boutique\",\"item\":\"https:\/\/www.voustenshoes.com\/fr\/shop\/\"},{\"@type\":\"ListItem\",\"position\":3,\"name\":\"SANTONI &#8211; Ceinture en cuir marron 3,5cm (42540)\"}]},{\"@type\":\"WebSite\",\"@id\":\"https:\/\/www.voustenshoes.com\/nl\/#website\",\"url\":\"https:\/\/www.voustenshoes.com\/nl\/\",\"name\":\"Vousten Shoes\",\"description\":\"\",\"potentialAction\":[{\"@type\":\"SearchAction\",\"target\":{\"@type\":\"EntryPoint\",\"urlTemplate\":\"https:\/\/www.voustenshoes.com\/nl\/?s={search_term_string}\"},\"query-input\":{\"@type\":\"PropertyValueSpecification\",\"valueRequired\":true,\"valueName\":\"search_term_string\"}}],\"inLanguage\":\"fr-FR\"}]}<\/script>\n<!-- \/ Yoast SEO plugin. -->","yoast_head_json":{"title":"SANTONI - Ceinture en cuir marron 3,5cm (42540) - Vousten Shoes","robots":{"index":"index","follow":"follow","max-snippet":"max-snippet:-1","max-image-preview":"max-image-preview:large","max-video-preview":"max-video-preview:-1"},"canonical":"https:\/\/www.voustenshoes.com\/fr\/santoni-ceinture-en-cuir-marron-35cm-42540\/","og_locale":"fr_FR","og_type":"article","og_title":"SANTONI - Ceinture en cuir marron 3,5cm (42540) - Vousten Shoes","og_description":"Ceinture Santoni en cuir marron avec diff\u00e9rentes nuances de marron. La palette de couleurs signifie que cette ceinture peut \u00eatre combin\u00e9e avec de nombreuses chaussures marron. Cette ceinture en cuir de veau dans l&rsquo;\u00e9tat le plus authentique, non enduit, non pigment\u00e9 et enti\u00e8rement naturel. Il est teint \u00e0 la main avec les diff\u00e9rentes nuances de [...]","og_url":"https:\/\/www.voustenshoes.com\/fr\/santoni-ceinture-en-cuir-marron-35cm-42540\/","og_site_name":"Vousten Shoes","article_modified_time":"2026-05-12T03:45:10+00:00","og_image":[{"width":1365,"height":1365,"url":"https:\/\/www.voustenshoes.com\/wp-content\/uploads\/2023\/06\/SANTONI-Ceintuur-leer-bruin-35cm-42540.png","type":"image\/png"}],"twitter_card":"summary_large_image","twitter_misc":{"Est. reading time":"1 minute"},"schema":{"@context":"https:\/\/schema.org","@graph":[{"@type":"WebPage","@id":"https:\/\/www.voustenshoes.com\/fr\/santoni-ceinture-en-cuir-marron-35cm-42540\/","url":"https:\/\/www.voustenshoes.com\/fr\/santoni-ceinture-en-cuir-marron-35cm-42540\/","name":"SANTONI - Ceinture en cuir marron 3,5cm (42540) - Vousten Shoes","isPartOf":{"@id":"https:\/\/www.voustenshoes.com\/nl\/#website"},"primaryImageOfPage":{"@id":"https:\/\/www.voustenshoes.com\/fr\/santoni-ceinture-en-cuir-marron-35cm-42540\/#primaryimage"},"image":{"@id":"https:\/\/www.voustenshoes.com\/fr\/santoni-ceinture-en-cuir-marron-35cm-42540\/#primaryimage"},"thumbnailUrl":"https:\/\/www.voustenshoes.com\/wp-content\/uploads\/2023\/06\/SANTONI-Ceintuur-leer-bruin-35cm-42540.png","datePublished":"2026-05-11T17:11:59+00:00","dateModified":"2026-05-12T03:45:10+00:00","breadcrumb":{"@id":"https:\/\/www.voustenshoes.com\/fr\/santoni-ceinture-en-cuir-marron-35cm-42540\/#breadcrumb"},"inLanguage":"fr-FR","potentialAction":[{"@type":"ReadAction","target":["https:\/\/www.voustenshoes.com\/fr\/santoni-ceinture-en-cuir-marron-35cm-42540\/"]}]},{"@type":"ImageObject","inLanguage":"fr-FR","@id":"https:\/\/www.voustenshoes.com\/fr\/santoni-ceinture-en-cuir-marron-35cm-42540\/#primaryimage","url":"https:\/\/www.voustenshoes.com\/wp-content\/uploads\/2023\/06\/SANTONI-Ceintuur-leer-bruin-35cm-42540.png","contentUrl":"https:\/\/www.voustenshoes.com\/wp-content\/uploads\/2023\/06\/SANTONI-Ceintuur-leer-bruin-35cm-42540.png","width":1365,"height":1365},{"@type":"BreadcrumbList","@id":"https:\/\/www.voustenshoes.com\/fr\/santoni-ceinture-en-cuir-marron-35cm-42540\/#breadcrumb","itemListElement":[{"@type":"ListItem","position":1,"name":"Home","item":"https:\/\/www.voustenshoes.com\/fr\/"},{"@type":"ListItem","position":2,"name":"Boutique","item":"https:\/\/www.voustenshoes.com\/fr\/shop\/"},{"@type":"ListItem","position":3,"name":"SANTONI &#8211; Ceinture en cuir marron 3,5cm (42540)"}]},{"@type":"WebSite","@id":"https:\/\/www.voustenshoes.com\/nl\/#website","url":"https:\/\/www.voustenshoes.com\/nl\/","name":"Vousten Shoes","description":"","potentialAction":[{"@type":"SearchAction","target":{"@type":"EntryPoint","urlTemplate":"https:\/\/www.voustenshoes.com\/nl\/?s={search_term_string}"},"query-input":{"@type":"PropertyValueSpecification","valueRequired":true,"valueName":"search_term_string"}}],"inLanguage":"fr-FR"}]}},"_links":{"self":[{"href":"https:\/\/www.voustenshoes.com\/fr\/wp-json\/wp\/v2\/product\/224554","targetHints":{"allow":["GET"]}}],"collection":[{"href":"https:\/\/www.voustenshoes.com\/fr\/wp-json\/wp\/v2\/product"}],"about":[{"href":"https:\/\/www.voustenshoes.com\/fr\/wp-json\/wp\/v2\/types\/product"}],"replies":[{"embeddable":true,"href":"https:\/\/www.voustenshoes.com\/fr\/wp-json\/wp\/v2\/comments?post=224554"}],"wp:featuredmedia":[{"embeddable":true,"href":"https:\/\/www.voustenshoes.com\/fr\/wp-json\/wp\/v2\/media\/224530"}],"wp:attachment":[{"href":"https:\/\/www.voustenshoes.com\/fr\/wp-json\/wp\/v2\/media?parent=224554"}],"wp:term":[{"taxonomy":"product_cat","embeddable":true,"href":"https:\/\/www.voustenshoes.com\/fr\/wp-json\/wp\/v2\/product_cat?post=224554"},{"taxonomy":"product_tag","embeddable":true,"href":"https:\/\/www.voustenshoes.com\/fr\/wp-json\/wp\/v2\/product_tag?post=224554"}],"curies":[{"name":"wp","href":"https:\/\/api.w.org\/{rel}","templated":true}]}}